{"id":17,"date":"2020-12-08T05:57:23","date_gmt":"2020-12-08T05:57:23","guid":{"rendered":"http:\/\/blogs.sld.cu\/hipertensionarterial\/?page_id=17"},"modified":"2020-12-11T07:37:30","modified_gmt":"2020-12-11T07:37:30","slug":"hipertension-arterial","status":"publish","type":"page","link":"https:\/\/blogs.sld.cu\/hipertensionarterial\/hipertension-arterial\/","title":{"rendered":"Hipertensi\u00f3n arterial"},"content":{"rendered":"<p><span style=\"font-size: 12pt\">La hipertensi\u00f3n arterial es uno de los factores m\u00e1s importantes que inciden en la mortalidad por enfermedades cardiovasculares y cerebrovasculares. Est\u00e1 suficientemente probado que existe una relaci\u00f3n continua e independiente de otros factores de riesgo, entre los valores de presi\u00f3n arterial y las complicaciones cardiovasculares y renales, lo que se cumple para todas las edades y todos los grupos \u00e9tnicos.<\/span><\/p>\n<p><span style=\"font-size: 12pt\">La hipertensi\u00f3n arterial es definida como la elevaci\u00f3n de la presi\u00f3n arterial sist\u00f3lica a 140 mmHg o m\u00e1s, o presi\u00f3n arterial diast\u00f3lica a 90 mmHg o m\u00e1s, o ambos valores inclusive. Esta definici\u00f3n es aplicable para los adultos. En los ni\u00f1os est\u00e1n definidas, seg\u00fan su edad, sexo y talla, otras cifras o valores de la presi\u00f3n arterial.<\/span><\/p>\n<p><span style=\"font-size: 12pt\">\u00a0<\/span><\/p>\n<p><span style=\"font-size: 12pt\">\u00a0<\/span><\/p>\n","protected":false},"excerpt":{"rendered":"<p>La hipertensi\u00f3n arterial es uno de los factores m\u00e1s importantes que inciden en la mortalidad por enfermedades cardiovasculares y cerebrovasculares. Est\u00e1 suficientemente probado que existe una relaci\u00f3n continua e independiente de otros factores de riesgo, entre los valores de presi\u00f3n arterial y las complicaciones cardiovasculares y renales, lo que se cumple para todas las edades [&hellip;]<\/p>\n","protected":false},"author":208,"featured_media":0,"parent":0,"menu_order":0,"comment_status":"closed","ping_status":"closed","template":"","meta":[],"_links":{"self":[{"href":"https:\/\/blogs.sld.cu\/hipertensionarterial\/wp-json\/wp\/v2\/pages\/17"}],"collection":[{"href":"https:\/\/blogs.sld.cu\/hipertensionarterial\/wp-json\/wp\/v2\/pages"}],"about":[{"href":"https:\/\/blogs.sld.cu\/hipertensionarterial\/wp-json\/wp\/v2\/types\/page"}],"author":[{"embeddable":true,"href":"https:\/\/blogs.sld.cu\/hipertensionarterial\/wp-json\/wp\/v2\/users\/208"}],"replies":[{"embeddable":true,"href":"https:\/\/blogs.sld.cu\/hipertensionarterial\/wp-json\/wp\/v2\/comments?post=17"}],"version-history":[{"count":4,"href":"https:\/\/blogs.sld.cu\/hipertensionarterial\/wp-json\/wp\/v2\/pages\/17\/revisions"}],"predecessor-version":[{"id":91,"href":"https:\/\/blogs.sld.cu\/hipertensionarterial\/wp-json\/wp\/v2\/pages\/17\/revisions\/91"}],"wp:attachment":[{"href":"https:\/\/blogs.sld.cu\/hipertensionarterial\/wp-json\/wp\/v2\/media?parent=17"}],"curies":[{"name":"wp","href":"https:\/\/api.w.org\/{rel}","templated":true}]}}