{"id":19,"date":"2020-12-08T06:04:31","date_gmt":"2020-12-08T06:04:31","guid":{"rendered":"http:\/\/blogs.sld.cu\/hipertensionarterial\/?page_id=19"},"modified":"2020-12-30T22:33:01","modified_gmt":"2020-12-30T22:33:01","slug":"causassintomas","status":"publish","type":"page","link":"https:\/\/blogs.sld.cu\/hipertensionarterial\/causassintomas\/","title":{"rendered":"Causas\/S\u00edntomas"},"content":{"rendered":"<p style=\"background: white;margin: 7.5pt 0cm 7.5pt 0cm\"><span style=\"font-family: 'Arial','sans-serif';color: #707070\">La\u00a0<strong><span style=\"font-family: 'Arial','sans-serif'\">Hipertensi\u00f3n Arterial Esencial o Primaria<\/span><\/strong>, engloba, entre el 90 y el 95 % de los pacientes hipertensos, y se denomina as\u00ed, ya que no existe una causa espec\u00edfica para la misma.<\/span><\/p>\n<p style=\"background: white;margin: 7.5pt 0cm 7.5pt 0cm\"><span style=\"font-family: 'Arial','sans-serif';color: #707070\">La\u00a0<strong><span style=\"font-family: 'Arial','sans-serif'\">Hipertensi\u00f3n Arterial Secundaria,<\/span><\/strong>\u00a0es aquella en la que existe una causa, siendo la m\u00e1s frecuente, la\u00a0<strong><span style=\"font-family: 'Arial','sans-serif'\">diabetes mellitus.\u00a0<\/span><\/strong>\u00a0Otras causas serian: el hipertiroidismo e hipotiroidismo, la acromegalia, el s\u00edndrome de Cushing,\u00a0 y el feocromocitoma entre otras enfermedades.<\/span><\/p>\n<p style=\"background: white;margin: 7.5pt 0cm 7.5pt 0cm\"><a href=\"http:\/\/blogs.sld.cu\/hipertensionarterial\/files\/2020\/12\/mareo.jpg\"><img loading=\"lazy\" class=\"alignnone size-medium wp-image-102\" src=\"http:\/\/blogs.sld.cu\/hipertensionarterial\/files\/2020\/12\/mareo-300x194.jpg\" alt=\"mareo\" width=\"300\" height=\"194\" srcset=\"https:\/\/blogs.sld.cu\/hipertensionarterial\/files\/2020\/12\/mareo-300x194.jpg 300w, https:\/\/blogs.sld.cu\/hipertensionarterial\/files\/2020\/12\/mareo-250x162.jpg 250w, https:\/\/blogs.sld.cu\/hipertensionarterial\/files\/2020\/12\/mareo.jpg 351w\" sizes=\"(max-width: 300px) 100vw, 300px\" \/><\/a><\/p>\n<p style=\"background: white;margin: 7.5pt 0cm 7.5pt 0cm\"><span style=\"font-family: 'Arial','sans-serif';color: #707070\">La Hipertension Arterial es casi siempre\u00a0<strong><span style=\"font-family: 'Arial','sans-serif'\">asintom\u00e1tica<\/span><\/strong>, y se dice que el s\u00edntoma m\u00e1s frecuente de esta enfermedad, es la ausencia de s\u00edntomas.<\/span><\/p>\n<p style=\"background: white;margin: 7.5pt 0cm 7.5pt 0cm\"><span style=\"font-family: 'Arial','sans-serif';color: #707070\">Los\u00a0<strong><span style=\"font-family: 'Arial','sans-serif'\">s\u00edntomas<\/span><\/strong>\u00a0m\u00e1s frecuentes son:\u00a0<strong><span style=\"font-family: 'Arial','sans-serif'\">mareos, visi\u00f3n borrosa, dolor de cabeza,\u00a0 zumbido de o\u00eddos, sangramiento por la nariz, dolor en el pecho y palpitaciones.<\/span><\/strong><\/span><\/p>\n<p>&nbsp;<\/p>\n<p><span style=\"font-size: 12pt\">Los <strong>s\u00edntomas<\/strong> m\u00e1s frecuentes son:\u00a0 <strong>mareos, vision borrosa, dolor de cabeza,\u00a0 zumbido de oidos, sangramiento por la nariz, dolor en el pecho y palpitaciones.<\/strong><\/span><\/p>\n<p><a href=\"http:\/\/blogs.sld.cu\/hipertensionarterial\/files\/2020\/12\/visionborrosa.jpg\"><img loading=\"lazy\" class=\"alignnone size-medium wp-image-103\" src=\"http:\/\/blogs.sld.cu\/hipertensionarterial\/files\/2020\/12\/visionborrosa-300x201.jpg\" alt=\"visionborrosa\" width=\"300\" height=\"201\" srcset=\"https:\/\/blogs.sld.cu\/hipertensionarterial\/files\/2020\/12\/visionborrosa-300x201.jpg 300w, https:\/\/blogs.sld.cu\/hipertensionarterial\/files\/2020\/12\/visionborrosa-250x167.jpg 250w, https:\/\/blogs.sld.cu\/hipertensionarterial\/files\/2020\/12\/visionborrosa.jpg 336w\" sizes=\"(max-width: 300px) 100vw, 300px\" \/><\/a><\/p>\n<p>&nbsp;<\/p>\n","protected":false},"excerpt":{"rendered":"<p>La\u00a0Hipertensi\u00f3n Arterial Esencial o Primaria, engloba, entre el 90 y el 95 % de los pacientes hipertensos, y se denomina as\u00ed, ya que no existe una causa espec\u00edfica para la misma. La\u00a0Hipertensi\u00f3n Arterial Secundaria,\u00a0es aquella en la que existe una causa, siendo la m\u00e1s frecuente, la\u00a0diabetes mellitus.\u00a0\u00a0Otras causas serian: el hipertiroidismo e hipotiroidismo, la acromegalia, [&hellip;]<\/p>\n","protected":false},"author":208,"featured_media":0,"parent":0,"menu_order":0,"comment_status":"closed","ping_status":"closed","template":"","meta":[],"_links":{"self":[{"href":"https:\/\/blogs.sld.cu\/hipertensionarterial\/wp-json\/wp\/v2\/pages\/19"}],"collection":[{"href":"https:\/\/blogs.sld.cu\/hipertensionarterial\/wp-json\/wp\/v2\/pages"}],"about":[{"href":"https:\/\/blogs.sld.cu\/hipertensionarterial\/wp-json\/wp\/v2\/types\/page"}],"author":[{"embeddable":true,"href":"https:\/\/blogs.sld.cu\/hipertensionarterial\/wp-json\/wp\/v2\/users\/208"}],"replies":[{"embeddable":true,"href":"https:\/\/blogs.sld.cu\/hipertensionarterial\/wp-json\/wp\/v2\/comments?post=19"}],"version-history":[{"count":15,"href":"https:\/\/blogs.sld.cu\/hipertensionarterial\/wp-json\/wp\/v2\/pages\/19\/revisions"}],"predecessor-version":[{"id":136,"href":"https:\/\/blogs.sld.cu\/hipertensionarterial\/wp-json\/wp\/v2\/pages\/19\/revisions\/136"}],"wp:attachment":[{"href":"https:\/\/blogs.sld.cu\/hipertensionarterial\/wp-json\/wp\/v2\/media?parent=19"}],"curies":[{"name":"wp","href":"https:\/\/api.w.org\/{rel}","templated":true}]}}