{"id":21,"date":"2020-12-08T06:07:54","date_gmt":"2020-12-08T06:07:54","guid":{"rendered":"http:\/\/blogs.sld.cu\/hipertensionarterial\/?page_id=21"},"modified":"2020-12-30T22:34:40","modified_gmt":"2020-12-30T22:34:40","slug":"diagnosticotratamientos","status":"publish","type":"page","link":"https:\/\/blogs.sld.cu\/hipertensionarterial\/diagnosticotratamientos\/","title":{"rendered":"Diagn\u00f3stico\/Tratamiento"},"content":{"rendered":"<h2>Medici\u00f3n de la presion arterial<\/h2>\n<p><span style=\"font-size: 12pt\">El paciente descansar\u00e1 5 min. antes de que se le mida la presi\u00f3n arterial y no debe haber realizado ejercicios f\u00edsicos intensos, fumado o ingerido comida, cafe\u00edna o bebidas alcoh\u00f3licas por lo menos 30 min antes de la medici\u00f3n.<\/span><\/p>\n<p><span style=\"font-size: 12pt\"><a href=\"http:\/\/blogs.sld.cu\/hipertensionarterial\/files\/2020\/12\/prension-arterialseeeeeeeee.jpg\"><img loading=\"lazy\" class=\"alignnone size-medium wp-image-96\" src=\"http:\/\/blogs.sld.cu\/hipertensionarterial\/files\/2020\/12\/prension-arterialseeeeeeeee-300x173.jpg\" alt=\"prension arterialseeeeeeeee\" width=\"300\" height=\"173\" srcset=\"https:\/\/blogs.sld.cu\/hipertensionarterial\/files\/2020\/12\/prension-arterialseeeeeeeee-300x173.jpg 300w, https:\/\/blogs.sld.cu\/hipertensionarterial\/files\/2020\/12\/prension-arterialseeeeeeeee-250x144.jpg 250w, https:\/\/blogs.sld.cu\/hipertensionarterial\/files\/2020\/12\/prension-arterialseeeeeeeee.jpg 390w\" sizes=\"(max-width: 300px) 100vw, 300px\" \/><\/a><\/span><\/p>\n<p><span style=\"font-size: 12pt\">Debe estar sentado y con el brazo apoyado a nivel del coraz\u00f3n. <\/span><\/p>\n<div id=\"attachment_97\" style=\"width: 207px\" class=\"wp-caption alignnone\"><a href=\"http:\/\/blogs.sld.cu\/hipertensionarterial\/files\/2020\/12\/posicion1.png\"><img aria-describedby=\"caption-attachment-97\" loading=\"lazy\" class=\"wp-image-97\" src=\"http:\/\/blogs.sld.cu\/hipertensionarterial\/files\/2020\/12\/posicion1-300x256.png\" alt=\"posicion1\" width=\"197\" height=\"168\" srcset=\"https:\/\/blogs.sld.cu\/hipertensionarterial\/files\/2020\/12\/posicion1-300x256.png 300w, https:\/\/blogs.sld.cu\/hipertensionarterial\/files\/2020\/12\/posicion1-250x213.png 250w, https:\/\/blogs.sld.cu\/hipertensionarterial\/files\/2020\/12\/posicion1.png 547w\" sizes=\"(max-width: 197px) 100vw, 197px\" \/><\/a><p id=\"caption-attachment-97\" class=\"wp-caption-text\"><span style=\"font-size: 12pt\">Posici\u00f3n supina<\/span><\/p><\/div>\n<p><span style=\"font-size: 12pt\">En casos especiales puede medirse en posici\u00f3n supina. <\/span><\/p>\n<p><span style=\"font-size: 12pt\">En ancianos y diab\u00e9ticos debe adem\u00e1s medirse la presi\u00f3n arterial de pie.<\/span><\/p>\n<p><span style=\"font-size: 12pt\">El diagn\u00f3stico de la hipertensi\u00f3n arterial se basa en la medici\u00f3n de la presi\u00f3n arterial en no menos de tres mediciones con cifras elevadas de la presi\u00f3n arterial.<\/span><\/p>\n<h2>Tratamiento<\/h2>\n<ul>\n<li><span style=\"font-size: 12pt\">Tratamiento no farmacol\u00f3gico o modificaciones del estilo de vida<\/span><\/li>\n<li><span style=\"font-size: 12pt\">Tratamiento farmacol\u00f3gico<\/span><\/li>\n<\/ul>\n","protected":false},"excerpt":{"rendered":"<p>Medici\u00f3n de la presion arterial El paciente descansar\u00e1 5 min. antes de que se le mida la presi\u00f3n arterial y no debe haber realizado ejercicios f\u00edsicos intensos, fumado o ingerido comida, cafe\u00edna o bebidas alcoh\u00f3licas por lo menos 30 min antes de la medici\u00f3n. Debe estar sentado y con el brazo apoyado a nivel del [&hellip;]<\/p>\n","protected":false},"author":208,"featured_media":0,"parent":0,"menu_order":0,"comment_status":"closed","ping_status":"closed","template":"","meta":[],"_links":{"self":[{"href":"https:\/\/blogs.sld.cu\/hipertensionarterial\/wp-json\/wp\/v2\/pages\/21"}],"collection":[{"href":"https:\/\/blogs.sld.cu\/hipertensionarterial\/wp-json\/wp\/v2\/pages"}],"about":[{"href":"https:\/\/blogs.sld.cu\/hipertensionarterial\/wp-json\/wp\/v2\/types\/page"}],"author":[{"embeddable":true,"href":"https:\/\/blogs.sld.cu\/hipertensionarterial\/wp-json\/wp\/v2\/users\/208"}],"replies":[{"embeddable":true,"href":"https:\/\/blogs.sld.cu\/hipertensionarterial\/wp-json\/wp\/v2\/comments?post=21"}],"version-history":[{"count":10,"href":"https:\/\/blogs.sld.cu\/hipertensionarterial\/wp-json\/wp\/v2\/pages\/21\/revisions"}],"predecessor-version":[{"id":137,"href":"https:\/\/blogs.sld.cu\/hipertensionarterial\/wp-json\/wp\/v2\/pages\/21\/revisions\/137"}],"wp:attachment":[{"href":"https:\/\/blogs.sld.cu\/hipertensionarterial\/wp-json\/wp\/v2\/media?parent=21"}],"curies":[{"name":"wp","href":"https:\/\/api.w.org\/{rel}","templated":true}]}}