{"id":10,"date":"2021-03-28T03:48:07","date_gmt":"2021-03-28T03:48:07","guid":{"rendered":"http:\/\/blogs.sld.cu\/ictericianeonatal\/?page_id=10"},"modified":"2021-10-26T18:15:50","modified_gmt":"2021-10-26T18:15:50","slug":"ictericia-neonatal","status":"publish","type":"page","link":"https:\/\/blogs.sld.cu\/ictericianeonatal\/ictericia-neonatal\/","title":{"rendered":"Ictericia neonatal"},"content":{"rendered":"<p>Se denomina <span style=\"font-family: verdana, geneva; font-size: 12pt;\"><img loading=\"lazy\" class=\"n3VNCb alignleft\" src=\"https:\/\/i2.wp.com\/mibebe.today\/wp-content\/uploads\/2018\/05\/Ictericia-del-reci%C3%A9n-nacido.jpg\" alt=\"Ictericia del reci\u00e9n nacido: Mi beb\u00e9 est\u00e1 de color amarillo\" width=\"381\" height=\"254\" data-noaft=\"1\" \/><\/span>ictericia neonatal\u00a0 a la coloraci\u00f3n amarilla de la piel y las mucosas de los reci\u00e9n nacidos. Es debida a altos niveles de bilirrubina, que es un pigmento producto de la degradaci\u00f3n de la hemoglobina de los eritrocitos. El h\u00edgado contribuye a descomponerla de forma que sea excretada con las heces.<\/p>\n<p>Durante el embarazo, la placenta, que es el \u00f3rgano encargado de alimentar al bab\u00e9, tambi\u00e9n elimina la bilirrubina de su cuerpo. Despu\u00e9s del nacimiento, el h\u00edgado asume esta funci\u00f3n, pero puede pasar alg\u00fan tiempo para que\u00a0 sea capaz de hacer esto de manera eficiente.<\/p>\n<p>En el adulto, dadas las caracter\u00edsticas de la piel, se observa con valores inferiores a los que permiten hacerla visible en el reci\u00e9n nacido cuya piel es mucho m\u00e1s rosada.<\/p>\n<p><span style=\"font-family: verdana, geneva; font-size: 12pt;\">.<\/span><\/p>\n","protected":false},"excerpt":{"rendered":"<p>Se denomina ictericia neonatal\u00a0 a la coloraci\u00f3n amarilla de la piel y las mucosas de los reci\u00e9n nacidos. Es debida a altos niveles de bilirrubina, que es un pigmento producto de la degradaci\u00f3n de la hemoglobina de los eritrocitos. El h\u00edgado contribuye a descomponerla de forma que sea excretada con las heces. Durante el embarazo, [&hellip;]<\/p>\n","protected":false},"author":208,"featured_media":0,"parent":0,"menu_order":0,"comment_status":"closed","ping_status":"open","template":"","meta":[],"_links":{"self":[{"href":"https:\/\/blogs.sld.cu\/ictericianeonatal\/wp-json\/wp\/v2\/pages\/10"}],"collection":[{"href":"https:\/\/blogs.sld.cu\/ictericianeonatal\/wp-json\/wp\/v2\/pages"}],"about":[{"href":"https:\/\/blogs.sld.cu\/ictericianeonatal\/wp-json\/wp\/v2\/types\/page"}],"author":[{"embeddable":true,"href":"https:\/\/blogs.sld.cu\/ictericianeonatal\/wp-json\/wp\/v2\/users\/208"}],"replies":[{"embeddable":true,"href":"https:\/\/blogs.sld.cu\/ictericianeonatal\/wp-json\/wp\/v2\/comments?post=10"}],"version-history":[{"count":10,"href":"https:\/\/blogs.sld.cu\/ictericianeonatal\/wp-json\/wp\/v2\/pages\/10\/revisions"}],"predecessor-version":[{"id":147,"href":"https:\/\/blogs.sld.cu\/ictericianeonatal\/wp-json\/wp\/v2\/pages\/10\/revisions\/147"}],"wp:attachment":[{"href":"https:\/\/blogs.sld.cu\/ictericianeonatal\/wp-json\/wp\/v2\/media?parent=10"}],"curies":[{"name":"wp","href":"https:\/\/api.w.org\/{rel}","templated":true}]}}