{"id":12,"date":"2021-03-28T03:48:55","date_gmt":"2021-03-28T03:48:55","guid":{"rendered":"http:\/\/blogs.sld.cu\/ictericianeonatal\/?page_id=12"},"modified":"2021-10-26T18:16:46","modified_gmt":"2021-10-26T18:16:46","slug":"causassintomas","status":"publish","type":"page","link":"https:\/\/blogs.sld.cu\/ictericianeonatal\/causassintomas\/","title":{"rendered":"Causas\/S\u00edntomas"},"content":{"rendered":"<p><strong>Causas<\/strong><\/p>\n<p>En la etapa neonatal la causa m\u00e1s frecuente es la llamada ictericia fisiol\u00f3gica (normal). Se ve en el 60 % de los reci\u00e9n nacidos y no se acompa\u00f1a de ning\u00fan otro s\u00edntoma. Aparece despu\u00e9s de las primeras 24 horas de vida, es de poca intensidad y tiene su m\u00e1ximo nivel de expresi\u00f3n al 4\u00ba d\u00eda de vida. Desaparece espont\u00e1neamente entre los 7 y 10 d\u00edas en los ni\u00f1os a t\u00e9rmino. En los prematuros puede durar hasta dos semanas.<\/p>\n<p>Entre los factores que la producen est\u00e1 el mayor n\u00famero de hemat\u00edes que tiene el reci\u00e9n nacido y un acortamiento de la vida media de estas c\u00e9lulas de la sangre, en relaci\u00f3n con lo que acontece a otras edades. A esto se adiciona un cierto grado de inmadurez hep\u00e1tica y una disminuci\u00f3n de la excreci\u00f3n de la bilirrubina por las heces fecales del neonato.<\/p>\n<p>Existen muchos factores que pueden incrementarla o agravar la ictericia fisiol\u00f3gica. Entre otros est\u00e1n, la prematuridad, la desnutrici\u00f3n al nacer, la hipotermia, la hipoglicemia y la deficiente oxigenaci\u00f3n de la sangre al momento de nacer o por una insuficiencia respiratoria, el ser hijo de madre diab\u00e9tica y las infecciones.<\/p>\n<p>La lactancia materna tambi\u00e9n puede intensificarla en la primera semana cuando la alimentaci\u00f3n del reci\u00e9n nacido es insuficiente. Posteriormente, puede deberse a la forma en la que algunas sustancias de la leche materna afectan la eliminaci\u00f3n de la bilirrubina por el h\u00edgado.<\/p>\n<p>Se considera ictericia no fisiol\u00f3gica, o patol\u00f3gica, la que aparece en las primeras 24 horas de vida. Las causas m\u00e1s frecuentes son: algunas incompatibilidades entre grupos sangu\u00edneos de la madre y el reci\u00e9n nacido y varias infecciones adquiridas antes del momento del nacimiento.<\/p>\n<p>Tambi\u00e9n se considera patol\u00f3gica si persiste despu\u00e9s de la primera semana. Cuando se acompa\u00f1a de heces blanquecinas entonces la causa puede ser una hepatitis (inflamaci\u00f3n del h\u00edgado) o una imposibilidad de este \u00f3rgano para excretar la bilirrubina hacia el intestino del reci\u00e9n nacido.<\/p>\n<p><strong><a title=\"Signos y s\u00edntomas\" href=\"http:\/\/blogs.sld.cu\/ictericianeonatal\/signos-y-sintomas\/\">Signos y s\u00edntomas<\/a><\/strong><\/p>\n","protected":false},"excerpt":{"rendered":"<p>Causas En la etapa neonatal la causa m\u00e1s frecuente es la llamada ictericia fisiol\u00f3gica (normal). Se ve en el 60 % de los reci\u00e9n nacidos y no se acompa\u00f1a de ning\u00fan otro s\u00edntoma. Aparece despu\u00e9s de las primeras 24 horas de vida, es de poca intensidad y tiene su m\u00e1ximo nivel de expresi\u00f3n al 4\u00ba [&hellip;]<\/p>\n","protected":false},"author":208,"featured_media":0,"parent":0,"menu_order":0,"comment_status":"closed","ping_status":"open","template":"","meta":[],"_links":{"self":[{"href":"https:\/\/blogs.sld.cu\/ictericianeonatal\/wp-json\/wp\/v2\/pages\/12"}],"collection":[{"href":"https:\/\/blogs.sld.cu\/ictericianeonatal\/wp-json\/wp\/v2\/pages"}],"about":[{"href":"https:\/\/blogs.sld.cu\/ictericianeonatal\/wp-json\/wp\/v2\/types\/page"}],"author":[{"embeddable":true,"href":"https:\/\/blogs.sld.cu\/ictericianeonatal\/wp-json\/wp\/v2\/users\/208"}],"replies":[{"embeddable":true,"href":"https:\/\/blogs.sld.cu\/ictericianeonatal\/wp-json\/wp\/v2\/comments?post=12"}],"version-history":[{"count":9,"href":"https:\/\/blogs.sld.cu\/ictericianeonatal\/wp-json\/wp\/v2\/pages\/12\/revisions"}],"predecessor-version":[{"id":148,"href":"https:\/\/blogs.sld.cu\/ictericianeonatal\/wp-json\/wp\/v2\/pages\/12\/revisions\/148"}],"wp:attachment":[{"href":"https:\/\/blogs.sld.cu\/ictericianeonatal\/wp-json\/wp\/v2\/media?parent=12"}],"curies":[{"name":"wp","href":"https:\/\/api.w.org\/{rel}","templated":true}]}}