{"id":14,"date":"2021-03-28T03:49:30","date_gmt":"2021-03-28T03:49:30","guid":{"rendered":"http:\/\/blogs.sld.cu\/ictericianeonatal\/?page_id=14"},"modified":"2021-10-22T19:30:44","modified_gmt":"2021-10-22T19:30:44","slug":"diagnosticotratamiento","status":"publish","type":"page","link":"https:\/\/blogs.sld.cu\/ictericianeonatal\/diagnosticotratamiento\/","title":{"rendered":"Diagn\u00f3stico\/Tratamiento"},"content":{"rendered":"<p><strong>Diagn\u00f3stico \u00a0<\/strong><\/p>\n<p>A todo reci\u00e9n nacido con ictericia no fisiol\u00f3gica o cuando existe un aumento brusco de su intensidad, se le debe medir, de inmediato, los niveles de bilirrubina en la sangre.<\/p>\n<p>Esto permite identificar el nivel de gravedad de la misma, adem\u00e1s de orientar con respecto a la conducta a seguir. Se indicar\u00e1n otros ex\u00e1menes para precisar su causa y para evaluar la evoluci\u00f3n en los casos en que se requiere de alg\u00fan tratamiento.<\/p>\n<p><strong>Tratamiento<\/strong><\/p>\n<p>La mayor\u00eda de las veces la ictericia neonatal es fisiol\u00f3gica y no se requiere tratamiento alguno. En los reci\u00e9n nacidos con ictericia patol\u00f3gica el tratamiento estar\u00e1 en funci\u00f3n b\u00e1sicamente de su grado de madurez, d\u00edas de vida, nivel de bilirrubina en sangre y su ritmo de incremento.<\/p>\n<p>Es necesario que se le ofrezca al reci\u00e9n nacido leche materna cada vez que lo demande, preferentemente entre 10 y 12 veces al d\u00eda como m\u00ednimo, para que las deposiciones sean frecuentes.<\/p>\n<p>El tratamiento con fototerapia, con diodos emisores de luz, es el que m\u00e1s se indica. Permite desdoblar la bilirrubina impregnada en la piel y por debajo de esta en derivados que no son neurot\u00f3xicos como s\u00ed lo es la bilirrubina.<\/p>\n<p><img loading=\"lazy\" class=\"n3VNCb\" src=\"https:\/\/s3.amazonaws.com\/arc-wordpress-client-uploads\/infobae-wp\/wp-content\/uploads\/2017\/11\/21120725\/Ictericia-recien-nacido-1920.jpg\" alt=\"Ictericia en el reci\u00e9n nacido: cinco se\u00f1ales para identificarla y tratarla a tiempo - Infobae\" width=\"648\" height=\"364\" data-noaft=\"1\" \/><\/p>\n<p>En el curso de la fototerapia deben protegerse los ojos de reci\u00e9n nacido y no se suspende la lactancia materna. En los casos m\u00e1s graves se indican otros tratamientos como inmunoglobuilina intravenosa y m\u00e1s excepcionalmente es necesario realizar una exsanguinotransfusi\u00f3n.<\/p>\n<p>Los niveles muy elevados de bilirrubina en sangre se asocian con lesi\u00f3n cerebral dada su potencial neurotoxicidad. Por ende, es necesario examinar evolutivamente a todos los reci\u00e9n nacidos durante la primera semana de vida con el objetivo de diagnosticar oportunamente la ictericia patol\u00f3gica y evitar sus secuelas, entre las que se encuentran la sordera, algunos trastornos motores y la ictericia nuclear o encefalopat\u00eda bilirrub\u00ednica cr\u00f3nica tambi\u00e9n denominada kernicterus.<\/p>\n","protected":false},"excerpt":{"rendered":"<p>Diagn\u00f3stico \u00a0 A todo reci\u00e9n nacido con ictericia no fisiol\u00f3gica o cuando existe un aumento brusco de su intensidad, se le debe medir, de inmediato, los niveles de bilirrubina en la sangre. Esto permite identificar el nivel de gravedad de la misma, adem\u00e1s de orientar con respecto a la conducta a seguir. Se indicar\u00e1n otros [&hellip;]<\/p>\n","protected":false},"author":208,"featured_media":0,"parent":0,"menu_order":0,"comment_status":"closed","ping_status":"open","template":"","meta":[],"_links":{"self":[{"href":"https:\/\/blogs.sld.cu\/ictericianeonatal\/wp-json\/wp\/v2\/pages\/14"}],"collection":[{"href":"https:\/\/blogs.sld.cu\/ictericianeonatal\/wp-json\/wp\/v2\/pages"}],"about":[{"href":"https:\/\/blogs.sld.cu\/ictericianeonatal\/wp-json\/wp\/v2\/types\/page"}],"author":[{"embeddable":true,"href":"https:\/\/blogs.sld.cu\/ictericianeonatal\/wp-json\/wp\/v2\/users\/208"}],"replies":[{"embeddable":true,"href":"https:\/\/blogs.sld.cu\/ictericianeonatal\/wp-json\/wp\/v2\/comments?post=14"}],"version-history":[{"count":11,"href":"https:\/\/blogs.sld.cu\/ictericianeonatal\/wp-json\/wp\/v2\/pages\/14\/revisions"}],"predecessor-version":[{"id":139,"href":"https:\/\/blogs.sld.cu\/ictericianeonatal\/wp-json\/wp\/v2\/pages\/14\/revisions\/139"}],"wp:attachment":[{"href":"https:\/\/blogs.sld.cu\/ictericianeonatal\/wp-json\/wp\/v2\/media?parent=14"}],"curies":[{"name":"wp","href":"https:\/\/api.w.org\/{rel}","templated":true}]}}