{"id":16,"date":"2021-03-28T03:50:29","date_gmt":"2021-03-28T03:50:29","guid":{"rendered":"http:\/\/blogs.sld.cu\/ictericianeonatal\/?page_id=16"},"modified":"2021-10-31T22:43:20","modified_gmt":"2021-10-31T22:43:20","slug":"preguntas-frecuentes","status":"publish","type":"page","link":"https:\/\/blogs.sld.cu\/ictericianeonatal\/preguntas-frecuentes\/","title":{"rendered":"Preguntas frecuentes sobre ictericia neonatal"},"content":{"rendered":"<p><strong>\u00bb \u00bfPuede la ictericia manifestarse cuando el ni\u00f1o ya est\u00e1 dado de alta en la casa? En ese caso \u00bfqu\u00e9 deben hacer los padres?<\/strong><\/p>\n<p><em>Es poco frecuente si el reci\u00e9n nacido permanece en el hospital donde naci\u00f3 al menos por 48 horas pues la ictericia fisiol\u00f3gica aparece despu\u00e9s de 24-36 horas. En caso de que haya sido dado de alta muy precozmente, es importante recordar que toda ictericia que aparece antes de 24 horas se considera patol\u00f3gica. Tambi\u00e9n se considera patol\u00f3gica si persiste despu\u00e9s de la primera semana en los reci\u00e9n nacidos a t\u00e9rmino. En ambos casos el neonato siempre debe ser valorado por el m\u00e9dico.<\/em><\/p>\n<p><strong>\u00bb \u00bfCu\u00e1nto dura la ictericia en reci\u00e9n nacidos?<\/strong><\/p>\n<p><em>La ictericia fisiol\u00f3gica que se ve en el 60 % de los reci\u00e9n nacidos tiene su mayor expresi\u00f3n hacia el cuarto d\u00eda de vida y despu\u00e9s comienza a disminuir haci\u00e9ndose casi imperceptible entre los 7 y 10 d\u00edas de vida. En los prematuros puede durar hasta dos semanas.<\/em><\/p>\n<p><strong>\u00bb \u00bfCu\u00e1nto tiempo puede estar un beb\u00e9 en fototerapia?<\/strong><\/p>\n<p><em>Es variable, pues depende de la causa y de la respuesta a este proceder terap\u00e9utico que se indica para disminuir la bilirrubina en la sangre. No es necesaria en los ni\u00f1os a t\u00e9rmino despu\u00e9s de la primera semana de vida y tampoco lo es en los prematuros despu\u00e9s de la segunda semana. Para entonces ya est\u00e1 cerrada la barrera hemato encef\u00e1lica y, por ende, no hay riesgo de que el neonato padezca de una encefalopat\u00eda bilirrub\u00ednica.<\/em><\/p>\n<div id=\"_7rZ7YMv8Due0ggfv47PABQ21\" class=\"feCgPc q1kEvb vsXRLb yi\">\n<div class=\"ygGdYd related-question-pair\">\n<div id=\"_7rZ7YMv8Due0ggfv47PABQ23\" class=\"gy6Qzb S8PBwe\">\n<div>\n<div id=\"_7rZ7YMv8Due0ggfv47PABQ25\" class=\"y8URue\">\n<div>\n<p><strong>\u00bb \u00bfLa fototerapia elimina completamente la ictericia?<\/strong><\/p>\n<p><em>Obviamente no hay que esperar a que esto ocurra porque cuando la bilirrubina desciende a niveles en que no son nocivos ya puede suspenderse, aunque la ictericia persista.<\/em><\/p>\n<\/div>\n<div class=\"VWE0hc\">\n<div class=\"g\">\n<div>\n<div class=\"tF2Cxc\">\n<div>\n<p><strong>\u00bb \u00bfEs lo mismo ictericia que hiperbilirrubinemia?<\/strong><\/p>\n<p><em>La ictericia es el s\u00edntoma que se caracteriza por una coloraci\u00f3n amarilla de la piel y las mucosas. En tanto que la hiperbilirrubinemia es el incremento de la bilirrubina por encima de los valores normales seg\u00fan el grado de madurez al nacer y la edad del paciente.<\/em><\/p>\n<p><strong>\u00bb \u00bfPuede una ictericia fisiol\u00f3gica transformarse en ictericia grave?<\/strong><\/p>\n<p><em>La ictericia fisiol\u00f3gica puede agravarse cuando existen algunos factores como son la prematuridad, malnutrici\u00f3n fetal, asfixia, ayuno prolongado, hipoglucemia, hipotermia, acidosis metab\u00f3lica, dificultad respiratoria, extravasaciones sangu\u00edneas e infecciones.<\/em><\/p>\n<p><em>Otros factores que pueden agravar la ictericia fisiol\u00f3gica pueden ser la hipoproteinemia, la policitemia, el hipotiroidismo cong\u00e9nito, el s\u00edndrome de Down y la fibrosis qu\u00edstica del p\u00e1ncreas.<\/em><\/p>\n<p><strong>\u00bb \u00bfLa diabetes en la madre puede ser causa de ictericia en el reci\u00e9n nacido?<\/strong><\/p>\n<p><em>Es uno de los factores predisponentes al agravamiento de la ictericia fisiol\u00f3gica pues en estos reci\u00e9n nacidos puede existir con relativa frecuencia hipoglucemia, asfixia, acidosis metab\u00f3lica, incremento de los gl\u00f3bulos rojos e infecciones. Por lo general, la hiperbilirrubinemia del hijo de madre diab\u00e9tica solo requiere tratamiento con fototerapia.<\/em><span style=\"font-family: verdana, geneva; font-size: 12pt;\"><br \/>\n<\/span><\/p>\n<\/div>\n<\/div>\n<\/div>\n<\/div>\n<\/div>\n<\/div>\n<\/div>\n<\/div>\n<\/div>\n<\/div>\n","protected":false},"excerpt":{"rendered":"<p>\u00bb \u00bfPuede la ictericia manifestarse cuando el ni\u00f1o ya est\u00e1 dado de alta en la casa? En ese caso \u00bfqu\u00e9 deben hacer los padres? Es poco frecuente si el reci\u00e9n nacido permanece en el hospital donde naci\u00f3 al menos por 48 horas pues la ictericia fisiol\u00f3gica aparece despu\u00e9s de 24-36 horas. En caso de que [&hellip;]<\/p>\n","protected":false},"author":208,"featured_media":0,"parent":0,"menu_order":0,"comment_status":"closed","ping_status":"open","template":"","meta":[],"_links":{"self":[{"href":"https:\/\/blogs.sld.cu\/ictericianeonatal\/wp-json\/wp\/v2\/pages\/16"}],"collection":[{"href":"https:\/\/blogs.sld.cu\/ictericianeonatal\/wp-json\/wp\/v2\/pages"}],"about":[{"href":"https:\/\/blogs.sld.cu\/ictericianeonatal\/wp-json\/wp\/v2\/types\/page"}],"author":[{"embeddable":true,"href":"https:\/\/blogs.sld.cu\/ictericianeonatal\/wp-json\/wp\/v2\/users\/208"}],"replies":[{"embeddable":true,"href":"https:\/\/blogs.sld.cu\/ictericianeonatal\/wp-json\/wp\/v2\/comments?post=16"}],"version-history":[{"count":15,"href":"https:\/\/blogs.sld.cu\/ictericianeonatal\/wp-json\/wp\/v2\/pages\/16\/revisions"}],"predecessor-version":[{"id":157,"href":"https:\/\/blogs.sld.cu\/ictericianeonatal\/wp-json\/wp\/v2\/pages\/16\/revisions\/157"}],"wp:attachment":[{"href":"https:\/\/blogs.sld.cu\/ictericianeonatal\/wp-json\/wp\/v2\/media?parent=16"}],"curies":[{"name":"wp","href":"https:\/\/api.w.org\/{rel}","templated":true}]}}