{"id":20,"date":"2021-03-28T03:51:40","date_gmt":"2021-03-28T03:51:40","guid":{"rendered":"http:\/\/blogs.sld.cu\/ictericianeonatal\/?page_id=20"},"modified":"2021-10-26T18:17:54","modified_gmt":"2021-10-26T18:17:54","slug":"recursos","status":"publish","type":"page","link":"https:\/\/blogs.sld.cu\/ictericianeonatal\/recursos\/","title":{"rendered":"Recursos"},"content":{"rendered":"<p><strong>Entrevistas, sitios y art\u00edculos sobre ictericia neonal<\/strong><\/p>\n<div class=\"hlcw0c\">\n<div class=\"g\">\n<div>\n<div class=\"tF2Cxc\">\n<div class=\"yuRUbf\">\n<div class=\"B6fmyf\">\n<div class=\"ifM9O\">\n<div class=\"hlcw0c\">\n<div class=\"g\">\n<div>\n<div class=\"tF2Cxc\">\n<div class=\"yuRUbf\">\n<div id=\"_7rZ7YMv8Due0ggfv47PABQ33\" class=\"y8URue\">\n<p><em><a href=\"https:\/\/medlineplus.gov\/spanish\/ency\/article\/001559.htm\" target=\"_blank\" rel=\"noopener\">Ictericia del reci\u00e9n nacido: MedlinePlus enciclopedia m\u00e9dica<\/a> <\/em><\/p>\n<p><em><a href=\"https:\/\/www.aeped.es\/sites\/default\/files\/documentos\/38.pdf\" target=\"_blank\" rel=\"noopener\">Ictericia neonatal &#8211; Asociaci\u00f3n Espa\u00f1ola de Pediatr\u00eda<\/a><\/em><\/p>\n<p><em><a href=\"https:\/\/www.veritasint.com\/blog\/ictericia-neonatal\/\" target=\"_blank\" rel=\"noopener\">Ictericia neonatal, \u00bfcu\u00e1ndo debo preocuparme? &#8211; Cuesti\u00f3n de &#8230;<\/a><\/em><\/p>\n<p><em><a href=\"http:\/\/scielo.sld.cu\/scielo.php?script=sci_arttext&amp;pid=S0034-75312010000300002\" target=\"_blank\" rel=\"noopener\">Hiperbilirrubinemia neonatal agravada &#8211; SciELO Cuba <\/a><\/em><\/p>\n<p>&nbsp;<\/p>\n<p>&nbsp;<\/p>\n<p>&nbsp;<\/p>\n<\/div>\n<\/div>\n<\/div>\n<\/div>\n<\/div>\n<\/div>\n<div id=\"_7rZ7YMv8Due0ggfv47PABQ21\" class=\"feCgPc q1kEvb vsXRLb yi\">\n<div class=\"ygGdYd related-question-pair\">\n<div id=\"_7rZ7YMv8Due0ggfv47PABQ35\" class=\"gy6Qzb S8PBwe\">\n<div>\n<div id=\"_7rZ7YMv8Due0ggfv47PABQ37\" class=\"y8URue\">\n<div class=\"VWE0hc\">\n<div class=\"g\">\n<div>\n<div class=\"tF2Cxc\">\n<div class=\"yuRUbf\"><a href=\"https:\/\/www.pediatriaintegral.es\/wp-content\/uploads\/2014\/xviii06\/03\/367-374.pdf\"><br \/>\n<\/a><\/p>\n<h3 class=\"LC20lb DKV0Md\"><\/h3>\n<div class=\"TbwUpd NJjxre\"><\/div>\n<div class=\"B6fmyf\"><\/div>\n<\/div>\n<div class=\"IsZvec\"><\/div>\n<\/div>\n<\/div>\n<\/div>\n<\/div>\n<div class=\"iOBnre\"><\/div>\n<\/div>\n<\/div>\n<\/div>\n<\/div>\n<\/div>\n<\/div>\n<\/div>\n<\/div>\n<\/div>\n<\/div>\n<\/div>\n<\/div>\n<div class=\"ULSxyf\"><\/div>\n","protected":false},"excerpt":{"rendered":"<p>Entrevistas, sitios y art\u00edculos sobre ictericia neonal Ictericia del reci\u00e9n nacido: MedlinePlus enciclopedia m\u00e9dica Ictericia neonatal &#8211; Asociaci\u00f3n Espa\u00f1ola de Pediatr\u00eda Ictericia neonatal, \u00bfcu\u00e1ndo debo preocuparme? &#8211; Cuesti\u00f3n de &#8230; Hiperbilirrubinemia neonatal agravada &#8211; SciELO Cuba &nbsp; &nbsp; &nbsp;<\/p>\n","protected":false},"author":208,"featured_media":0,"parent":0,"menu_order":0,"comment_status":"closed","ping_status":"open","template":"","meta":[],"_links":{"self":[{"href":"https:\/\/blogs.sld.cu\/ictericianeonatal\/wp-json\/wp\/v2\/pages\/20"}],"collection":[{"href":"https:\/\/blogs.sld.cu\/ictericianeonatal\/wp-json\/wp\/v2\/pages"}],"about":[{"href":"https:\/\/blogs.sld.cu\/ictericianeonatal\/wp-json\/wp\/v2\/types\/page"}],"author":[{"embeddable":true,"href":"https:\/\/blogs.sld.cu\/ictericianeonatal\/wp-json\/wp\/v2\/users\/208"}],"replies":[{"embeddable":true,"href":"https:\/\/blogs.sld.cu\/ictericianeonatal\/wp-json\/wp\/v2\/comments?post=20"}],"version-history":[{"count":12,"href":"https:\/\/blogs.sld.cu\/ictericianeonatal\/wp-json\/wp\/v2\/pages\/20\/revisions"}],"predecessor-version":[{"id":149,"href":"https:\/\/blogs.sld.cu\/ictericianeonatal\/wp-json\/wp\/v2\/pages\/20\/revisions\/149"}],"wp:attachment":[{"href":"https:\/\/blogs.sld.cu\/ictericianeonatal\/wp-json\/wp\/v2\/media?parent=20"}],"curies":[{"name":"wp","href":"https:\/\/api.w.org\/{rel}","templated":true}]}}