{"id":22,"date":"2021-03-28T03:52:26","date_gmt":"2021-03-28T03:52:26","guid":{"rendered":"http:\/\/blogs.sld.cu\/ictericianeonatal\/?page_id=22"},"modified":"2021-10-26T18:37:44","modified_gmt":"2021-10-26T18:37:44","slug":"glosario","status":"publish","type":"page","link":"https:\/\/blogs.sld.cu\/ictericianeonatal\/glosario\/","title":{"rendered":"Glosario"},"content":{"rendered":"<p><strong>\u00bb Anemia:<\/strong> n\u00famero anormalmente bajo de gl\u00f3bulos rojos en la sangre. Los gl\u00f3bulos rojos sirven para el transporte del ox\u00edgeno en los tejidos. Se da frecuentemente en los prematuros porque no han podido constituir sus reservas de hierro que se producen en los \u00faltimos meses de crecimiento.<\/p>\n<p><strong>\u00bb Apnea:<\/strong> pausa respiratoria mayor de 20 segundos. El 45 % de los beb\u00e9s nacidos menores a 2500gr y el 85 % de los nacidos menores a 1100gr. Tienen per\u00edodos de apnea durante las primeras semanas de vida.<\/p>\n<p><strong>\u00bb Bilirrubina:<\/strong> pigmento amarillo-verdoso causante de la ictericia neonatal.<\/p>\n<p><strong>\u00bb Bradicardia: <\/strong>enlentecimiento del ritmo cardiaco (los beb\u00e9s prematuros tienen por debajo de 100 latidos por minuto). Un gran n\u00famero de prematuros hace bradicardia.<\/p>\n<p><strong>\u00bb Displasia broncopulmonar (dbp):<\/strong> anomal\u00eda del conjunto del tejido broncopulmonar en prematuros tratados por una dificultad respiratorio con ventilaci\u00f3n y oxigenoterapia intensa. Los ni\u00f1os que tienen todav\u00eda ox\u00edgeno a semanas de la edad gestacional tienen una displasia broncopulmonar.<\/p>\n<p><strong>\u00bb Enterocolitis necrotizante (nec):<\/strong> enfermedad grave del tracto gastrointestinal que ataca por sobre todo a los prematuros. Consiste en una inflamaci\u00f3n de los intestinos que causa la destrucci\u00f3n de los tejidos comprometidos.<\/p>\n<p><strong>\u00bb Eritropoyetina:<\/strong> medicaci\u00f3n que se administra en forma subcut\u00e1nea a los prematuros menores de 35 semanas para favorecer la propia eritropoyesis (formaci\u00f3n de gl\u00f3bulos rojos). Como los prematuros crecen muy r\u00e1pido y su m\u00e9dula \u00f3sea no alcanza a fabricar los gl\u00f3bulos rojos con hierro solamente, se les puede dar hasta 18 dosis de eritropoyetina (750 unidades por semana en tres dosis semanales de 250 unidades cada una), junto con hierro y \u00e1cido f\u00f3lico. As\u00ed, se pueden evitar las comunes transfusiones de gl\u00f3bulos rojos a los prematuros.<\/p>\n<p><strong>\u00bb Escler\u00f3tica:<\/strong> membrana dura y opaca, blanquecina, que cubre el globo del ojo, salvo donde est\u00e1 la c\u00f3rnea transparente<\/p>\n<p><strong>\u00bb Hematocrito:<\/strong> examen de laboratorio que se realiza para conocer r\u00e1pidamente la cantidad de gl\u00f3bulos rojos que se tiene. Se realiza de rutina en los beb\u00e9s de alto y de bajo peso y en los que tiene ictericia.<\/p>\n<p><strong>\u00bb Hemorragia cerebral:<\/strong> sangrado dentro de los tejidos del cerebro que puede centrarse a los ventr\u00edculos. Las hemorragias cerebrales son de diferente gravedad y se miden del i al iv, siendo la iv la m\u00e1s severa.<\/p>\n<p>\u00bb<strong> Hidrocefalia:<\/strong> dilataci\u00f3n de los ventr\u00edculos laterales por exceso de l\u00edquido. En algunos casos se debe insertar un drenaje a nivel del cerebro a fin de derivar el l\u00edquido que se acumula en grandes cantidades.<\/p>\n<p><strong>\u00bb Ictericia:<\/strong> es causada por la impregnaci\u00f3n de bilirrubina en los tejidos. Se caracteriza por una coloraci\u00f3n amarilla m\u00e1s o menos intensa de la piel y la escler\u00f3tica.<\/p>\n<p><strong>\u00bb Incubadora:<\/strong> cuna t\u00e9rmica que controla en forma autom\u00e1tica el calor administrado seg\u00fan las necesidades t\u00e9rmicas que el ni\u00f1o requiere.<\/p>\n<p><strong>\u00bb Intubaci\u00f3n:<\/strong> para un reci\u00e9n nacido que presenta frecuentes apneas o dificultad para respirar, lo adecuado es intubarlo. Se inserta un tubo pl\u00e1stico en la tr\u00e1quea y se conecta a un respirador.<\/p>\n<p><strong>\u00bb Monitores:<\/strong> los monitores registran y vigilan el latido cardiaco, la respiraci\u00f3n, la temperatura, la presi\u00f3n arterial y los niveles de ox\u00edgeno y anh\u00eddrido carb\u00f3nico, pero mediante sistemas no invasores, es decir que no causan dolor porque est\u00e1n pegados a la superficie de la piel del beb\u00e9.<\/p>\n<p><strong>\u00bb Persistencia del canal arterioso o ductus arterioso permeable:<\/strong> el ductus es un peque\u00f1o vaso que une la arteria pulmonar con la aorta. Luego del nacimiento, el canal arterioso se cierra. Puede suceder que en los prematuros este peque\u00f1o vaso permanezca abierto y que tenga que ser tratado para que se cierre.<\/p>\n<p><strong>\u00bb Reflejo de moro:<\/strong> tambi\u00e9n llamado de susto o sobresalto es una reacci\u00f3n a un est\u00edmulo repentino. Es normal hasta el mes de vida y va desapareciendo luego.<\/p>\n<p><strong>\u00bb Retinopat\u00eda:<\/strong> condici\u00f3n que afecta la retina de los ojos de los beb\u00e9s prematuros.<\/p>\n<p><strong>\u00bb Sustancia surfactante:<\/strong> l\u00edquido que forma una pel\u00edcula muy delgada que tapiza la fase interna de los alv\u00e9olos pulmonares. La producci\u00f3n de surfactante en los beb\u00e9s comienza a la semana 30 de gestaci\u00f3n, pero no est\u00e1 muy desarrollada hasta la semana 34. Un beb\u00e9 que sufre una falta de surfactante puede desarrollar enfermedad de membrana hiliana (s\u00edndrome de dificultad respiratorio).<\/p>\n<p><strong>\u00bb Vasculog\u00e9nesis de la retina:<\/strong> es un crecimiento anormal de los vasos de la retina impulsado por factores que generan vasos desde zonas de la retina, con falta de ox\u00edgeno.<\/p>\n<p><strong>\u00bb Venoclisis o parenteral:<\/strong> soluci\u00f3n endovenosa que se les da a los nuevos reci\u00e9n nacidos. Se les agrega nutrientes (prote\u00ednas, az\u00facar, minerales, vitaminas) que son administrados a trav\u00e9s de un suero colocado en una vena del beb\u00e9.<\/p>\n<p><strong>\u00bb Vitaminas:<\/strong> son sustancias alimenticias accesorias necesarias para el cuerpo en cantidades peque\u00f1as con el fin de guiar ciertos procesos metab\u00f3licos. La falta de las mismas produce enfermedad por carencia. En el reci\u00e9n nacido se usan de rutina las a, c y d hasta el sexto mes.<\/p>\n<p><a href=\"http:\/\/glosario.sld.cu\/multilingue\/\" target=\"_blank\" rel=\"noopener\"><em><strong>Fuente: Glosario Multiling\u00fce de T\u00e9rminos M\u00e9dicos<\/strong> <\/em><\/a><\/p>\n","protected":false},"excerpt":{"rendered":"<p>\u00bb Anemia: n\u00famero anormalmente bajo de gl\u00f3bulos rojos en la sangre. Los gl\u00f3bulos rojos sirven para el transporte del ox\u00edgeno en los tejidos. Se da frecuentemente en los prematuros porque no han podido constituir sus reservas de hierro que se producen en los \u00faltimos meses de crecimiento. \u00bb Apnea: pausa respiratoria mayor de 20 segundos. [&hellip;]<\/p>\n","protected":false},"author":208,"featured_media":0,"parent":0,"menu_order":0,"comment_status":"closed","ping_status":"open","template":"","meta":[],"_links":{"self":[{"href":"https:\/\/blogs.sld.cu\/ictericianeonatal\/wp-json\/wp\/v2\/pages\/22"}],"collection":[{"href":"https:\/\/blogs.sld.cu\/ictericianeonatal\/wp-json\/wp\/v2\/pages"}],"about":[{"href":"https:\/\/blogs.sld.cu\/ictericianeonatal\/wp-json\/wp\/v2\/types\/page"}],"author":[{"embeddable":true,"href":"https:\/\/blogs.sld.cu\/ictericianeonatal\/wp-json\/wp\/v2\/users\/208"}],"replies":[{"embeddable":true,"href":"https:\/\/blogs.sld.cu\/ictericianeonatal\/wp-json\/wp\/v2\/comments?post=22"}],"version-history":[{"count":10,"href":"https:\/\/blogs.sld.cu\/ictericianeonatal\/wp-json\/wp\/v2\/pages\/22\/revisions"}],"predecessor-version":[{"id":154,"href":"https:\/\/blogs.sld.cu\/ictericianeonatal\/wp-json\/wp\/v2\/pages\/22\/revisions\/154"}],"wp:attachment":[{"href":"https:\/\/blogs.sld.cu\/ictericianeonatal\/wp-json\/wp\/v2\/media?parent=22"}],"curies":[{"name":"wp","href":"https:\/\/api.w.org\/{rel}","templated":true}]}}