{"id":41,"date":"2021-03-29T06:42:13","date_gmt":"2021-03-29T06:42:13","guid":{"rendered":"http:\/\/blogs.sld.cu\/ictericianeonatal\/?page_id=41"},"modified":"2021-04-22T20:43:00","modified_gmt":"2021-04-22T20:43:00","slug":"dr-c-fernando-dominguez-dieppa","status":"publish","type":"page","link":"https:\/\/blogs.sld.cu\/ictericianeonatal\/dr-c-fernando-dominguez-dieppa\/","title":{"rendered":"Dr. C. Fernando Dom\u00ednguez Dieppa"},"content":{"rendered":"<p><a href=\"http:\/\/blogs.sld.cu\/ictericianeonatal\/files\/2021\/03\/Dr.-Fernandito2.jpg\"><img loading=\"lazy\" class=\"alignnone  wp-image-103\" src=\"http:\/\/blogs.sld.cu\/ictericianeonatal\/files\/2021\/03\/Dr.-Fernandito2.jpg\" alt=\"Dr. Fernandito2\" width=\"377\" height=\"417\" srcset=\"https:\/\/blogs.sld.cu\/ictericianeonatal\/files\/2021\/03\/Dr.-Fernandito2.jpg 552w, https:\/\/blogs.sld.cu\/ictericianeonatal\/files\/2021\/03\/Dr.-Fernandito2-271x300.jpg 271w, https:\/\/blogs.sld.cu\/ictericianeonatal\/files\/2021\/03\/Dr.-Fernandito2-250x277.jpg 250w\" sizes=\"(max-width: 377px) 100vw, 377px\" \/><\/a><\/p>\n<p><span style=\"font-size: 12pt;font-family: verdana, geneva\">Dr. C. Fernando Dom\u00edn guez Dieppa<\/span><\/p>\n<p><span style=\"font-size: 12pt;font-family: verdana, geneva\">Doctor en Medicina. Doctor en Ciencias M\u00e9dicasd. Especialista de 1ro. y 2do. grado en Neonatolog\u00eda. Profesor e Investigador titular. Editor principal del Portal de Pediatr\u00eda de Infomed.\u00a0 <\/span><\/p>\n","protected":false},"excerpt":{"rendered":"<p>Dr. C. Fernando Dom\u00edn guez Dieppa Doctor en Medicina. Doctor en Ciencias M\u00e9dicasd. Especialista de 1ro. y 2do. grado en Neonatolog\u00eda. Profesor e Investigador titular. Editor principal del Portal de Pediatr\u00eda de Infomed.\u00a0<\/p>\n","protected":false},"author":208,"featured_media":0,"parent":0,"menu_order":0,"comment_status":"closed","ping_status":"open","template":"","meta":[],"_links":{"self":[{"href":"https:\/\/blogs.sld.cu\/ictericianeonatal\/wp-json\/wp\/v2\/pages\/41"}],"collection":[{"href":"https:\/\/blogs.sld.cu\/ictericianeonatal\/wp-json\/wp\/v2\/pages"}],"about":[{"href":"https:\/\/blogs.sld.cu\/ictericianeonatal\/wp-json\/wp\/v2\/types\/page"}],"author":[{"embeddable":true,"href":"https:\/\/blogs.sld.cu\/ictericianeonatal\/wp-json\/wp\/v2\/users\/208"}],"replies":[{"embeddable":true,"href":"https:\/\/blogs.sld.cu\/ictericianeonatal\/wp-json\/wp\/v2\/comments?post=41"}],"version-history":[{"count":3,"href":"https:\/\/blogs.sld.cu\/ictericianeonatal\/wp-json\/wp\/v2\/pages\/41\/revisions"}],"predecessor-version":[{"id":105,"href":"https:\/\/blogs.sld.cu\/ictericianeonatal\/wp-json\/wp\/v2\/pages\/41\/revisions\/105"}],"wp:attachment":[{"href":"https:\/\/blogs.sld.cu\/ictericianeonatal\/wp-json\/wp\/v2\/media?parent=41"}],"curies":[{"name":"wp","href":"https:\/\/api.w.org\/{rel}","templated":true}]}}