{"id":54,"date":"2021-04-18T03:55:27","date_gmt":"2021-04-18T03:55:27","guid":{"rendered":"http:\/\/blogs.sld.cu\/ictericianeonatal\/?page_id=54"},"modified":"2021-10-22T19:28:12","modified_gmt":"2021-10-22T19:28:12","slug":"signos-y-sintomas","status":"publish","type":"page","link":"https:\/\/blogs.sld.cu\/ictericianeonatal\/signos-y-sintomas\/","title":{"rendered":"Signos y s\u00edntomas"},"content":{"rendered":"<p>La ictericia generalmente empieza por la cara y luego desciende hasta el t\u00f3rax y el abdomen, despu\u00e9s se ve en las piernas y brazos y cuando es muy intensa se observa a nivel de las palmas de las manos y las plantas de los pies.<\/p>\n<p><img loading=\"lazy\" class=\"n3VNCb\" src=\"http:\/\/www.sifeme.com\/web\/wp-content\/uploads\/2017\/11\/icteria-recien-nacido.jpg\" alt=\"C\u00f3mo identificar la ictericia en el reci\u00e9n nacido - Sifeme\" width=\"442\" height=\"239\" data-noaft=\"1\" \/><\/p>\n<p>La ictericia fisiol\u00f3gica del reci\u00e9n nacido no se acompa\u00f1a de otros s\u00edntomas.<\/p>\n<p>En la\u00a0 ictericia patol\u00f3gica o grave, es frecuente que se acompa\u00f1e de otros signos y s\u00edntomas como los siguientes:<\/p>\n<ul>\n<li>Pobre vitalidad<\/li>\n<li>Poca avidez por el alimento,<\/li>\n<li>Aumento del tama\u00f1o del h\u00edgado y el bazo.<\/li>\n<\/ul>\n","protected":false},"excerpt":{"rendered":"<p>La ictericia generalmente empieza por la cara y luego desciende hasta el t\u00f3rax y el abdomen, despu\u00e9s se ve en las piernas y brazos y cuando es muy intensa se observa a nivel de las palmas de las manos y las plantas de los pies. La ictericia fisiol\u00f3gica del reci\u00e9n nacido no se acompa\u00f1a de [&hellip;]<\/p>\n","protected":false},"author":208,"featured_media":0,"parent":0,"menu_order":0,"comment_status":"closed","ping_status":"open","template":"","meta":[],"_links":{"self":[{"href":"https:\/\/blogs.sld.cu\/ictericianeonatal\/wp-json\/wp\/v2\/pages\/54"}],"collection":[{"href":"https:\/\/blogs.sld.cu\/ictericianeonatal\/wp-json\/wp\/v2\/pages"}],"about":[{"href":"https:\/\/blogs.sld.cu\/ictericianeonatal\/wp-json\/wp\/v2\/types\/page"}],"author":[{"embeddable":true,"href":"https:\/\/blogs.sld.cu\/ictericianeonatal\/wp-json\/wp\/v2\/users\/208"}],"replies":[{"embeddable":true,"href":"https:\/\/blogs.sld.cu\/ictericianeonatal\/wp-json\/wp\/v2\/comments?post=54"}],"version-history":[{"count":7,"href":"https:\/\/blogs.sld.cu\/ictericianeonatal\/wp-json\/wp\/v2\/pages\/54\/revisions"}],"predecessor-version":[{"id":138,"href":"https:\/\/blogs.sld.cu\/ictericianeonatal\/wp-json\/wp\/v2\/pages\/54\/revisions\/138"}],"wp:attachment":[{"href":"https:\/\/blogs.sld.cu\/ictericianeonatal\/wp-json\/wp\/v2\/media?parent=54"}],"curies":[{"name":"wp","href":"https:\/\/api.w.org\/{rel}","templated":true}]}}