{"id":8,"date":"2021-03-28T03:47:30","date_gmt":"2021-03-28T03:47:30","guid":{"rendered":"http:\/\/blogs.sld.cu\/ictericianeonatal\/?page_id=8"},"modified":"2021-10-26T19:17:53","modified_gmt":"2021-10-26T19:17:53","slug":"acerca-de","status":"publish","type":"page","link":"https:\/\/blogs.sld.cu\/ictericianeonatal\/acerca-de\/","title":{"rendered":"Acerca de"},"content":{"rendered":"<p>La<strong> ictericia neonatal<\/strong> es un trastorno que provoca en los reci\u00e9n nacidos una coloraci\u00f3n amarilla de la piel, las mucosas y la escler\u00f3tica de los ojos.<\/p>\n<p>La incapacidad del h\u00edgado, de degradar la bilirrubina, para que se excrete en las heces, hace que esta se acumule, y por la delicadeza y transparencia de la piel de los beb\u00e9s toma la coloraci\u00f3n amarilla, ya que la bilirrubina es un pigmento amarillo-anaranjado componente de la bilis y que al no ser excretada, se acumula en los tejidos corporales.<\/p>\n<p>El h\u00edgado adquiere la bilirrubina de la degradaci\u00f3n de la hemoglobina de los eritrocitos, al ser destruidos en el bazo y la utiliza como componente de la bilis, que act\u00faa como emulsionante de los \u00e1cidos grasos en el proceso de digesti\u00f3n.<\/p>\n<p>La bilis, despu\u00e9s de producida en el h\u00edgado, en condiciones normales, se almacena en la ves\u00edcula biliar, pero cuando por algunas razones, estos mecanismos fallan, se produce la ictericia, que tiene diversas causas, que veremos m\u00e1s adelante.<\/p>\n<p>El editor del sitio es el <a title=\"Dr. C. Fernando Dom\u00ednguez Dieppa\" href=\"http:\/\/blogs.sld.cu\/ictericianeonatal\/dr-c-fernando-dominguez-dieppa\/\">Dr. C. Fernando Dom\u00ednguez Dieppa<\/a>, quien de forma educativa e interactiva los conducir\u00e1 a trav\u00e9s de las p\u00e1ginas para que puedan conocer los aspectos m\u00e1s relevantes de esta enfermedad, que la puede estar padeciendo el nuevo miembro de su familia.<\/p>\n<p>&nbsp;<\/p>\n","protected":false},"excerpt":{"rendered":"<p>La ictericia neonatal es un trastorno que provoca en los reci\u00e9n nacidos una coloraci\u00f3n amarilla de la piel, las mucosas y la escler\u00f3tica de los ojos. La incapacidad del h\u00edgado, de degradar la bilirrubina, para que se excrete en las heces, hace que esta se acumule, y por la delicadeza y transparencia de la piel [&hellip;]<\/p>\n","protected":false},"author":208,"featured_media":0,"parent":0,"menu_order":0,"comment_status":"closed","ping_status":"open","template":"","meta":[],"_links":{"self":[{"href":"https:\/\/blogs.sld.cu\/ictericianeonatal\/wp-json\/wp\/v2\/pages\/8"}],"collection":[{"href":"https:\/\/blogs.sld.cu\/ictericianeonatal\/wp-json\/wp\/v2\/pages"}],"about":[{"href":"https:\/\/blogs.sld.cu\/ictericianeonatal\/wp-json\/wp\/v2\/types\/page"}],"author":[{"embeddable":true,"href":"https:\/\/blogs.sld.cu\/ictericianeonatal\/wp-json\/wp\/v2\/users\/208"}],"replies":[{"embeddable":true,"href":"https:\/\/blogs.sld.cu\/ictericianeonatal\/wp-json\/wp\/v2\/comments?post=8"}],"version-history":[{"count":10,"href":"https:\/\/blogs.sld.cu\/ictericianeonatal\/wp-json\/wp\/v2\/pages\/8\/revisions"}],"predecessor-version":[{"id":155,"href":"https:\/\/blogs.sld.cu\/ictericianeonatal\/wp-json\/wp\/v2\/pages\/8\/revisions\/155"}],"wp:attachment":[{"href":"https:\/\/blogs.sld.cu\/ictericianeonatal\/wp-json\/wp\/v2\/media?parent=8"}],"curies":[{"name":"wp","href":"https:\/\/api.w.org\/{rel}","templated":true}]}}