{"id":2,"date":"2021-04-13T17:53:42","date_gmt":"2021-04-13T17:53:42","guid":{"rendered":"http:\/\/blogs.sld.cu\/ictus\/?page_id=2"},"modified":"2021-11-29T03:35:48","modified_gmt":"2021-11-29T03:35:48","slug":"preguntasfrecuentes","status":"publish","type":"page","link":"https:\/\/blogs.sld.cu\/ictus\/preguntasfrecuentes\/","title":{"rendered":"Preguntas frecuentes"},"content":{"rendered":"<div class=\"kFGdxc match-mod-horizontal-padding\" data-hveid=\"CAQQAA\" data-ved=\"2ahUKEwihteO4-rH0AhUGk4kEHaa4CSIQwrcBKAB6BAgEEAA\">\n<div>\n<p><strong>\u00bfEs lo mismo ictus que infarto cerebral?<\/strong><\/p>\n<p>Aunque se utilizan como sin\u00f3nimos. El infarto cerebral es una consecuencia del ictus. El ictus es el accidente por taponamiento o rotura de una arteria, qu\u00e9 priva a las c\u00e9lulas del ox\u00edgeno, por lo que ellas mueren y la zona de necrosis en el cerebro, es lo que se denomina infarto cerebral.<\/p>\n<p>C<strong>u\u00e1les son las consecuencias de un ictus?<\/strong><\/p>\n<p><strong>\u00a0<\/strong><\/p>\n<p>Las consecuencias del ictus var\u00edan en funci\u00f3n de la duraci\u00f3n del evento vascular y de su localizaci\u00f3n. \u00a0pueden abarcar, desde p\u00e9rdida de la visi\u00f3n, de la fuerza en un brazo o en una pierna, de la sensibilidad, del conocimiento o del habla, En definitiva, puede llegar<\/p>\n<\/div>\n<div class=\"JpTGae\"><strong>\u00bfC\u00f3mo se siente un ictus?<\/strong><\/div>\n<\/div>\n<div class=\"kJ442\">\n<div class=\"nJXjse\" data-ved=\"2ahUKEwihteO4-rH0AhUGk4kEHaa4CSIQw7cBKAF6BAgEEAE\">\n<div class=\"wDYxhc NFQFxe viOShc LKPcQc\" lang=\"es-419\" data-md=\"471\">\n<div>\n<div class=\"V3FYCf\"><\/div>\n<\/div>\n<\/div>\n<div class=\"wDYxhc\" lang=\"es-419\" data-md=\"61\">\n<div class=\"LGOjhe\" role=\"heading\" data-attrid=\"wa:\/description\" aria-level=\"3\" data-hveid=\"CAYQAA\"><span class=\"ILfuVd NA6bn\"><span class=\"hgKElc\">Adormecimiento o debilidad repentina en la cara, el brazo o una pierna, especialmente en uno de los lados del cuerpo. Confusi\u00f3n repentina, dificultad para hablar o para entender. Repentina dificultad para andar, mareo, p\u00e9rdida de equilibrio o coordinaci\u00f3n. Problemas repentinos para ver en uno o los dos ojos<\/span><\/span><\/div>\n<div class=\"LGOjhe\" role=\"heading\" data-attrid=\"wa:\/description\" aria-level=\"3\" data-hveid=\"CAYQAA\">\u00bf<strong>Qu\u00e9 hacer ante la sospecha de un ictus ictus?<\/strong><\/div>\n<\/div>\n<\/div>\n<\/div>\n<p style=\"text-align: left;\">Ante la sospecha de ictus podemos realizar tres sencillas pruebas que nos pueden ayudar a distinguirlo de otras patolog\u00edas o alteraciones:<\/p>\n<p style=\"text-align: left;\">1 Asimetr\u00eda facial<\/p>\n<p style=\"text-align: left;\">Prueba: Pedirle a la persona que sonr\u00eda o nos ense\u00f1e los dientes.<\/p>\n<p style=\"text-align: left;\">Debemos sospechar un ictus s\u00ed vemos una asimetr\u00eda de la cara o ambos lados de la cara se mueven de manera desigual.<\/p>\n<p style=\"text-align: left;\">\u00a0Descenso del brazo<\/p>\n<p style=\"text-align: left;\">Prueba: Pedirle que cierre los ojos y extienda los brazos al frente durante 10 segundos.<\/p>\n<p style=\"text-align: left;\">Debemos sospechar un ictus s\u00ed no puede levantarlo o si se le cae un brazo respecto al otro.<\/p>\n<p style=\"text-align: left;\">\u00a0Dificultades en el habla<\/p>\n<p style=\"text-align: left;\">Prueba: Pedirle que repita una frase que use habitualmente.<\/p>\n<p style=\"text-align: left;\">Debemos sospechar un ictus s\u00ed alarga las palabras, utiliza palabras incorrectas o no puede hablar.<\/p>\n<p style=\"text-align: left;\">\u00bfQu\u00e9 hacer si se contemplan los s\u00edntomas<strong> descritos?<\/strong><\/p>\n<p>Acudir a la mayor brevedad a un dospital, ya que se requiere tratamiento m\u00e9edico urgente .<\/p>\n<p><strong>\u00bfQu\u00e9 son el TAC y la Resonancia magn\u00e9tica?<\/strong><\/p>\n<p>Ambas se utilizan en el diagn\u00f3stico por imagen, pero dan imagenes diferentes.La tomogrsfia se basa en rayos X, pero se hace un escaneo, es decir se recorre un \u00e1rea que va sacando im\u00e1genes en su recorrido, por lo que a diferencia de los rayos X que conocemos, que saca una imagen de un \u00f3rgano o parte del cuerpo, este saca imagenes seriadas. .<\/p>\n<p><strong>Cu\u00e1les son los otros tipos de ictus?Ictus por Encefalopatia<br \/>\n<\/strong><\/p>\n<p>Infartos lacunares que son causa de demencia vascular y que se instauran lentamente.<\/p>\n<p>Ictus e causa indeterminada.<\/p>\n<p>&nbsp;<\/p>\n<p>&nbsp;<\/p>\n","protected":false},"excerpt":{"rendered":"<p>\u00bfEs lo mismo ictus que infarto cerebral? Aunque se utilizan como sin\u00f3nimos. El infarto cerebral es una consecuencia del ictus. El ictus es el accidente por taponamiento o rotura de una arteria, qu\u00e9 priva a las c\u00e9lulas del ox\u00edgeno, por lo que ellas mueren y la zona de necrosis en el cerebro, es lo que [&hellip;]<\/p>\n","protected":false},"author":211,"featured_media":0,"parent":0,"menu_order":0,"comment_status":"closed","ping_status":"open","template":"","meta":[],"_links":{"self":[{"href":"https:\/\/blogs.sld.cu\/ictus\/wp-json\/wp\/v2\/pages\/2"}],"collection":[{"href":"https:\/\/blogs.sld.cu\/ictus\/wp-json\/wp\/v2\/pages"}],"about":[{"href":"https:\/\/blogs.sld.cu\/ictus\/wp-json\/wp\/v2\/types\/page"}],"author":[{"embeddable":true,"href":"https:\/\/blogs.sld.cu\/ictus\/wp-json\/wp\/v2\/users\/211"}],"replies":[{"embeddable":true,"href":"https:\/\/blogs.sld.cu\/ictus\/wp-json\/wp\/v2\/comments?post=2"}],"version-history":[{"count":14,"href":"https:\/\/blogs.sld.cu\/ictus\/wp-json\/wp\/v2\/pages\/2\/revisions"}],"predecessor-version":[{"id":172,"href":"https:\/\/blogs.sld.cu\/ictus\/wp-json\/wp\/v2\/pages\/2\/revisions\/172"}],"wp:attachment":[{"href":"https:\/\/blogs.sld.cu\/ictus\/wp-json\/wp\/v2\/media?parent=2"}],"curies":[{"name":"wp","href":"https:\/\/api.w.org\/{rel}","templated":true}]}}