{"id":21,"date":"2021-10-18T12:47:30","date_gmt":"2021-10-18T12:47:30","guid":{"rendered":"https:\/\/blogs.sld.cu\/ictus\/?page_id=21"},"modified":"2021-12-07T19:38:00","modified_gmt":"2021-12-07T19:38:00","slug":"bienvenidos-sl-sitio-de-ictus","status":"publish","type":"page","link":"https:\/\/blogs.sld.cu\/ictus\/bienvenidos-sl-sitio-de-ictus\/","title":{"rendered":"Inicio"},"content":{"rendered":"\t\t<div data-elementor-type=\"wp-page\" data-elementor-id=\"21\" class=\"elementor elementor-21\" data-elementor-settings=\"[]\">\n\t\t\t\t\t\t\t<div class=\"elementor-section-wrap\">\n\t\t\t\t\t\t\t<section class=\"elementor-section elementor-top-section elementor-element elementor-element-54c9d6e elementor-section-boxed elementor-section-height-default elementor-section-height-default\" data-id=\"54c9d6e\" data-element_type=\"section\">\n\t\t\t\t\t\t<div class=\"elementor-container elementor-column-gap-default\">\n\t\t\t\t\t<div class=\"elementor-column elementor-col-100 elementor-top-column elementor-element elementor-element-5f35dcd7\" data-id=\"5f35dcd7\" data-element_type=\"column\">\n\t\t\t<div class=\"elementor-widget-wrap elementor-element-populated\">\n\t\t\t\t\t\t\t\t<div class=\"elementor-element elementor-element-580a9b33 elementor-widget elementor-widget-text-editor\" data-id=\"580a9b33\" data-element_type=\"widget\" data-widget_type=\"text-editor.default\">\n\t\t\t\t<div class=\"elementor-widget-container\">\n\t\t\t<style>\/*! elementor - v3.5.6 - 28-02-2022 *\/\n.elementor-widget-text-editor.elementor-drop-cap-view-stacked .elementor-drop-cap{background-color:#818a91;color:#fff}.elementor-widget-text-editor.elementor-drop-cap-view-framed .elementor-drop-cap{color:#818a91;border:3px solid;background-color:transparent}.elementor-widget-text-editor:not(.elementor-drop-cap-view-default) .elementor-drop-cap{margin-top:8px}.elementor-widget-text-editor:not(.elementor-drop-cap-view-default) .elementor-drop-cap-letter{width:1em;height:1em}.elementor-widget-text-editor .elementor-drop-cap{float:left;text-align:center;line-height:1;font-size:50px}.elementor-widget-text-editor .elementor-drop-cap-letter{display:inline-block}<\/style>\t\t\t\t<p><a href=\"http:\/\/blogs.sld.cu\/ictus\/files\/2021\/04\/danoerebral-eictus.jpg\"><img loading=\"lazy\" class=\"alignnone wp-image-54\" src=\"http:\/\/blogs.sld.cu\/ictus\/files\/2021\/04\/danoerebral-eictus.jpg\" alt=\" Ictus \u00f3Enfermedad cerebrovascular\" width=\"489\" height=\"275\" srcset=\"https:\/\/blogs.sld.cu\/ictus\/files\/2021\/04\/danoerebral-eictus.jpg 1280w, https:\/\/blogs.sld.cu\/ictus\/files\/2021\/04\/danoerebral-eictus-300x169.jpg 300w, https:\/\/blogs.sld.cu\/ictus\/files\/2021\/04\/danoerebral-eictus-1024x576.jpg 1024w, https:\/\/blogs.sld.cu\/ictus\/files\/2021\/04\/danoerebral-eictus-768x432.jpg 768w, https:\/\/blogs.sld.cu\/ictus\/files\/2021\/04\/danoerebral-eictus-250x141.jpg 250w\" sizes=\"(max-width: 489px) 100vw, 489px\" \/><\/a><\/p><p>De Ictus, del <strong>Portal de Enfermedades<\/strong> de la <strong>Red de portales de Infomed<\/strong>. El Centro de Informaci\u00f3n de Ciencias M\u00e9dicas, Infomed, est\u00e1 constituido por personas e instituciones que trabajan para que el conocimiento sanitario llegue a todos.<\/p><p>Este sitio, est\u00e1 dise\u00f1ado para la poblaci\u00f3n en general, los pacientes y sus familiares, para que encuentren informaci\u00f3n \u00fatil sobre las enfermedades cerebrovasculares, que les ayude acomprender la enfermedad, sus causas, s\u00edntomas, diagn\u00f3stico, tratamiento y medidas preventivas, con lo que pretendemos ayudarlo a que conociendo la enfermedad pueda tener un mejor manejo de ella, si la padece o si est\u00e1 presente en un familiar o amigo.<\/p><p>El editor del sitio es el Dr. <a href=\"https:\/\/blogs.sld.cu\/ictus\/dr-cm-javier-vicente-sanchez-lopez\/\">Javier Vicente S\u00e1nchez L\u00f3pez<\/a>, que los conducir\u00e1 por las p\u00e1ginas de forma educativa e interactiva<\/p>\t\t\t\t\t\t<\/div>\n\t\t\t\t<\/div>\n\t\t\t\t\t<\/div>\n\t\t<\/div>\n\t\t\t\t\t\t\t<\/div>\n\t\t<\/section>\n\t\t\t\t\t\t<\/div>\n\t\t\t\t\t<\/div>\n\t\t","protected":false},"excerpt":{"rendered":"<p>De Ictus, del Portal de Enfermedades de la Red de portales de Infomed. El Centro de Informaci\u00f3n de Ciencias M\u00e9dicas, Infomed, est\u00e1 constituido por personas e instituciones que trabajan para que el conocimiento sanitario llegue a todos. Este sitio, est\u00e1 dise\u00f1ado para la poblaci\u00f3n en general, los pacientes y sus familiares, para que encuentren informaci\u00f3n [&hellip;]<\/p>\n","protected":false},"author":208,"featured_media":0,"parent":0,"menu_order":0,"comment_status":"closed","ping_status":"closed","template":"","meta":[],"_links":{"self":[{"href":"https:\/\/blogs.sld.cu\/ictus\/wp-json\/wp\/v2\/pages\/21"}],"collection":[{"href":"https:\/\/blogs.sld.cu\/ictus\/wp-json\/wp\/v2\/pages"}],"about":[{"href":"https:\/\/blogs.sld.cu\/ictus\/wp-json\/wp\/v2\/types\/page"}],"author":[{"embeddable":true,"href":"https:\/\/blogs.sld.cu\/ictus\/wp-json\/wp\/v2\/users\/208"}],"replies":[{"embeddable":true,"href":"https:\/\/blogs.sld.cu\/ictus\/wp-json\/wp\/v2\/comments?post=21"}],"version-history":[{"count":11,"href":"https:\/\/blogs.sld.cu\/ictus\/wp-json\/wp\/v2\/pages\/21\/revisions"}],"predecessor-version":[{"id":195,"href":"https:\/\/blogs.sld.cu\/ictus\/wp-json\/wp\/v2\/pages\/21\/revisions\/195"}],"wp:attachment":[{"href":"https:\/\/blogs.sld.cu\/ictus\/wp-json\/wp\/v2\/media?parent=21"}],"curies":[{"name":"wp","href":"https:\/\/api.w.org\/{rel}","templated":true}]}}