{"id":26,"date":"2021-10-23T20:05:14","date_gmt":"2021-10-23T20:05:14","guid":{"rendered":"https:\/\/blogs.sld.cu\/ictus\/?page_id=26"},"modified":"2021-12-06T21:40:00","modified_gmt":"2021-12-06T21:40:00","slug":"acerca-de","status":"publish","type":"page","link":"https:\/\/blogs.sld.cu\/ictus\/acerca-de\/","title":{"rendered":"Acerca de"},"content":{"rendered":"<p>Este sitio forma parte del\u00a0Portal de Enfermedades de Infomed, Centro Nacional de Informaci\u00f3n de Ciencias M\u00e9dicas, que est\u00e1 constitu\u00eddo por un grupo de personas e instituciones que trabajan para que la\u00a0informaci\u00f3n y el conocimiento de salud, lleguen a todos.<\/p>\n<p>Su objetivo es informar a la poblaci\u00f3n en general para que conozca todo lo relativo a esta enfermedad, lo que es necesario para mejorar la salud de los cubanos y de los que nos visiten.<\/p>\n<p>El Ictus del Lat\u00ecn Golpe, es una enfermedad cerebrovascular<\/p>\n","protected":false},"excerpt":{"rendered":"<p>Este sitio forma parte del\u00a0Portal de Enfermedades de Infomed, Centro Nacional de Informaci\u00f3n de Ciencias M\u00e9dicas, que est\u00e1 constitu\u00eddo por un grupo de personas e instituciones que trabajan para que la\u00a0informaci\u00f3n y el conocimiento de salud, lleguen a todos. Su objetivo es informar a la poblaci\u00f3n en general para que conozca todo lo relativo a [&hellip;]<\/p>\n","protected":false},"author":208,"featured_media":0,"parent":0,"menu_order":0,"comment_status":"closed","ping_status":"closed","template":"","meta":[],"_links":{"self":[{"href":"https:\/\/blogs.sld.cu\/ictus\/wp-json\/wp\/v2\/pages\/26"}],"collection":[{"href":"https:\/\/blogs.sld.cu\/ictus\/wp-json\/wp\/v2\/pages"}],"about":[{"href":"https:\/\/blogs.sld.cu\/ictus\/wp-json\/wp\/v2\/types\/page"}],"author":[{"embeddable":true,"href":"https:\/\/blogs.sld.cu\/ictus\/wp-json\/wp\/v2\/users\/208"}],"replies":[{"embeddable":true,"href":"https:\/\/blogs.sld.cu\/ictus\/wp-json\/wp\/v2\/comments?post=26"}],"version-history":[{"count":2,"href":"https:\/\/blogs.sld.cu\/ictus\/wp-json\/wp\/v2\/pages\/26\/revisions"}],"predecessor-version":[{"id":183,"href":"https:\/\/blogs.sld.cu\/ictus\/wp-json\/wp\/v2\/pages\/26\/revisions\/183"}],"wp:attachment":[{"href":"https:\/\/blogs.sld.cu\/ictus\/wp-json\/wp\/v2\/media?parent=26"}],"curies":[{"name":"wp","href":"https:\/\/api.w.org\/{rel}","templated":true}]}}