{"id":32,"date":"2021-10-23T20:27:12","date_gmt":"2021-10-23T20:27:12","guid":{"rendered":"https:\/\/blogs.sld.cu\/ictus\/?page_id=32"},"modified":"2021-12-07T19:19:49","modified_gmt":"2021-12-07T19:19:49","slug":"ictus-tipos","status":"publish","type":"page","link":"https:\/\/blogs.sld.cu\/ictus\/ictus-tipos\/","title":{"rendered":"Ictus\/Tipos"},"content":{"rendered":"<div id=\"que-es\" class=\"blkTab\">\n<div>\n<p>El <strong>ictus, <\/strong>es una <strong>enfermedad\u00a0 que afecta a los vasos sangu\u00edneos que llevan\u00a0 la sangre al cerebro(vasos arteriales)<\/strong>. Tambi\u00e9n se le conoce como <strong>accidente cerebrovascular<\/strong> <strong>(ACV)<\/strong>.<\/p>\n<p><a href=\"http:\/\/blogs.sld.cu\/ictus\/files\/2021\/11\/SN-y-dano-vascular.jpg\"><img loading=\"lazy\" class=\"alignnone wp-image-144\" src=\"http:\/\/blogs.sld.cu\/ictus\/files\/2021\/11\/SN-y-dano-vascular.jpg\" alt=\"Tipos de Ictus\" width=\"371\" height=\"209\" srcset=\"https:\/\/blogs.sld.cu\/ictus\/files\/2021\/11\/SN-y-dano-vascular.jpg 1280w, https:\/\/blogs.sld.cu\/ictus\/files\/2021\/11\/SN-y-dano-vascular-300x169.jpg 300w, https:\/\/blogs.sld.cu\/ictus\/files\/2021\/11\/SN-y-dano-vascular-1024x576.jpg 1024w, https:\/\/blogs.sld.cu\/ictus\/files\/2021\/11\/SN-y-dano-vascular-768x432.jpg 768w, https:\/\/blogs.sld.cu\/ictus\/files\/2021\/11\/SN-y-dano-vascular-250x141.jpg 250w\" sizes=\"(max-width: 371px) 100vw, 371px\" \/><\/a><\/p>\n<p>Hay dos tipos de ictus principalmente:<strong> Isqu\u00e9mico y hemorr\u00e1gico. <\/strong><\/p>\n<p><strong>El<\/strong> isqu\u00e9mico, es porque se interrumpe el flujo de sangre y el hemorr\u00e1gico\u00a0 por la rotura de un vaso. <strong><br \/>\n<\/strong><\/p>\n<p>&nbsp;<\/p>\n<p>Un ictus puede ocurrir\u00a0 cuando un vaso sangu\u00edneo del cerebro se rompe o es taponado por un co\u00e1gulo u otra part\u00edcula. Debido a la rotura o bloqueo del vaso, a\u00a0 una parte del cerebro no le llega la sangre.\u00a0 En la sangre viajan el ox\u00edgeno y los nutrientes, que necesitan las c\u00e9lulas para realizar sus funciones, por lo que al verse privadas de ellos,por breve tiempo, ocurren eventos que conducen a la muerte de las neuronas en esa zona. Como en e lcerebro se controlan todas las actividades de nuestro cuerpo, al morir neuronas, en dependencia de la zona de necrosis (muerte celular) es que se ver\u00e1n afectadas algunas funciones como la vista, el habla, la actividad motora, etc. Mientras m\u00e1s extensa sea la zona de muerte celular, m\u00e1s funciones se ver\u00e1n afectadas.<\/p>\n<\/div>\n<\/div>\n<div id=\"causas\" class=\"blkTab\">\n<div>\n<p>&nbsp;<\/p>\n<\/div>\n<\/div>\n","protected":false},"excerpt":{"rendered":"<p>El ictus, es una enfermedad\u00a0 que afecta a los vasos sangu\u00edneos que llevan\u00a0 la sangre al cerebro(vasos arteriales). Tambi\u00e9n se le conoce como accidente cerebrovascular (ACV). Hay dos tipos de ictus principalmente: Isqu\u00e9mico y hemorr\u00e1gico. El isqu\u00e9mico, es porque se interrumpe el flujo de sangre y el hemorr\u00e1gico\u00a0 por la rotura de un vaso. &nbsp; [&hellip;]<\/p>\n","protected":false},"author":208,"featured_media":0,"parent":0,"menu_order":0,"comment_status":"closed","ping_status":"closed","template":"","meta":[],"_links":{"self":[{"href":"https:\/\/blogs.sld.cu\/ictus\/wp-json\/wp\/v2\/pages\/32"}],"collection":[{"href":"https:\/\/blogs.sld.cu\/ictus\/wp-json\/wp\/v2\/pages"}],"about":[{"href":"https:\/\/blogs.sld.cu\/ictus\/wp-json\/wp\/v2\/types\/page"}],"author":[{"embeddable":true,"href":"https:\/\/blogs.sld.cu\/ictus\/wp-json\/wp\/v2\/users\/208"}],"replies":[{"embeddable":true,"href":"https:\/\/blogs.sld.cu\/ictus\/wp-json\/wp\/v2\/comments?post=32"}],"version-history":[{"count":17,"href":"https:\/\/blogs.sld.cu\/ictus\/wp-json\/wp\/v2\/pages\/32\/revisions"}],"predecessor-version":[{"id":188,"href":"https:\/\/blogs.sld.cu\/ictus\/wp-json\/wp\/v2\/pages\/32\/revisions\/188"}],"wp:attachment":[{"href":"https:\/\/blogs.sld.cu\/ictus\/wp-json\/wp\/v2\/media?parent=32"}],"curies":[{"name":"wp","href":"https:\/\/api.w.org\/{rel}","templated":true}]}}