{"id":36,"date":"2021-10-23T20:31:28","date_gmt":"2021-10-23T20:31:28","guid":{"rendered":"https:\/\/blogs.sld.cu\/ictus\/?page_id=36"},"modified":"2021-11-26T03:04:03","modified_gmt":"2021-11-26T03:04:03","slug":"medidas-preventivas","status":"publish","type":"page","link":"https:\/\/blogs.sld.cu\/ictus\/medidas-preventivas\/","title":{"rendered":"Medidas preventivas"},"content":{"rendered":"<p style=\"text-align: left;\">Hay factores de riesgo modificables y otros que no lo son.<\/p>\n<p>&nbsp;<\/p>\n<h3 style=\"text-align: left;\">MEDIDAS PREVENTIVAS<\/h3>\n<p style=\"text-align: left;\">Existen aspectos muy sencillos que dependen de nosotros y que nos pueden ayudar a evitar un ictus en el futuro, o a prevenirlo as\u00ed como a llevar una vida m\u00e1s saludable.<\/p>\n<p style=\"text-align: left;\">1.Realizar <strong>ejercicio f\u00edsico<\/strong> regularmente, la intensidad la marcar\u00e1 la persona y su edad.<\/p>\n<p style=\"text-align: left;\">2.Evitar el consumo de <strong>tabaco<\/strong> y <strong>alcohol<\/strong> y otras drogas.<\/p>\n<ol style=\"text-align: left;\" start=\"3\">\n<li><strong>Dieta sana<\/strong>, como la conocida por la dieta mediterr\u00e1nea (ver sitio de Insuficiencia cardiaca.<\/li>\n<li>Revisar regularmente nuestra presi\u00f3n arterial<\/li>\n<\/ol>\n<p style=\"text-align: left;\">y glicemia si es diab\u00e9tico y as\u00ed<strong> realizar los controles que nuestro m\u00e9dico nos recomiende.<\/strong><\/p>\n<p>&nbsp;<\/p>\n","protected":false},"excerpt":{"rendered":"<p>Hay factores de riesgo modificables y otros que no lo son. &nbsp; MEDIDAS PREVENTIVAS Existen aspectos muy sencillos que dependen de nosotros y que nos pueden ayudar a evitar un ictus en el futuro, o a prevenirlo as\u00ed como a llevar una vida m\u00e1s saludable. 1.Realizar ejercicio f\u00edsico regularmente, la intensidad la marcar\u00e1 la persona [&hellip;]<\/p>\n","protected":false},"author":208,"featured_media":0,"parent":0,"menu_order":0,"comment_status":"closed","ping_status":"closed","template":"","meta":[],"_links":{"self":[{"href":"https:\/\/blogs.sld.cu\/ictus\/wp-json\/wp\/v2\/pages\/36"}],"collection":[{"href":"https:\/\/blogs.sld.cu\/ictus\/wp-json\/wp\/v2\/pages"}],"about":[{"href":"https:\/\/blogs.sld.cu\/ictus\/wp-json\/wp\/v2\/types\/page"}],"author":[{"embeddable":true,"href":"https:\/\/blogs.sld.cu\/ictus\/wp-json\/wp\/v2\/users\/208"}],"replies":[{"embeddable":true,"href":"https:\/\/blogs.sld.cu\/ictus\/wp-json\/wp\/v2\/comments?post=36"}],"version-history":[{"count":6,"href":"https:\/\/blogs.sld.cu\/ictus\/wp-json\/wp\/v2\/pages\/36\/revisions"}],"predecessor-version":[{"id":127,"href":"https:\/\/blogs.sld.cu\/ictus\/wp-json\/wp\/v2\/pages\/36\/revisions\/127"}],"wp:attachment":[{"href":"https:\/\/blogs.sld.cu\/ictus\/wp-json\/wp\/v2\/media?parent=36"}],"curies":[{"name":"wp","href":"https:\/\/api.w.org\/{rel}","templated":true}]}}