{"id":38,"date":"2021-10-23T20:34:23","date_gmt":"2021-10-23T20:34:23","guid":{"rendered":"https:\/\/blogs.sld.cu\/ictus\/?page_id=38"},"modified":"2021-11-24T17:37:18","modified_gmt":"2021-11-24T17:37:18","slug":"recomendaciones","status":"publish","type":"page","link":"https:\/\/blogs.sld.cu\/ictus\/recomendaciones\/","title":{"rendered":"Recomendaciones"},"content":{"rendered":"<h2><strong>\u00a0<\/strong><\/h2>\n<h2><span style=\"color: #000000;\">Todo hombre, si se lo propone, puede ser, escultor de su propio cerebro.<\/span><\/h2>\n<p><strong>\u00a0<\/strong><strong>Santiago Ram\u00f3n y Cajal<\/strong><\/p>\n<p>&nbsp;<\/p>\n<p><strong><em>\u00a0<\/em><\/strong><\/p>\n<p>Lo m\u00e1s importante que tiene que saber un paciente que ha sufrido un ictus, es que la vida no acaba aqu\u00ed, y que empieza una nueva etapa con nuevos aprendizajes, o quiz\u00e1s aprendiendo de nuevo cosas que ya sabias, pero que ahora resultan nuevas para ti. El \u201cgolpe\u201d fue en el cerebro y afortunadamente, las c\u00e9lulas que lo componen y que tienen la funci\u00f3n principal, las <strong>neuronas<\/strong>, tienen una capacidad que es la <strong>plasticidad neuronal o neuroplasticidad. E<\/strong>sta propiedad de las neuronas nos permite cambiar, adaptarnos y aprender hasta el final.\u00a0 Por lo que mientras m\u00e1s activo se mantenga el cerebro de una persona, m\u00e1s altas ser\u00e1n las posibilidades de recuperaci\u00f3nque tendr\u00e1.*<\/p>\n<p>Seg\u00fan la Dra. Sandra Jurado del Instituto de Neurociencias de Alicante.<\/p>\n<p>&nbsp;<\/p>\n","protected":false},"excerpt":{"rendered":"<p>\u00a0 Todo hombre, si se lo propone, puede ser, escultor de su propio cerebro. \u00a0Santiago Ram\u00f3n y Cajal &nbsp; \u00a0 Lo m\u00e1s importante que tiene que saber un paciente que ha sufrido un ictus, es que la vida no acaba aqu\u00ed, y que empieza una nueva etapa con nuevos aprendizajes, o quiz\u00e1s aprendiendo de nuevo [&hellip;]<\/p>\n","protected":false},"author":208,"featured_media":0,"parent":0,"menu_order":0,"comment_status":"closed","ping_status":"closed","template":"","meta":[],"_links":{"self":[{"href":"https:\/\/blogs.sld.cu\/ictus\/wp-json\/wp\/v2\/pages\/38"}],"collection":[{"href":"https:\/\/blogs.sld.cu\/ictus\/wp-json\/wp\/v2\/pages"}],"about":[{"href":"https:\/\/blogs.sld.cu\/ictus\/wp-json\/wp\/v2\/types\/page"}],"author":[{"embeddable":true,"href":"https:\/\/blogs.sld.cu\/ictus\/wp-json\/wp\/v2\/users\/208"}],"replies":[{"embeddable":true,"href":"https:\/\/blogs.sld.cu\/ictus\/wp-json\/wp\/v2\/comments?post=38"}],"version-history":[{"count":9,"href":"https:\/\/blogs.sld.cu\/ictus\/wp-json\/wp\/v2\/pages\/38\/revisions"}],"predecessor-version":[{"id":89,"href":"https:\/\/blogs.sld.cu\/ictus\/wp-json\/wp\/v2\/pages\/38\/revisions\/89"}],"wp:attachment":[{"href":"https:\/\/blogs.sld.cu\/ictus\/wp-json\/wp\/v2\/media?parent=38"}],"curies":[{"name":"wp","href":"https:\/\/api.w.org\/{rel}","templated":true}]}}