{"id":13,"date":"2022-04-29T15:11:42","date_gmt":"2022-04-29T15:11:42","guid":{"rendered":"https:\/\/blogs.sld.cu\/impetigo\/?page_id=13"},"modified":"2022-04-29T16:31:09","modified_gmt":"2022-04-29T16:31:09","slug":"diagnostico-tratamiento","status":"publish","type":"page","link":"https:\/\/blogs.sld.cu\/impetigo\/diagnostico-tratamiento\/","title":{"rendered":"Diagn\u00f3stico\/Tratamiento"},"content":{"rendered":"<p>El imp\u00e9tigo es una infecci\u00f3n\u00a0 muy contagiosa de la piel,\u00a0 que afecta principalmente a los beb\u00e9s y a los ni\u00f1os peque\u00f1os. Por lo general, se manifiesta mediante la aparici\u00f3n de lesiones rojas en la cara,\u00a0 alrededor de la nariz y la boca,\u00a0 en las manos y en los pies. En una semana, las lesiones producen un l\u00edquido que al secarse forma una\u00a0 costra del \u00a0color de la miel.<\/p>\n<h2>Diagn\u00f3stico<\/h2>\n<p>El diagn\u00f3stico es cl\u00ednico y no requiere de an\u00e1lisis de laboratorio.<\/p>\n<h3><\/h3>\n<h3>Tratamiento<\/h3>\n<p>tratamiento con antibi\u00f3ticos puede limitar el contagio del imp\u00e9tigo a otras personas. Los ni\u00f1os con imp\u00e9tigo no deben ir a la escuela ni al c\u00edrculo infantil hasta que dejen de contagiar, lo que suele suceder 24 horas despu\u00e9s de comenzar el tratamiento con antibi\u00f3ticos.<\/p>\n<p>Ni\u00f1os de c\u00edrculo<\/p>\n","protected":false},"excerpt":{"rendered":"<p>El imp\u00e9tigo es una infecci\u00f3n\u00a0 muy contagiosa de la piel,\u00a0 que afecta principalmente a los beb\u00e9s y a los ni\u00f1os peque\u00f1os. Por lo general, se manifiesta mediante la aparici\u00f3n de lesiones rojas en la cara,\u00a0 alrededor de la nariz y la boca,\u00a0 en las manos y en los pies. En una semana, las lesiones producen [&hellip;]<\/p>\n","protected":false},"author":208,"featured_media":0,"parent":0,"menu_order":0,"comment_status":"closed","ping_status":"closed","template":"","meta":[],"_links":{"self":[{"href":"https:\/\/blogs.sld.cu\/impetigo\/wp-json\/wp\/v2\/pages\/13"}],"collection":[{"href":"https:\/\/blogs.sld.cu\/impetigo\/wp-json\/wp\/v2\/pages"}],"about":[{"href":"https:\/\/blogs.sld.cu\/impetigo\/wp-json\/wp\/v2\/types\/page"}],"author":[{"embeddable":true,"href":"https:\/\/blogs.sld.cu\/impetigo\/wp-json\/wp\/v2\/users\/208"}],"replies":[{"embeddable":true,"href":"https:\/\/blogs.sld.cu\/impetigo\/wp-json\/wp\/v2\/comments?post=13"}],"version-history":[{"count":4,"href":"https:\/\/blogs.sld.cu\/impetigo\/wp-json\/wp\/v2\/pages\/13\/revisions"}],"predecessor-version":[{"id":34,"href":"https:\/\/blogs.sld.cu\/impetigo\/wp-json\/wp\/v2\/pages\/13\/revisions\/34"}],"wp:attachment":[{"href":"https:\/\/blogs.sld.cu\/impetigo\/wp-json\/wp\/v2\/media?parent=13"}],"curies":[{"name":"wp","href":"https:\/\/api.w.org\/{rel}","templated":true}]}}