{"id":15,"date":"2022-04-29T15:14:01","date_gmt":"2022-04-29T15:14:01","guid":{"rendered":"https:\/\/blogs.sld.cu\/impetigo\/?page_id=15"},"modified":"2022-05-24T03:52:41","modified_gmt":"2022-05-24T03:52:41","slug":"prevencion","status":"publish","type":"page","link":"https:\/\/blogs.sld.cu\/impetigo\/prevencion\/","title":{"rendered":"Prevenci\u00f3n"},"content":{"rendered":"<h3>Prevenci\u00f3n<\/h3>\n<p>Mantener la piel de los ni\u00f1os bien limpia puede ayudar a prevenir el imp\u00e9tigo. Si son bebes mantener limpia de baba la zona de la barbilla y los alrededores\u00a0 de la nariz, Los ni\u00f1os deben aprender a\u00a0 lavarse las manos bien y con frecuencia, as\u00ed como darse ba\u00f1os o duchas con regularidad. Preste especial atenci\u00f3n a las heridas en la piel (cortes, rasgu\u00f1os, picaduras de insectos, etc.), las \u00e1reas con eccema y las erupciones. Mantenga esas zonas limpias y cubiertas.<\/p>\n<p>Complicaciones<\/p>\n<p>Las complicaciones se prodiuen\u00a0 por infecciones oportunistas<\/p>\n","protected":false},"excerpt":{"rendered":"<p>Prevenci\u00f3n Mantener la piel de los ni\u00f1os bien limpia puede ayudar a prevenir el imp\u00e9tigo. Si son bebes mantener limpia de baba la zona de la barbilla y los alrededores\u00a0 de la nariz, Los ni\u00f1os deben aprender a\u00a0 lavarse las manos bien y con frecuencia, as\u00ed como darse ba\u00f1os o duchas con regularidad. Preste especial [&hellip;]<\/p>\n","protected":false},"author":208,"featured_media":0,"parent":0,"menu_order":0,"comment_status":"closed","ping_status":"closed","template":"","meta":[],"_links":{"self":[{"href":"https:\/\/blogs.sld.cu\/impetigo\/wp-json\/wp\/v2\/pages\/15"}],"collection":[{"href":"https:\/\/blogs.sld.cu\/impetigo\/wp-json\/wp\/v2\/pages"}],"about":[{"href":"https:\/\/blogs.sld.cu\/impetigo\/wp-json\/wp\/v2\/types\/page"}],"author":[{"embeddable":true,"href":"https:\/\/blogs.sld.cu\/impetigo\/wp-json\/wp\/v2\/users\/208"}],"replies":[{"embeddable":true,"href":"https:\/\/blogs.sld.cu\/impetigo\/wp-json\/wp\/v2\/comments?post=15"}],"version-history":[{"count":6,"href":"https:\/\/blogs.sld.cu\/impetigo\/wp-json\/wp\/v2\/pages\/15\/revisions"}],"predecessor-version":[{"id":78,"href":"https:\/\/blogs.sld.cu\/impetigo\/wp-json\/wp\/v2\/pages\/15\/revisions\/78"}],"wp:attachment":[{"href":"https:\/\/blogs.sld.cu\/impetigo\/wp-json\/wp\/v2\/media?parent=15"}],"curies":[{"name":"wp","href":"https:\/\/api.w.org\/{rel}","templated":true}]}}