{"id":2,"date":"2022-04-01T14:31:33","date_gmt":"2022-04-01T14:31:33","guid":{"rendered":"https:\/\/blogs.sld.cu\/impetigo\/?page_id=2"},"modified":"2022-05-30T17:19:14","modified_gmt":"2022-05-30T17:19:14","slug":"pagina-ejemplo","status":"publish","type":"page","link":"https:\/\/blogs.sld.cu\/impetigo\/pagina-ejemplo\/","title":{"rendered":"Preguntas frecuentes"},"content":{"rendered":"<h3><img class=\"n3VNCb\" src=\"https:\/\/encrypted-tbn0.gstatic.com\/images?q=tbn:ANd9GcTL0XL1qrnueF7S9aETIxoow1Mvea7eaekHTg&amp;usqp=CAU\" alt=\"Brazo Del Ni\u00f1o Con Imp\u00e9tigo Foto de stock y m\u00e1s banco de im\u00e1genes de Imp\u00e9tigo - iStock\" data-noaft=\"1\" \/><img class=\"n3VNCb\" src=\"https:\/\/encrypted-tbn0.gstatic.com\/images?q=tbn:ANd9GcTL0XL1qrnueF7S9aETIxoow1Mvea7eaekHTg&amp;usqp=CAU\" alt=\"Brazo Del Ni\u00f1o Con Imp\u00e9tigo Foto de stock y m\u00e1s banco de im\u00e1genes de Imp\u00e9tigo - iStock\" data-noaft=\"1\" \/><\/h3>\n<h3>sobre Imp\u00e9tigo<\/h3>\n<p><strong>\u00a0<\/strong><\/p>\n<p><strong>\u00bfEl imp\u00e9tigo solo puede afectar la piel?<\/strong> Afecta la piel pero los g\u00e9rmenes causante pueden pasar a la sangre y afectar otros \u00f3rganos como los ri\u00f1ones y causar pielonefritis o nefrosis.<\/p>\n<p>&nbsp;<\/p>\n<p>\u00bf<strong>Cu\u00e1ndo deja de contagiar el imp\u00e9tigo?<\/strong><\/p>\n<p>\u00bfPor cu\u00e1nto tiempo son contagiosas las personas infectadas? Si el <strong>imp\u00e9tigo<\/strong> es tratado con medicamentos, <strong>deja de ser contagioso<\/strong> luego de 24 a 48 horas. Sin tratamiento, el <strong>imp\u00e9tigo<\/strong> suele curarse solo luego de 2 a 4 semanas.<\/p>\n<p>&nbsp;<\/p>\n<p>&nbsp;<\/p>\n<p><strong>\u00bfQu\u00e9 tan peligroso es el imp\u00e9tigo?<\/strong><\/p>\n<p>La desventaja de dejar el <strong>imp\u00e9tigo<\/strong> sin tratar es que algunas personas pueden presentar m\u00e1s lesiones, las cuales se propagan a otras partes del cuerpo). Y uno puede infectar a los dem\u00e1s.3 dic 2018<\/p>\n<p>&nbsp;<\/p>\n<p><strong>\u00bfC\u00f3mo limpiar el imp\u00e9tigo?<\/strong><\/p>\n<p>lavando las zonas infectadas con agua y jab\u00f3n; cubriendo holgadamente las costras y llagas hasta que sanen; retirando con cuidado las costras secas; y. lav\u00e1ndose las manos con agua y jab\u00f3n despu\u00e9s de tocar superficies o personas infectadas.<\/p>\n<p>&nbsp;<\/p>\n<p><strong>C\u00f3mo tratar el imp\u00e9tigo<\/strong><\/p>\n<p>Est\u00e9 atento a estos indicios de imp\u00e9tigo:<\/p>\n<ul>\n<li>llagas rojizas que causan comez\u00f3n, se llenan de l\u00edquido y luego revientan, formando una costra amarillenta<\/li>\n<li>erupciones pruriginosas<\/li>\n<li>ampollas llenas de l\u00edquido<\/li>\n<\/ul>\n<p>Si observa estos s\u00edntomas, acuda a su proveedor de servicios de salud. Por lo general, el imp\u00e9tigo es tratado con antibi\u00f3ticos t\u00f3picos u orales. Si tiene lesiones m\u00faltiples o si hay un brote, su m\u00e9dico podr\u00eda prescribirle un antibi\u00f3tico oral. No hay ning\u00fan tratamiento para el imp\u00e9tigo que no necesite receta m\u00e9dica<\/p>\n<p><strong><a href=\"https:\/\/aleph.org.mx\/out\/-MYPlpKSflOsuZ5WRilt\">\u00bfCu\u00e1nto tiempo tarda en sanar el impetigo?<\/a><\/strong><\/p>\n<p>Sin tratamiento, el <strong>imp\u00e9tigo<\/strong> suele curarse solo luego de 2 a 4 semanas. Es importante mantener a los ni\u00f1os en la casa hasta que ya no sean contagiosos \u2013normalmente 24 horas despu\u00e9s de iniciar tratamiento con antibi\u00f3ticos o hasta que las lesiones se hayan curado y no haya nuevas lesiones.<\/p>\n<p><strong>\u00a0<\/strong><\/p>\n<p><a href=\"https:\/\/aleph.org.mx\/out\/-MYPlp6jAFSmpSXzBXUl\"><strong>\u00bfQu\u00e9 es bueno para el impetigo?<\/strong><\/a><\/p>\n<p>El <strong>imp\u00e9tigo<\/strong> por lo general se trata <strong>con<\/strong> una crema o ung\u00fcento antibi\u00f3tico <strong>que<\/strong> te aplicas directamente <strong>en<\/strong> las llagas. Es posible <strong>que<\/strong> primero necesites humedecer la zona afectada <strong>con<\/strong> agua tibia o utilizar compresas h\u00famedas <strong>para<\/strong> ayudar a eliminar las costras a fin de <strong>que<\/strong> el antibi\u00f3tico pueda penetrar la piel.<\/p>\n<p>&nbsp;<\/p>\n<p><strong>\u00bfC\u00f3mo se diferencia el imp\u00e9tigo de otras enfermedades de la piel?<\/strong><\/p>\n<p><strong>\u00bfPueden tener fiebre los ni\u00f1os con im\u00e9tigo?<\/strong><\/p>\n<p>&nbsp;<\/p>\n","protected":false},"excerpt":{"rendered":"<p>sobre Imp\u00e9tigo \u00a0 \u00bfEl imp\u00e9tigo solo puede afectar la piel? Afecta la piel pero los g\u00e9rmenes causante pueden pasar a la sangre y afectar otros \u00f3rganos como los ri\u00f1ones y causar pielonefritis o nefrosis. &nbsp; \u00bfCu\u00e1ndo deja de contagiar el imp\u00e9tigo? \u00bfPor cu\u00e1nto tiempo son contagiosas las personas infectadas? Si el imp\u00e9tigo es tratado con [&hellip;]<\/p>\n","protected":false},"author":212,"featured_media":0,"parent":0,"menu_order":0,"comment_status":"closed","ping_status":"open","template":"","meta":[],"_links":{"self":[{"href":"https:\/\/blogs.sld.cu\/impetigo\/wp-json\/wp\/v2\/pages\/2"}],"collection":[{"href":"https:\/\/blogs.sld.cu\/impetigo\/wp-json\/wp\/v2\/pages"}],"about":[{"href":"https:\/\/blogs.sld.cu\/impetigo\/wp-json\/wp\/v2\/types\/page"}],"author":[{"embeddable":true,"href":"https:\/\/blogs.sld.cu\/impetigo\/wp-json\/wp\/v2\/users\/212"}],"replies":[{"embeddable":true,"href":"https:\/\/blogs.sld.cu\/impetigo\/wp-json\/wp\/v2\/comments?post=2"}],"version-history":[{"count":7,"href":"https:\/\/blogs.sld.cu\/impetigo\/wp-json\/wp\/v2\/pages\/2\/revisions"}],"predecessor-version":[{"id":59,"href":"https:\/\/blogs.sld.cu\/impetigo\/wp-json\/wp\/v2\/pages\/2\/revisions\/59"}],"wp:attachment":[{"href":"https:\/\/blogs.sld.cu\/impetigo\/wp-json\/wp\/v2\/media?parent=2"}],"curies":[{"name":"wp","href":"https:\/\/api.w.org\/{rel}","templated":true}]}}