{"id":9,"date":"2022-04-29T14:59:10","date_gmt":"2022-04-29T14:59:10","guid":{"rendered":"https:\/\/blogs.sld.cu\/impetigo\/?page_id=9"},"modified":"2022-04-29T16:27:23","modified_gmt":"2022-04-29T16:27:23","slug":"acerca-de","status":"publish","type":"page","link":"https:\/\/blogs.sld.cu\/impetigo\/acerca-de\/","title":{"rendered":"Acerca de"},"content":{"rendered":"<p>El imp\u00e9tigo es una infecci\u00f3n\u00a0 muy contagiosa de la piel,\u00a0 que afecta principalmente a los beb\u00e9s y a los ni\u00f1os peque\u00f1os. Por lo general, se manifiesta mediante la aparici\u00f3n de lesiones rojas en la cara,\u00a0 alrededor de la nariz y la boca,\u00a0 en las manos y en los pies. En una semana, las lesiones producen un l\u00edquido que al secarse forma una\u00a0 costra del \u00a0color de la miel.<\/p>\n<p>: Edad. Ni\u00f1os de c\u00edrculo<\/p>\n","protected":false},"excerpt":{"rendered":"<p>El imp\u00e9tigo es una infecci\u00f3n\u00a0 muy contagiosa de la piel,\u00a0 que afecta principalmente a los beb\u00e9s y a los ni\u00f1os peque\u00f1os. Por lo general, se manifiesta mediante la aparici\u00f3n de lesiones rojas en la cara,\u00a0 alrededor de la nariz y la boca,\u00a0 en las manos y en los pies. En una semana, las lesiones producen [&hellip;]<\/p>\n","protected":false},"author":208,"featured_media":0,"parent":0,"menu_order":0,"comment_status":"closed","ping_status":"closed","template":"","meta":[],"_links":{"self":[{"href":"https:\/\/blogs.sld.cu\/impetigo\/wp-json\/wp\/v2\/pages\/9"}],"collection":[{"href":"https:\/\/blogs.sld.cu\/impetigo\/wp-json\/wp\/v2\/pages"}],"about":[{"href":"https:\/\/blogs.sld.cu\/impetigo\/wp-json\/wp\/v2\/types\/page"}],"author":[{"embeddable":true,"href":"https:\/\/blogs.sld.cu\/impetigo\/wp-json\/wp\/v2\/users\/208"}],"replies":[{"embeddable":true,"href":"https:\/\/blogs.sld.cu\/impetigo\/wp-json\/wp\/v2\/comments?post=9"}],"version-history":[{"count":3,"href":"https:\/\/blogs.sld.cu\/impetigo\/wp-json\/wp\/v2\/pages\/9\/revisions"}],"predecessor-version":[{"id":75,"href":"https:\/\/blogs.sld.cu\/impetigo\/wp-json\/wp\/v2\/pages\/9\/revisions\/75"}],"wp:attachment":[{"href":"https:\/\/blogs.sld.cu\/impetigo\/wp-json\/wp\/v2\/media?parent=9"}],"curies":[{"name":"wp","href":"https:\/\/api.w.org\/{rel}","templated":true}]}}