{"id":19,"date":"2021-03-30T05:19:37","date_gmt":"2021-03-30T05:19:37","guid":{"rendered":"http:\/\/blogs.sld.cu\/influenza\/?page_id=19"},"modified":"2021-05-26T03:17:34","modified_gmt":"2021-05-26T03:17:34","slug":"acerca-de","status":"publish","type":"page","link":"https:\/\/blogs.sld.cu\/influenza\/acerca-de\/","title":{"rendered":"Acerca de"},"content":{"rendered":"<p><span style=\"font-size: 10pt; font-family: verdana, geneva;\">La influenza o gripe, es una infecci\u00f3n viral que ataca el sistema respiratorio. Existen 4 variantes del virus de la influenza A, B, C y D.<\/span><\/p>\n<p><span style=\"font-size: 10pt; font-family: verdana, geneva;\">En la mayor\u00eda de las personas, la influenza desaparece por s\u00ed sola. Pero a veces esta enfermedad y sus complicaciones, causan muchos da\u00f1os en el sistema respiratorio y puede llegar a ser mortal, lo que depende de la respuesta inmunol\u00f3gica de la persona. Las grupos con mayor riesgo de presentar complicaciones de la influenza son:<\/span><\/p>\n<p><span style=\"font-size: 10pt; font-family: verdana, geneva;\">Los ni\u00f1os menores de 5 a\u00f1os, especialmente los menores de 6 meses.<\/span><\/p>\n<p><span style=\"font-size: 10pt; font-family: verdana, geneva;\">Los adultos mayores de 65\u00a0a\u00f1os.<\/span><\/p>\n<p><span style=\"font-size: 10pt; font-family: verdana, geneva;\">Las personas que se encuentran en casas de abuelos y otros sitios de internamiento o en otro centro de atenci\u00f3n m\u00e9dica de larga estancia.<br \/>\n<\/span><\/p>\n<p><span style=\"font-size: 10pt; font-family: verdana, geneva;\">Las mujeres embarazadas y hasta dos semanas despu\u00e9s del parto.<\/span><\/p>\n<p><span style=\"font-size: 10pt; font-family: verdana, geneva;\">Las personas que tienen el sistema inmunitario d\u00e9bil.<\/span><\/p>\n<p><span style=\"font-size: 10pt; font-family: verdana, geneva;\">Las personas con enfermedades cr\u00f3nicas como asma, enfermedades card\u00edacas, enfermedad renal, enfermedad del h\u00edgado y diabetes.<\/span><\/p>\n<p><span style=\"font-family: verdana, geneva; font-size: 10pt;\">Las personas obesas.<br \/>\n<\/span><\/p>\n","protected":false},"excerpt":{"rendered":"<p>La influenza o gripe, es una infecci\u00f3n viral que ataca el sistema respiratorio. Existen 4 variantes del virus de la influenza A, B, C y D. En la mayor\u00eda de las personas, la influenza desaparece por s\u00ed sola. Pero a veces esta enfermedad y sus complicaciones, causan muchos da\u00f1os en el sistema respiratorio y puede [&hellip;]<\/p>\n","protected":false},"author":208,"featured_media":0,"parent":0,"menu_order":0,"comment_status":"closed","ping_status":"open","template":"","meta":[],"_links":{"self":[{"href":"https:\/\/blogs.sld.cu\/influenza\/wp-json\/wp\/v2\/pages\/19"}],"collection":[{"href":"https:\/\/blogs.sld.cu\/influenza\/wp-json\/wp\/v2\/pages"}],"about":[{"href":"https:\/\/blogs.sld.cu\/influenza\/wp-json\/wp\/v2\/types\/page"}],"author":[{"embeddable":true,"href":"https:\/\/blogs.sld.cu\/influenza\/wp-json\/wp\/v2\/users\/208"}],"replies":[{"embeddable":true,"href":"https:\/\/blogs.sld.cu\/influenza\/wp-json\/wp\/v2\/comments?post=19"}],"version-history":[{"count":7,"href":"https:\/\/blogs.sld.cu\/influenza\/wp-json\/wp\/v2\/pages\/19\/revisions"}],"predecessor-version":[{"id":108,"href":"https:\/\/blogs.sld.cu\/influenza\/wp-json\/wp\/v2\/pages\/19\/revisions\/108"}],"wp:attachment":[{"href":"https:\/\/blogs.sld.cu\/influenza\/wp-json\/wp\/v2\/media?parent=19"}],"curies":[{"name":"wp","href":"https:\/\/api.w.org\/{rel}","templated":true}]}}