{"id":23,"date":"2021-03-30T05:21:17","date_gmt":"2021-03-30T05:21:17","guid":{"rendered":"http:\/\/blogs.sld.cu\/influenza\/?page_id=23"},"modified":"2021-05-26T03:29:30","modified_gmt":"2021-05-26T03:29:30","slug":"causassintomas","status":"publish","type":"page","link":"https:\/\/blogs.sld.cu\/influenza\/causassintomas\/","title":{"rendered":"Causas\/S\u00edntomas"},"content":{"rendered":"<h3><span style=\"font-size: 14pt; font-family: verdana, geneva;\"><strong>Causas<\/strong><\/span><\/h3>\n<p><span style=\"font-size: 10pt; font-family: verdana, geneva;\">Los virus de influenza viajan por el aire en gotitas cuando alguien que tiene la infecci\u00f3n tose, estornuda, o habla. Es posible inhalar las gotitas directamente, o contagiarse por medio de un objeto (un tel\u00e9fono o un teclado de computadora) y luego transferir los virus a los ojos, la nariz o la boca.<\/span><\/p>\n<p><span style=\"font-size: 10pt; font-family: verdana, geneva;\">Las personas que tienen el virus probablemente sean contagiosas aproximadamente desde el d\u00eda antes a cinco d\u00edas despu\u00e9s de que se presenten los s\u00edntomas. Los ni\u00f1os y las personas con el sistema inmunitario debilitado quiz\u00e1s sean contagiosos por un tiempo un poco m\u00e1s largo.<\/span><\/p>\n<p><span style=\"font-size: 10pt; font-family: verdana, geneva;\">Los virus de la influenza est\u00e1n cambiando constantemente, con nuevas cepas que aparecen de manera regular. Si has tenido influenza en el pasado, tu cuerpo ya produjo anticuerpos para combatir esa cepa espec\u00edfica del virus. Si los virus futuros de la influenza son similares a los que ya enfrentaste por tener la enfermedad o por vacunarte, esos anticuerpos pueden prevenir la infecci\u00f3n o reducir su gravedad. Pero los niveles de anticuerpos quiz\u00e1s bajen con el tiempo.<\/span><\/p>\n<h3><span style=\"font-size: 12pt; font-family: verdana, geneva;\"><span style=\"font-size: 14pt;\"><a title=\"S\u00edntomas\" href=\"http:\/\/blogs.sld.cu\/influenza\/sintomas\/\"><strong>S\u00edntomas<\/strong><\/a><\/span><br \/>\n<\/span><\/h3>\n","protected":false},"excerpt":{"rendered":"<p>Causas Los virus de influenza viajan por el aire en gotitas cuando alguien que tiene la infecci\u00f3n tose, estornuda, o habla. Es posible inhalar las gotitas directamente, o contagiarse por medio de un objeto (un tel\u00e9fono o un teclado de computadora) y luego transferir los virus a los ojos, la nariz o la boca. Las [&hellip;]<\/p>\n","protected":false},"author":208,"featured_media":0,"parent":0,"menu_order":0,"comment_status":"closed","ping_status":"open","template":"","meta":[],"_links":{"self":[{"href":"https:\/\/blogs.sld.cu\/influenza\/wp-json\/wp\/v2\/pages\/23"}],"collection":[{"href":"https:\/\/blogs.sld.cu\/influenza\/wp-json\/wp\/v2\/pages"}],"about":[{"href":"https:\/\/blogs.sld.cu\/influenza\/wp-json\/wp\/v2\/types\/page"}],"author":[{"embeddable":true,"href":"https:\/\/blogs.sld.cu\/influenza\/wp-json\/wp\/v2\/users\/208"}],"replies":[{"embeddable":true,"href":"https:\/\/blogs.sld.cu\/influenza\/wp-json\/wp\/v2\/comments?post=23"}],"version-history":[{"count":6,"href":"https:\/\/blogs.sld.cu\/influenza\/wp-json\/wp\/v2\/pages\/23\/revisions"}],"predecessor-version":[{"id":110,"href":"https:\/\/blogs.sld.cu\/influenza\/wp-json\/wp\/v2\/pages\/23\/revisions\/110"}],"wp:attachment":[{"href":"https:\/\/blogs.sld.cu\/influenza\/wp-json\/wp\/v2\/media?parent=23"}],"curies":[{"name":"wp","href":"https:\/\/api.w.org\/{rel}","templated":true}]}}