{"id":25,"date":"2021-03-30T05:22:18","date_gmt":"2021-03-30T05:22:18","guid":{"rendered":"http:\/\/blogs.sld.cu\/influenza\/?page_id=25"},"modified":"2021-05-26T03:38:34","modified_gmt":"2021-05-26T03:38:34","slug":"diagnosticotratamiento","status":"publish","type":"page","link":"https:\/\/blogs.sld.cu\/influenza\/diagnosticotratamiento\/","title":{"rendered":"Diagn\u00f3stico\/Tratamiento"},"content":{"rendered":"<p><span style=\"font-size: 10pt; font-family: verdana, geneva;\">El m\u00e9dico realizar\u00e1 un examen f\u00edsico, buscar\u00e1 signos y s\u00edntomas de influenza, y es probable que pida un an\u00e1lisis que detecte los virus de esta enfermedad.<\/span><\/p>\n<p><a href=\"http:\/\/blogs.sld.cu\/influenza\/files\/2021\/03\/1140-woman-doctor-stethoscope-back-copd-quiz-esp.imgcache.rev_.web_.900.518.jpg\"><img loading=\"lazy\" class=\"alignnone wp-image-87\" src=\"http:\/\/blogs.sld.cu\/influenza\/files\/2021\/03\/1140-woman-doctor-stethoscope-back-copd-quiz-esp.imgcache.rev_.web_.900.518.jpg\" alt=\"Doctor auscultando una paciente con sospecha de influenza\" width=\"545\" height=\"314\" srcset=\"https:\/\/blogs.sld.cu\/influenza\/files\/2021\/03\/1140-woman-doctor-stethoscope-back-copd-quiz-esp.imgcache.rev_.web_.900.518.jpg 900w, https:\/\/blogs.sld.cu\/influenza\/files\/2021\/03\/1140-woman-doctor-stethoscope-back-copd-quiz-esp.imgcache.rev_.web_.900.518-300x173.jpg 300w, https:\/\/blogs.sld.cu\/influenza\/files\/2021\/03\/1140-woman-doctor-stethoscope-back-copd-quiz-esp.imgcache.rev_.web_.900.518-250x144.jpg 250w\" sizes=\"(max-width: 545px) 100vw, 545px\" \/><\/a><\/p>\n<p><span style=\"font-size: 10pt; font-family: verdana, geneva;\">Durante los per\u00edodos en que la influenza es com\u00fan, quiz\u00e1s no se necesite un an\u00e1lisis para detectarla. El m\u00e9dico podr\u00eda recetarle los medicamentos en funci\u00f3n de sus signos y s\u00edntomas.<\/span><\/p>\n<h3><span style=\"font-size: 12pt; font-family: verdana, geneva;\"><strong>Tratamiento<\/strong><\/span><\/h3>\n<p><span style=\"font-size: 10pt; font-family: verdana, geneva;\">La influenza generalmente no necesita un tratamiento espec\u00edfico, pues en condiciones normales el descanso y tomar mucho l\u00edquido es suficiente para tratarla. La mayor parte de las veces no es grave. Aunque las personas pueden sentirse muy mal mientras la tienen, la influenza desaparece en una semana o dos sin efectos a largo plazo. <\/span><\/p>\n<p><span style=\"font-size: 10pt; font-family: verdana, geneva;\">Las condiciones cambian para personas con alto riesgo, como los ni\u00f1os y los adultos mayores que pueden presentar complicaciones:<\/span><\/p>\n<ul>\n<li><span style=\"font-size: 10pt; font-family: verdana, geneva;\">neumon\u00eda<\/span><\/li>\n<li><span style=\"font-size: 10pt; font-family: verdana, geneva;\">bronquitis<\/span><\/li>\n<li><span style=\"font-size: 10pt; font-family: verdana, geneva;\">brotes asm\u00e1ticos<\/span><\/li>\n<li><span style=\"font-size: 10pt; font-family: verdana, geneva;\">problemas de coraz\u00f3n<\/span><\/li>\n<li><span style=\"font-size: 10pt; font-family: verdana, geneva;\">infecciones del o\u00eddo<\/span><\/li>\n<li><span style=\"font-size: 10pt; font-family: verdana, geneva;\">s\u00edndrome de dificultad respiratoria aguda<\/span><\/li>\n<\/ul>\n<p><span style=\"font-size: 10pt; font-family: verdana, geneva;\">La neumon\u00eda es una de las complicaciones m\u00e1s graves. Puede ser mortal para los adultos mayores y las personas con enfermedades cr\u00f3nicas.<\/span><\/p>\n<p>&nbsp;<\/p>\n","protected":false},"excerpt":{"rendered":"<p>El m\u00e9dico realizar\u00e1 un examen f\u00edsico, buscar\u00e1 signos y s\u00edntomas de influenza, y es probable que pida un an\u00e1lisis que detecte los virus de esta enfermedad. Durante los per\u00edodos en que la influenza es com\u00fan, quiz\u00e1s no se necesite un an\u00e1lisis para detectarla. El m\u00e9dico podr\u00eda recetarle los medicamentos en funci\u00f3n de sus signos y [&hellip;]<\/p>\n","protected":false},"author":208,"featured_media":0,"parent":0,"menu_order":0,"comment_status":"closed","ping_status":"open","template":"","meta":[],"_links":{"self":[{"href":"https:\/\/blogs.sld.cu\/influenza\/wp-json\/wp\/v2\/pages\/25"}],"collection":[{"href":"https:\/\/blogs.sld.cu\/influenza\/wp-json\/wp\/v2\/pages"}],"about":[{"href":"https:\/\/blogs.sld.cu\/influenza\/wp-json\/wp\/v2\/types\/page"}],"author":[{"embeddable":true,"href":"https:\/\/blogs.sld.cu\/influenza\/wp-json\/wp\/v2\/users\/208"}],"replies":[{"embeddable":true,"href":"https:\/\/blogs.sld.cu\/influenza\/wp-json\/wp\/v2\/comments?post=25"}],"version-history":[{"count":14,"href":"https:\/\/blogs.sld.cu\/influenza\/wp-json\/wp\/v2\/pages\/25\/revisions"}],"predecessor-version":[{"id":114,"href":"https:\/\/blogs.sld.cu\/influenza\/wp-json\/wp\/v2\/pages\/25\/revisions\/114"}],"wp:attachment":[{"href":"https:\/\/blogs.sld.cu\/influenza\/wp-json\/wp\/v2\/media?parent=25"}],"curies":[{"name":"wp","href":"https:\/\/api.w.org\/{rel}","templated":true}]}}