{"id":31,"date":"2021-03-30T05:25:22","date_gmt":"2021-03-30T05:25:22","guid":{"rendered":"http:\/\/blogs.sld.cu\/influenza\/?page_id=31"},"modified":"2021-05-26T04:30:31","modified_gmt":"2021-05-26T04:30:31","slug":"preguntas-frecuentes","status":"publish","type":"page","link":"https:\/\/blogs.sld.cu\/influenza\/preguntas-frecuentes\/","title":{"rendered":"Preguntas frecuentes"},"content":{"rendered":"<p><span style=\"font-family: verdana, geneva; font-size: 10pt;\"><strong>\u00bfCu\u00e1l es el agente causal de la influenza?<\/strong><\/span><\/p>\n<div class=\"m6vS6b PZPZlf\"><span style=\"font-family: verdana, geneva; font-size: 10pt;\">La\u00a0<b>influenza<\/b>\u00a0o gripe es una enfermedad respiratoria aguda que afecta a todos los grupos etarios. Su\u00a0<b>agente<\/b>\u00a0causal es el virus de la\u00a0<b>Influenza<\/b>\u00a0(A, B,\u00a0 C o D) que se caracteriza por poseer una gran variabilidad gen\u00e9tica y el potencial de causar epidemias y pandemias.<\/span><\/div>\n<div class=\"m6vS6b PZPZlf\"><span style=\"font-family: verdana, geneva; font-size: 10pt;\">\u00a0<\/span><\/div>\n<div class=\"m6vS6b PZPZlf\"><span style=\"font-family: verdana, geneva; font-size: 10pt;\"><strong>\u00bfLa vacuna evita la infecci\u00f3n?<\/strong><\/span><\/div>\n<div class=\"m6vS6b PZPZlf\"><span style=\"font-family: verdana, geneva; font-size: 10pt;\">Una vacuna anual puede prevenir la gripe y limitar sus complicaciones, pero no evita el contagio.<\/span><\/div>\n<div class=\"m6vS6b PZPZlf\"><span style=\"font-family: verdana, geneva; font-size: 10pt;\">\u00a0<\/span><\/div>\n<div class=\"m6vS6b PZPZlf\"><span style=\"font-family: verdana, geneva; font-size: 10pt;\"><strong>\u00bfC\u00f3mo se transmite el virus de la influenza?<\/strong><\/span><\/div>\n<p><span style=\"font-family: verdana, geneva; font-size: 10pt;\">Se trasmite por contacto de una persona a otra, cuando habla, canta, tose o estornuda, de ah\u00ed que es necesario mantener las medidas higi\u00e9nico-sanitarias, de distanciamiento, uso de mascarillas y el lavado frecuente de las manos.<\/span><\/p>\n<p><span style=\"font-family: verdana, geneva; font-size: 10pt;\"><strong>\u00bfCu\u00e1nto dura el virus de la influenza?<\/strong><\/span><\/p>\n<p><span style=\"font-family: verdana, geneva; font-size: 10pt;\">Generalmente si no hay complicaciones, entre 3 y 7 d\u00edas, el virus es eliminado del cuerpo.<\/span><\/p>\n<p><span style=\"font-family: verdana, geneva; font-size: 10pt;\"><strong>\u00bfQu\u00e9 \u00f3rganos se afectan con la influenza?<\/strong><\/span><\/p>\n<div class=\"os0Kkc\">\n<div class=\"m6vS6b PZPZlf\"><span style=\"font-family: verdana, geneva; font-size: 10pt;\">La gripe afecta a los pulmones, la nariz y la garganta. Los ni\u00f1os peque\u00f1os, los adultos de edad avanzada, las mujeres embarazadas y las personas con enfermedades cr\u00f3nicas o un sistema inmunol\u00f3gico d\u00e9bil corren mayor riesgo.<\/span><\/div>\n<div class=\"m6vS6b PZPZlf\"><span style=\"font-family: verdana, geneva; font-size: 10pt;\">Los s\u00edntomas incluyen fiebre, escalofr\u00edos, dolores musculares, tos, congesti\u00f3n, secreci\u00f3n nasal, dolor de cabeza y fatiga.<\/span><\/div>\n<div class=\"m6vS6b PZPZlf\"><span style=\"font-family: verdana, geneva; font-size: 10pt;\">La gripe se trata principalmente con descanso y l\u00edquidos para que el cuerpo pueda combatir la infecci\u00f3n por s\u00ed solo. Los analg\u00e9sicos antiinflamatorios de venta libre pueden ayudar con los s\u00edntomas.<\/span><\/div>\n<\/div>\n<div id=\"_zX6hYN-OJaa4ggeAwZbwCA7\" class=\"mWyH1d FXMOpb\">\n<div class=\"cbphWd\"><span style=\"font-family: verdana, geneva; font-size: 10pt;\">\u00a0<\/span><\/div>\n<div class=\"cbphWd\"><span style=\"font-family: verdana, geneva; font-size: 10pt;\"><strong>\u00bfCu\u00e1les son las secuelas de la influenza?<\/strong><\/span><\/div>\n<div class=\"cbphWd\"><span style=\"font-family: verdana, geneva; font-size: 10pt;\">\u00a0<\/span><\/div>\n<\/div>\n<div id=\"_zX6hYN-OJaa4ggeAwZbwCA6\" class=\"gy6Qzb oNjtBb V1sL5c\">\n<div>\n<div class=\"y8URue\">\n<div class=\"wDYxhc\">\n<div class=\"LGOjhe\"><span class=\"ILfuVd NA6bn\" style=\"font-family: verdana, geneva; font-size: 10pt;\"><span class=\"hgKElc\">Otras posibles complicaciones graves desencadenadas por la\u00a0<b>influenza<\/b>\u00a0pueden ser la inflamaci\u00f3n del tejido que rodea el coraz\u00f3n (miocarditis), el tejido cerebral (encefalitis) o el tejido muscular (miositis, rabdomi\u00f3lisis) y la insuficiencia multiorg\u00e1nica (p. ej., insuficiencia renal y respiratoria).<\/span><\/span><\/div>\n<\/div>\n<\/div>\n<\/div>\n<\/div>\n<p>&nbsp;<\/p>\n","protected":false},"excerpt":{"rendered":"<p>\u00bfCu\u00e1l es el agente causal de la influenza? La\u00a0influenza\u00a0o gripe es una enfermedad respiratoria aguda que afecta a todos los grupos etarios. Su\u00a0agente\u00a0causal es el virus de la\u00a0Influenza\u00a0(A, B,\u00a0 C o D) que se caracteriza por poseer una gran variabilidad gen\u00e9tica y el potencial de causar epidemias y pandemias. \u00a0 \u00bfLa vacuna evita la infecci\u00f3n? [&hellip;]<\/p>\n","protected":false},"author":208,"featured_media":0,"parent":0,"menu_order":0,"comment_status":"closed","ping_status":"open","template":"","meta":[],"_links":{"self":[{"href":"https:\/\/blogs.sld.cu\/influenza\/wp-json\/wp\/v2\/pages\/31"}],"collection":[{"href":"https:\/\/blogs.sld.cu\/influenza\/wp-json\/wp\/v2\/pages"}],"about":[{"href":"https:\/\/blogs.sld.cu\/influenza\/wp-json\/wp\/v2\/types\/page"}],"author":[{"embeddable":true,"href":"https:\/\/blogs.sld.cu\/influenza\/wp-json\/wp\/v2\/users\/208"}],"replies":[{"embeddable":true,"href":"https:\/\/blogs.sld.cu\/influenza\/wp-json\/wp\/v2\/comments?post=31"}],"version-history":[{"count":13,"href":"https:\/\/blogs.sld.cu\/influenza\/wp-json\/wp\/v2\/pages\/31\/revisions"}],"predecessor-version":[{"id":126,"href":"https:\/\/blogs.sld.cu\/influenza\/wp-json\/wp\/v2\/pages\/31\/revisions\/126"}],"wp:attachment":[{"href":"https:\/\/blogs.sld.cu\/influenza\/wp-json\/wp\/v2\/media?parent=31"}],"curies":[{"name":"wp","href":"https:\/\/api.w.org\/{rel}","templated":true}]}}