{"id":42,"date":"2021-05-04T15:20:32","date_gmt":"2021-05-04T15:20:32","guid":{"rendered":"http:\/\/blogs.sld.cu\/influenza\/?page_id=42"},"modified":"2021-05-26T03:59:20","modified_gmt":"2021-05-26T03:59:20","slug":"sintomas","status":"publish","type":"page","link":"https:\/\/blogs.sld.cu\/influenza\/sintomas\/","title":{"rendered":"S\u00edntomas"},"content":{"rendered":"<p><span style=\"font-size: 10pt; font-family: verdana, geneva;\"><a href=\"http:\/\/blogs.sld.cu\/influenza\/files\/2021\/05\/INFLUENZA.jpg\"><img loading=\"lazy\" class=\"alignnone wp-image-66\" src=\"http:\/\/blogs.sld.cu\/influenza\/files\/2021\/05\/INFLUENZA.jpg\" alt=\"S\u00edntomas de la Influenza\" width=\"500\" height=\"250\" srcset=\"https:\/\/blogs.sld.cu\/influenza\/files\/2021\/05\/INFLUENZA.jpg 700w, https:\/\/blogs.sld.cu\/influenza\/files\/2021\/05\/INFLUENZA-300x150.jpg 300w, https:\/\/blogs.sld.cu\/influenza\/files\/2021\/05\/INFLUENZA-250x125.jpg 250w\" sizes=\"(max-width: 500px) 100vw, 500px\" \/><\/a><\/span><\/p>\n<p><span style=\"font-size: 10pt; font-family: verdana, geneva;\">La influenza puede parecer un resfriado o catarro com\u00fan, con los s\u00edntomas que la caracterizan: nariz que gotea, estornudos y dolor de garganta. No obstante, los resfriados generalmente se presentan lentamente, mientras que la influenza tiende a aparecer de forma s\u00fabita.<br \/>\n<\/span><\/p>\n<p><span style=\"font-size: 10pt; font-family: verdana, geneva;\">Algunos signos y s\u00edntomas frecuentes de la influenza son:<\/span><\/p>\n<ul>\n<li><span style=\"font-size: 10pt; font-family: verdana, geneva;\">Fiebre.<\/span><\/li>\n<li><span style=\"font-size: 10pt; font-family: verdana, geneva;\">Dolor en los m\u00fasculos.<\/span><\/li>\n<li><span style=\"font-size: 10pt; font-family: verdana, geneva;\">Escalofr\u00edos y sudoraci\u00f3n.<\/span><\/li>\n<li><span style=\"font-size: 10pt; font-family: verdana, geneva;\">Dolor de cabeza.<\/span><\/li>\n<li><span style=\"font-size: 10pt; font-family: verdana, geneva;\">Tos persistente o seca.<\/span><\/li>\n<li><span style=\"font-size: 10pt; font-family: verdana, geneva;\">Falta de aire al respirar.<\/span><\/li>\n<li><span style=\"font-size: 10pt; font-family: verdana, geneva;\">Cansancio y debilidad.<\/span><\/li>\n<li><span style=\"font-size: 10pt; font-family: verdana, geneva;\">Nariz congestionada o goteo.<\/span><\/li>\n<li><span style=\"font-size: 10pt; font-family: verdana, geneva;\">Dolor de garganta.<\/span><\/li>\n<li><span style=\"font-size: 10pt; font-family: verdana, geneva;\">Dolor en los ojos.<\/span><\/li>\n<li><span style=\"font-size: 10pt; font-family: verdana, geneva;\">V\u00f3mitos y diarrea, pero esto es m\u00e1s com\u00fan en los ni\u00f1os que en los adultos.<\/span><\/li>\n<\/ul>\n","protected":false},"excerpt":{"rendered":"<p>La influenza puede parecer un resfriado o catarro com\u00fan, con los s\u00edntomas que la caracterizan: nariz que gotea, estornudos y dolor de garganta. No obstante, los resfriados generalmente se presentan lentamente, mientras que la influenza tiende a aparecer de forma s\u00fabita. Algunos signos y s\u00edntomas frecuentes de la influenza son: Fiebre. Dolor en los m\u00fasculos. [&hellip;]<\/p>\n","protected":false},"author":208,"featured_media":0,"parent":0,"menu_order":0,"comment_status":"closed","ping_status":"open","template":"","meta":[],"_links":{"self":[{"href":"https:\/\/blogs.sld.cu\/influenza\/wp-json\/wp\/v2\/pages\/42"}],"collection":[{"href":"https:\/\/blogs.sld.cu\/influenza\/wp-json\/wp\/v2\/pages"}],"about":[{"href":"https:\/\/blogs.sld.cu\/influenza\/wp-json\/wp\/v2\/types\/page"}],"author":[{"embeddable":true,"href":"https:\/\/blogs.sld.cu\/influenza\/wp-json\/wp\/v2\/users\/208"}],"replies":[{"embeddable":true,"href":"https:\/\/blogs.sld.cu\/influenza\/wp-json\/wp\/v2\/comments?post=42"}],"version-history":[{"count":10,"href":"https:\/\/blogs.sld.cu\/influenza\/wp-json\/wp\/v2\/pages\/42\/revisions"}],"predecessor-version":[{"id":118,"href":"https:\/\/blogs.sld.cu\/influenza\/wp-json\/wp\/v2\/pages\/42\/revisions\/118"}],"wp:attachment":[{"href":"https:\/\/blogs.sld.cu\/influenza\/wp-json\/wp\/v2\/media?parent=42"}],"curies":[{"name":"wp","href":"https:\/\/api.w.org\/{rel}","templated":true}]}}