{"id":145,"date":"2009-05-28T13:02:45","date_gmt":"2009-05-28T18:02:45","guid":{"rendered":"http:\/\/blogviejo.sld.cu\/inorbib\/?page_id=145"},"modified":"2019-03-14T18:22:25","modified_gmt":"2019-03-14T18:22:25","slug":"oncoenlaces-otros-sitios","status":"publish","type":"page","link":"https:\/\/blogs.sld.cu\/inorbib\/oncoenlaces-otros-sitios\/","title":{"rendered":"OncoEnlaces- Otros sitios"},"content":{"rendered":"<p><strong>De Oncolog\u00eda<\/strong>:<\/p>\n<p><a href=\"http:\/\/www.cancertherapyadvisor.com\/\" target=\"_blank\">Cancer Network- Noticias y art\u00edculos de revistas<\/a><br \/>\n<a href=\"http:\/\/www.cancertherapyadvisor.com\/\" target=\"_blank\">Cancer Therapy Advisor<\/a><br \/>\n<a href=\"http:\/\/www.cdc.gov\/cancer\/index.htm\" target=\"_blank\">CDC- U.S. | Cancer Prevention and Control<\/a><br \/>\n<a href=\"http:\/\/www.dana-farber.org\/\" target=\"_blank\">Dana-Farber Cancer Institute<\/a><br \/>\n<a href=\"http:\/\/emedicine.medscape.com\/oncology\" target=\"_blank\">eMedicine | Oncology<\/a><br \/>\n<a href=\"http:\/\/www.eso.net\/\" target=\"_blank\">Escuela Europea de Oncolog\u00eda<\/a><br \/>\n<a href=\"http:\/\/www.iarc.fr\/\" target=\"_blank\">International Agency for Research on Cancer (IARC)<\/a><br \/>\n<a href=\"http:\/\/www.uicc.org\/\" target=\"_blank\">International Union Against Cancer (UICC)<\/a><br \/>\n<a href=\"http:\/\/www.mdanderson.org\/\" target=\"_blank\">MD Anderson Cancer Center<\/a><br \/>\n<a href=\"http:\/\/www.mskcc.org\" target=\"_blank\">Memorial Sloan Kettering Cancer Center<\/a><br \/>\n<a href=\"http:\/\/www.nccn.org\/\" target=\"_blank\">National Comprehensive Cancer Network (NCCN)<\/a><br \/>\n<a href=\"http:\/\/www.who.int\/topics\/cancer\/es\/\" target=\"_blank\">Organizaci\u00f3n Mundial de la Salud | C\u00e1ncer<\/a><\/p>\n<p style=\"text-align: left\"><strong>Bases de datos\/ literatura cient\u00edfica:<\/strong><\/p>\n<p><a href=\"http:\/\/www.amedeo.com\/\" target=\"_blank\">AMEDEO- La gu\u00eda para la literatura m\u00e9dica<\/a><br \/>\n<a href=\"http:\/\/iah.bmn.sld.cu\/cgi-bin\/wxis.exe\/iah\/?IsisScript=iah\/iah.xis&amp;lang=E&amp;base=cumed\" target=\"_blank\">CUMED- Bibliograf\u00eda M\u00e9dica Nacional<\/a><br \/>\n<a href=\"http:\/\/search.ebscohost.com\/Community.aspx?community=y&amp;id=-246613178&amp;return=y&amp;ismobile=n&amp;authtype=ip&amp;encid=320721E63C1635073756358632453E1231033083&amp;ugt=723731163C1635673716359632453E1221E360D36813609361E324E338133503&amp;IsAdminMobile=N\" target=\"_blank\">EBSCO Host- Bases de datos<\/a><br \/>\n<a href=\"http:\/\/www.elsevier.com\/online-tools\/embase\/\" target=\"_blank\">Embase- Base de datos de res\u00famenes con informaci\u00f3n biom\u00e9dica<\/a><br \/>\n<a href=\"http:\/\/scholar.google.com.cu\/\" target=\"_blank\">Google Scholar- Buscador de referencias bibliogr\u00e1ficas<\/a><br \/>\n<a href=\"http:\/\/bases.bireme.br\/cgi-bin\/wxislind.exe\/iah\/online\/?IsisScript=iah\/iah.xis&amp;base=LILACS&amp;lang=e\" target=\"_blank\">LILACS- Literatura Latinoamericana y del Caribe<\/a><br \/>\n<a href=\"http:\/\/liscuba.sld.cu\/index.php\" target=\"_blank\">LIS- Localizador de informaci\u00f3n en salud<\/a><br \/>\n<a href=\"http:\/\/bases.bireme.br\/cgi-bin\/wxislind.exe\/iah\/online\/?IsisScript=iah\/iah.xis&amp;base=MEDLINE&amp;lang=e\" target=\"_blank\">MEDLINE \u2013 MEDlars onLINE. Literatura internacional<\/a><br \/>\n<a href=\"http:\/\/ncbi.nlm.nih.gov\/pubmed\" target=\"_blank\">PubMed<\/a><br \/>\n<a href=\"http:\/\/bases.bireme.br\/cgi-bin\/wxislind.exe\/iah\/online\/?IsisScript=iah\/iah.xis&amp;base=WHOLIS&amp;lang=e\" target=\"_blank\">WHOLIS- Sistema de Informaci\u00f3n de la Biblioteca de la OMS<\/a><br \/>\n<a title=\"Recursos de informaci\u00f3n cl\u00ednicos y quir\u00fargicos de la prestigiosa editorial Elsevier\" href=\"https:\/\/www.clinicalkey.com\/\" target=\"_blank\">ClinicalKey- Recursos de informaci\u00f3n cl\u00ednicos y quir\u00fargicos de la editorial Elsevier<\/a><\/p>\n<p>&nbsp;<\/p>\n<p style=\"text-align: left\"><strong>Herramientas:<\/strong><\/p>\n<p><a href=\"http:\/\/www.di.sld.cu\" target=\"_blank\">Direcci\u00f3n de Inform\u00e1tica del MINSAP (antivirus y utilitarios)<\/a><br \/>\n<a href=\"http:\/\/ftp.sld.cu\" target=\"_blank\">FTP de Infomed<\/a><\/p>\n","protected":false},"excerpt":{"rendered":"<p>De Oncolog\u00eda: Cancer Network- Noticias y art\u00edculos de revistas Cancer Therapy Advisor CDC- U.S. | Cancer Prevention and Control Dana-Farber Cancer Institute eMedicine | Oncology Escuela Europea de Oncolog\u00eda International Agency for Research on Cancer (IARC) International Union Against Cancer (UICC) MD Anderson Cancer Center Memorial Sloan Kettering Cancer Center National Comprehensive Cancer Network (NCCN) [&hellip;]<\/p>\n","protected":false},"author":176,"featured_media":0,"parent":0,"menu_order":0,"comment_status":"open","ping_status":"open","template":"","meta":[],"_links":{"self":[{"href":"https:\/\/blogs.sld.cu\/inorbib\/wp-json\/wp\/v2\/pages\/145"}],"collection":[{"href":"https:\/\/blogs.sld.cu\/inorbib\/wp-json\/wp\/v2\/pages"}],"about":[{"href":"https:\/\/blogs.sld.cu\/inorbib\/wp-json\/wp\/v2\/types\/page"}],"author":[{"embeddable":true,"href":"https:\/\/blogs.sld.cu\/inorbib\/wp-json\/wp\/v2\/users\/176"}],"replies":[{"embeddable":true,"href":"https:\/\/blogs.sld.cu\/inorbib\/wp-json\/wp\/v2\/comments?post=145"}],"version-history":[{"count":4,"href":"https:\/\/blogs.sld.cu\/inorbib\/wp-json\/wp\/v2\/pages\/145\/revisions"}],"predecessor-version":[{"id":3302,"href":"https:\/\/blogs.sld.cu\/inorbib\/wp-json\/wp\/v2\/pages\/145\/revisions\/3302"}],"wp:attachment":[{"href":"https:\/\/blogs.sld.cu\/inorbib\/wp-json\/wp\/v2\/media?parent=145"}],"curies":[{"name":"wp","href":"https:\/\/api.w.org\/{rel}","templated":true}]}}