{"id":24,"date":"2009-04-23T14:37:04","date_gmt":"2009-04-23T19:37:04","guid":{"rendered":"http:\/\/blogviejo.sld.cu\/inorbib\/guias-de-diagnostico-y-tratamiento\/"},"modified":"2009-04-23T14:37:04","modified_gmt":"2009-04-23T19:37:04","slug":"guias-de-diagnostico-y-tratamiento","status":"publish","type":"page","link":"https:\/\/blogs.sld.cu\/inorbib\/guias-de-diagnostico-y-tratamiento\/","title":{"rendered":"Gu\u00edas Cubanas de Diagn\u00f3stico y Tratamiento en Oncolog\u00eda"},"content":{"rendered":"<p style=\"text-align: left\">Listado en orden alfab\u00e9tico de gu\u00edas por localizaciones.<\/p>\n<p style=\"text-align: left\"><img loading=\"lazy\" src=\"http:\/\/blogs.sld.cu\/inorbib\/files\/2009\/05\/bullet_sm_white.gif\" alt=\"\" width=\"17\" height=\"10\" \/><a href=\"http:\/\/blogs.sld.cu\/inorbib\/files\/2009\/04\/guia-de-diagnostico-y-tratamiento-en-adenocarcinoma-de-endometrio.pdf\">Adenocarcinoma de Endometrio<\/a><br \/>\n<img loading=\"lazy\" src=\"http:\/\/blogs.sld.cu\/inorbib\/files\/2009\/05\/bullet_sm_white.gif\" alt=\"\" width=\"17\" height=\"10\" \/><a href=\"http:\/\/blogs.sld.cu\/inorbib\/files\/2009\/04\/guia-de-diagnostico-y-tratamiento-en-oncologia-canal-anal.pdf\">Canal Anal<br \/>\n<img loading=\"lazy\" src=\"http:\/\/blogs.sld.cu\/inorbib\/files\/2009\/05\/bullet_sm_white.gif\" alt=\"\" width=\"17\" height=\"10\" \/><\/a><a href=\"http:\/\/blogs.sld.cu\/inorbib\/files\/2009\/04\/guia-de-diagnostico-y-tratamiento-en-cancer-de-colon-y-del-recto.pdf\">C\u00e1ncer de Colon y del Recto<\/a><br \/>\n<img loading=\"lazy\" src=\"http:\/\/blogs.sld.cu\/inorbib\/files\/2009\/05\/bullet_sm_white.gif\" alt=\"\" width=\"17\" height=\"10\" \/><a href=\"http:\/\/blogs.sld.cu\/inorbib\/files\/2009\/04\/guia-de-diagnostico-y-tratamiento-en-cancer-de-esofago.pdf\">C\u00e1ncer de Es\u00f3fago<\/a><br \/>\n<img loading=\"lazy\" src=\"http:\/\/blogs.sld.cu\/inorbib\/files\/2009\/05\/bullet_sm_white.gif\" alt=\"\" width=\"17\" height=\"10\" \/><a href=\"http:\/\/blogs.sld.cu\/inorbib\/files\/2009\/04\/guia-de-diagnostico-y-tratamiento-en-cancer-de-estomago.pdf\">C\u00e1ncer de Est\u00f3mago<\/a><br \/>\n<img loading=\"lazy\" src=\"http:\/\/blogs.sld.cu\/inorbib\/files\/2009\/05\/bullet_sm_white.gif\" alt=\"\" width=\"17\" height=\"10\" \/><a href=\"http:\/\/blogs.sld.cu\/inorbib\/files\/2009\/04\/guia-de-diagnostico-y-tratamiento-en-cancer-de-la-piel-_no-melanoma.pdf\">C\u00e1ncer de la Piel (no melanoma)<\/a><br \/>\n<img loading=\"lazy\" src=\"http:\/\/blogs.sld.cu\/inorbib\/files\/2009\/05\/bullet_sm_white.gif\" alt=\"\" width=\"17\" height=\"10\" \/><a href=\"http:\/\/blogs.sld.cu\/inorbib\/files\/2009\/04\/guia-de-diagnostico-y-tratamiento-en-cancer-de-la-prostata.pdf\">C\u00e1ncer de la Pr\u00f3stata<\/a><br \/>\n<img loading=\"lazy\" src=\"http:\/\/blogs.sld.cu\/inorbib\/files\/2009\/05\/bullet_sm_white.gif\" alt=\"\" width=\"17\" height=\"10\" \/><a href=\"http:\/\/blogs.sld.cu\/inorbib\/files\/2009\/04\/guia-de-diagnostico-y-tratamiento-en-cancer-de-mama.pdf\">C\u00e1ncer de Mama<\/a><br \/>\n<img loading=\"lazy\" src=\"http:\/\/blogs.sld.cu\/inorbib\/files\/2009\/05\/bullet_sm_white.gif\" alt=\"\" width=\"17\" height=\"10\" \/><a href=\"http:\/\/blogs.sld.cu\/inorbib\/files\/2009\/04\/guia-de-diagnostico-y-tratamiento-en-cancer-de-pulmon.pdf\">C\u00e1ncer de Pulm\u00f3n<\/a><br \/>\n<img loading=\"lazy\" src=\"http:\/\/blogs.sld.cu\/inorbib\/files\/2009\/05\/bullet_sm_white.gif\" alt=\"\" width=\"17\" height=\"10\" \/><a href=\"http:\/\/blogs.sld.cu\/inorbib\/files\/2009\/04\/guia-de-diagnostico-y-tratamiento-en-cancer-de-vejiga.pdf\">C\u00e1ncer de Vejiga<\/a><br \/>\n<img loading=\"lazy\" src=\"http:\/\/blogs.sld.cu\/inorbib\/files\/2009\/05\/bullet_sm_white.gif\" alt=\"\" width=\"17\" height=\"10\" \/><a href=\"http:\/\/blogs.sld.cu\/inorbib\/files\/2009\/04\/guia-de-diagnostico-y-tratamiento-en-cancer-de-vulva.pdf\">C\u00e1ncer de Vulva<\/a><br \/>\n<img loading=\"lazy\" src=\"http:\/\/blogs.sld.cu\/inorbib\/files\/2009\/05\/bullet_sm_white.gif\" alt=\"\" width=\"17\" height=\"10\" \/><a href=\"http:\/\/blogs.sld.cu\/inorbib\/files\/2009\/04\/guia-de-diagnostico-y-tratamiento-en-cancer-del-cuello-uterino.pdf\">C\u00e1ncer del Cuello Uterino<\/a><br \/>\n<img loading=\"lazy\" src=\"http:\/\/blogs.sld.cu\/inorbib\/files\/2009\/05\/bullet_sm_white.gif\" alt=\"\" width=\"17\" height=\"10\" \/><a href=\"http:\/\/blogs.sld.cu\/inorbib\/files\/2009\/04\/guia-de-diagnostico-y-tratamiento-en-cancer-del-pene.pdf\">C\u00e1ncer del Pene<\/a><br \/>\n<img loading=\"lazy\" src=\"http:\/\/blogs.sld.cu\/inorbib\/files\/2009\/05\/bullet_sm_white.gif\" alt=\"\" width=\"17\" height=\"10\" \/><a href=\"http:\/\/blogs.sld.cu\/inorbib\/files\/2009\/04\/guia-de-diagnostico-y-tratamiento-en-cancer-renal.pdf\">C\u00e1ncer Renal<\/a><br \/>\n<img loading=\"lazy\" src=\"http:\/\/blogs.sld.cu\/inorbib\/files\/2009\/05\/bullet_sm_white.gif\" alt=\"\" width=\"17\" height=\"10\" \/><a href=\"http:\/\/blogs.sld.cu\/inorbib\/files\/2009\/04\/guia-de-diagnostico-y-tratamiento-en-carcinoma-de-nasofaringe.pdf\">Carcinoma de Nasofaringe<\/a><br \/>\n<img loading=\"lazy\" src=\"http:\/\/blogs.sld.cu\/inorbib\/files\/2009\/05\/bullet_sm_white.gif\" alt=\"\" width=\"17\" height=\"10\" \/><a href=\"http:\/\/blogs.sld.cu\/inorbib\/files\/2009\/04\/guia-de-diagnostico-y-tratamiento-en-oncologia-cavidad-bucal.pdf\">Cavidad Bucal<\/a><br \/>\n<img loading=\"lazy\" src=\"http:\/\/blogs.sld.cu\/inorbib\/files\/2009\/05\/bullet_sm_white.gif\" alt=\"\" width=\"17\" height=\"10\" \/><a href=\"http:\/\/blogs.sld.cu\/inorbib\/files\/2009\/04\/guia-de-emesis-inducida-por-quimioterapia.pdf\">Emesis inducida por quimioterapia<\/a><br \/>\n<img loading=\"lazy\" src=\"http:\/\/blogs.sld.cu\/inorbib\/files\/2009\/05\/bullet_sm_white.gif\" alt=\"\" width=\"17\" height=\"10\" \/><a href=\"http:\/\/blogs.sld.cu\/inorbib\/files\/2009\/04\/guia-de-diagnostico-y-tratamiento-en-oncologia-fosas-nasales-y-senos-perinasales.pdf\">Fosas Nasales y Senos Perinasales<\/a><br \/>\n<img loading=\"lazy\" src=\"http:\/\/blogs.sld.cu\/inorbib\/files\/2009\/05\/bullet_sm_white.gif\" alt=\"\" width=\"17\" height=\"10\" \/><a href=\"http:\/\/blogs.sld.cu\/inorbib\/files\/2009\/04\/guia-de-diagnostico-y-tratamiento-en-oncologia-glandulas-salivales.pdf\">Gl\u00e1ndulas Salivales<\/a><br \/>\n<img loading=\"lazy\" src=\"http:\/\/blogs.sld.cu\/inorbib\/files\/2009\/05\/bullet_sm_white.gif\" alt=\"\" width=\"17\" height=\"10\" \/><a href=\"http:\/\/blogs.sld.cu\/inorbib\/files\/2009\/04\/guia-de-diagnostico-y-tratamiento-en-oncologia-hipofaringe.pdf\">Hipofaringe<\/a><br \/>\n<img loading=\"lazy\" src=\"http:\/\/blogs.sld.cu\/inorbib\/files\/2009\/05\/bullet_sm_white.gif\" alt=\"\" width=\"17\" height=\"10\" \/><a href=\"http:\/\/blogs.sld.cu\/inorbib\/files\/2009\/04\/guia-de-diagnostico-y-tratamiento-en-oncologia-laringe.pdf\">Laringe<\/a><br \/>\n<img loading=\"lazy\" src=\"http:\/\/blogs.sld.cu\/inorbib\/files\/2009\/05\/bullet_sm_white.gif\" alt=\"\" width=\"17\" height=\"10\" \/><a href=\"http:\/\/blogs.sld.cu\/inorbib\/files\/2009\/04\/guia-de-diagnostico-y-tratamiento-en-linfomas-no-hodgkin.pdf\">Linfomas no Hodgkin<\/a><br \/>\n<img loading=\"lazy\" src=\"http:\/\/blogs.sld.cu\/inorbib\/files\/2009\/05\/bullet_sm_white.gif\" alt=\"\" width=\"17\" height=\"10\" \/><a href=\"http:\/\/blogs.sld.cu\/inorbib\/files\/2009\/04\/guia-de-diagnostico-y-tratamiento-en-melanoma-cutaneo.pdf\">Melanoma Cut\u00e1neo<\/a><br \/>\n<img loading=\"lazy\" src=\"http:\/\/blogs.sld.cu\/inorbib\/files\/2009\/05\/bullet_sm_white.gif\" alt=\"\" width=\"17\" height=\"10\" \/><a href=\"http:\/\/blogs.sld.cu\/inorbib\/files\/2009\/04\/guia-de-diagnostico-y-tratamiento-en-oncologia-oftalmologia.pdf\">Oftalmolog\u00eda<\/a><br \/>\n<img loading=\"lazy\" src=\"http:\/\/blogs.sld.cu\/inorbib\/files\/2009\/05\/bullet_sm_white.gif\" alt=\"\" width=\"17\" height=\"10\" \/><a href=\"http:\/\/blogs.sld.cu\/inorbib\/files\/2009\/04\/guia-de-diagnostico-y-tratamiento-en-sarcomas-de-partes-blandas.pdf\">Sarcomas de Partes Blandas<\/a><br \/>\n<img loading=\"lazy\" src=\"http:\/\/blogs.sld.cu\/inorbib\/files\/2009\/05\/bullet_sm_white.gif\" alt=\"\" width=\"17\" height=\"10\" \/><a href=\"http:\/\/blogs.sld.cu\/inorbib\/files\/2009\/04\/guia-de-diagnostico-y-tratamiento-en-sarcomas-oseos.pdf\">Sarcomas \u00d3seos<\/a><br \/>\n<img loading=\"lazy\" src=\"http:\/\/blogs.sld.cu\/inorbib\/files\/2009\/05\/bullet_sm_white.gif\" alt=\"\" width=\"17\" height=\"10\" \/><a href=\"http:\/\/blogs.sld.cu\/inorbib\/files\/2009\/04\/guia-de-diagnostico-y-tratamiento-del-sindrome-de-lisis-tumoral-aguda.pdf\">S\u00edndrome de Lisis Tumoral Aguda<\/a><br \/>\n<img loading=\"lazy\" src=\"http:\/\/blogs.sld.cu\/inorbib\/files\/2009\/05\/bullet_sm_white.gif\" alt=\"\" width=\"17\" height=\"10\" \/><a href=\"http:\/\/blogs.sld.cu\/inorbib\/files\/2009\/04\/guia-de-diagnostico-y-tratamiento-en-tumores-del-ovario.pdf\">Tumores del Ovario<\/a><br \/>\n<img loading=\"lazy\" src=\"http:\/\/blogs.sld.cu\/inorbib\/files\/2009\/05\/bullet_sm_white.gif\" alt=\"\" width=\"17\" height=\"10\" \/><a href=\"http:\/\/blogs.sld.cu\/inorbib\/files\/2009\/04\/guia-de-diagnostico-y-tratamiento-en-tumores-germinales-testiculares.pdf\">Tumores Germinales Testiculares<\/a><\/p>\n","protected":false},"excerpt":{"rendered":"<p>Listado en orden alfab\u00e9tico de gu\u00edas por localizaciones. Adenocarcinoma de Endometrio Canal Anal C\u00e1ncer de Colon y del Recto C\u00e1ncer de Es\u00f3fago C\u00e1ncer de Est\u00f3mago C\u00e1ncer de la Piel (no melanoma) C\u00e1ncer de la Pr\u00f3stata C\u00e1ncer de Mama C\u00e1ncer de Pulm\u00f3n C\u00e1ncer de Vejiga C\u00e1ncer de Vulva C\u00e1ncer del Cuello Uterino C\u00e1ncer del Pene C\u00e1ncer [&hellip;]<\/p>\n","protected":false},"author":176,"featured_media":0,"parent":0,"menu_order":0,"comment_status":"open","ping_status":"open","template":"","meta":[],"_links":{"self":[{"href":"https:\/\/blogs.sld.cu\/inorbib\/wp-json\/wp\/v2\/pages\/24"}],"collection":[{"href":"https:\/\/blogs.sld.cu\/inorbib\/wp-json\/wp\/v2\/pages"}],"about":[{"href":"https:\/\/blogs.sld.cu\/inorbib\/wp-json\/wp\/v2\/types\/page"}],"author":[{"embeddable":true,"href":"https:\/\/blogs.sld.cu\/inorbib\/wp-json\/wp\/v2\/users\/176"}],"replies":[{"embeddable":true,"href":"https:\/\/blogs.sld.cu\/inorbib\/wp-json\/wp\/v2\/comments?post=24"}],"version-history":[{"count":0,"href":"https:\/\/blogs.sld.cu\/inorbib\/wp-json\/wp\/v2\/pages\/24\/revisions"}],"wp:attachment":[{"href":"https:\/\/blogs.sld.cu\/inorbib\/wp-json\/wp\/v2\/media?parent=24"}],"curies":[{"name":"wp","href":"https:\/\/api.w.org\/{rel}","templated":true}]}}