{"id":3199,"date":"2024-12-12T18:00:35","date_gmt":"2024-12-12T18:00:35","guid":{"rendered":"http:\/\/blogs.sld.cu\/inorbib\/?page_id=3199"},"modified":"2024-12-12T18:01:31","modified_gmt":"2024-12-12T18:01:31","slug":"productos-informativos","status":"publish","type":"page","link":"https:\/\/blogs.sld.cu\/inorbib\/productos-informativos\/","title":{"rendered":"PRODUCTOS INFORMATIVOS"},"content":{"rendered":"<p>Bolet\u00edn Informativo de Oncolog\u00eda.<\/p>\n<p>Informaci\u00f3n Especial<\/p>\n<p>Hoja Informativa.<\/p>\n<p>\u00daltimos Documentos<\/p>\n<p>Informaci\u00f3n Se\u00f1al.<\/p>\n<p>Curiosidades<\/p>\n<p>Efem\u00e9rides<\/p>\n<p>Noticias de la Ciencia<\/p>\n<p><!--nextpage--><\/p>\n","protected":false},"excerpt":{"rendered":"<p>Bolet\u00edn Informativo de Oncolog\u00eda. Informaci\u00f3n Especial Hoja Informativa. \u00daltimos Documentos Informaci\u00f3n Se\u00f1al. Curiosidades Efem\u00e9rides Noticias de la Ciencia<\/p>\n","protected":false},"author":176,"featured_media":0,"parent":0,"menu_order":0,"comment_status":"open","ping_status":"open","template":"","meta":[],"_links":{"self":[{"href":"https:\/\/blogs.sld.cu\/inorbib\/wp-json\/wp\/v2\/pages\/3199"}],"collection":[{"href":"https:\/\/blogs.sld.cu\/inorbib\/wp-json\/wp\/v2\/pages"}],"about":[{"href":"https:\/\/blogs.sld.cu\/inorbib\/wp-json\/wp\/v2\/types\/page"}],"author":[{"embeddable":true,"href":"https:\/\/blogs.sld.cu\/inorbib\/wp-json\/wp\/v2\/users\/176"}],"replies":[{"embeddable":true,"href":"https:\/\/blogs.sld.cu\/inorbib\/wp-json\/wp\/v2\/comments?post=3199"}],"version-history":[{"count":2,"href":"https:\/\/blogs.sld.cu\/inorbib\/wp-json\/wp\/v2\/pages\/3199\/revisions"}],"predecessor-version":[{"id":3757,"href":"https:\/\/blogs.sld.cu\/inorbib\/wp-json\/wp\/v2\/pages\/3199\/revisions\/3757"}],"wp:attachment":[{"href":"https:\/\/blogs.sld.cu\/inorbib\/wp-json\/wp\/v2\/media?parent=3199"}],"curies":[{"name":"wp","href":"https:\/\/api.w.org\/{rel}","templated":true}]}}