{"id":9,"date":"2009-04-01T12:57:42","date_gmt":"2009-04-01T17:57:42","guid":{"rendered":"http:\/\/blogviejo.sld.cu\/inorbib\/servicios-de-la-biblioteca\/"},"modified":"2009-04-01T12:57:42","modified_gmt":"2009-04-01T17:57:42","slug":"servicios-de-la-biblioteca","status":"publish","type":"page","link":"https:\/\/blogs.sld.cu\/inorbib\/servicios-de-la-biblioteca\/","title":{"rendered":"Servicios de la Biblioteca"},"content":{"rendered":"<p style=\"text-align: center\">\n<div align=\"center\">\n<table border=\"1\">\n<tbody>\n<tr>\n<td style=\"text-align: center\"><strong>Horario de atenci\u00f3n a usuarios:<\/strong><br \/>\nDe lunes a viernes de 8:30 am a 4:00 pm<\/td>\n<\/tr>\n<\/tbody>\n<\/table>\n<\/div>\n<p style=\"text-align: left\"><strong>Servicios tradicionales:<\/strong> Sala de Lectura, Pr\u00e9stamo Circulante, Consulta y Referencia, Catalogoteca, Pr\u00e9stamo Interbibliotecario.<\/p>\n<p style=\"text-align: left\"><strong>Servicios no tradicionales:<\/strong> Copia  de Bases de Datos, Reproducci\u00f3n de Documentos, Punto de Referencia, DSI (Diseminaci\u00f3n Selectiva de la Informaci\u00f3n), Extensi\u00f3n  Bibliotecaria, Alfabetizaci\u00f3n Informacional.<\/p>\n<p style=\"text-align: left\"><img loading=\"lazy\" src=\"http:\/\/blogs.sld.cu\/inorbib\/files\/2009\/05\/bullet_sm_white.gif\" alt=\"\" width=\"17\" height=\"10\" \/><strong>En l\u00ednea<\/strong><\/p>\n<ul style=\"text-align: left\">\n<li><a href=\"http:\/\/blogviejo.sld.cu\/inorbib\/productos-informativos\/\"><strong>Productos Informativos:<\/strong><\/a> \u00daltimos Documentos Recibidos, Informaci\u00f3n Se\u00f1al, Hoja Informativa, Informaci\u00f3n Especial.<\/li>\n<li><a href=\"http:\/\/blogviejo.sld.cu\/inorbib\/busqueda-bibliografica\"><strong>B\u00fasqueda Bibliogr\u00e1fica<\/strong><\/a>.<\/li>\n<\/ul>\n","protected":false},"excerpt":{"rendered":"<p>Horario de atenci\u00f3n a usuarios: De lunes a viernes de 8:30 am a 4:00 pm Servicios tradicionales: Sala de Lectura, Pr\u00e9stamo Circulante, Consulta y Referencia, Catalogoteca, Pr\u00e9stamo Interbibliotecario. Servicios no tradicionales: Copia de Bases de Datos, Reproducci\u00f3n de Documentos, Punto de Referencia, DSI (Diseminaci\u00f3n Selectiva de la Informaci\u00f3n), Extensi\u00f3n Bibliotecaria, Alfabetizaci\u00f3n Informacional. En l\u00ednea Productos [&hellip;]<\/p>\n","protected":false},"author":176,"featured_media":0,"parent":0,"menu_order":0,"comment_status":"open","ping_status":"open","template":"","meta":[],"_links":{"self":[{"href":"https:\/\/blogs.sld.cu\/inorbib\/wp-json\/wp\/v2\/pages\/9"}],"collection":[{"href":"https:\/\/blogs.sld.cu\/inorbib\/wp-json\/wp\/v2\/pages"}],"about":[{"href":"https:\/\/blogs.sld.cu\/inorbib\/wp-json\/wp\/v2\/types\/page"}],"author":[{"embeddable":true,"href":"https:\/\/blogs.sld.cu\/inorbib\/wp-json\/wp\/v2\/users\/176"}],"replies":[{"embeddable":true,"href":"https:\/\/blogs.sld.cu\/inorbib\/wp-json\/wp\/v2\/comments?post=9"}],"version-history":[{"count":0,"href":"https:\/\/blogs.sld.cu\/inorbib\/wp-json\/wp\/v2\/pages\/9\/revisions"}],"wp:attachment":[{"href":"https:\/\/blogs.sld.cu\/inorbib\/wp-json\/wp\/v2\/media?parent=9"}],"curies":[{"name":"wp","href":"https:\/\/api.w.org\/{rel}","templated":true}]}}