{"id":93,"date":"2009-05-13T11:32:47","date_gmt":"2009-05-13T16:32:47","guid":{"rendered":"http:\/\/blogviejo.sld.cu\/inorbib\/oncoenlaces-diccionarios-y-glosarios\/"},"modified":"2015-04-10T14:08:35","modified_gmt":"2015-04-10T14:08:35","slug":"oncoenlaces-diccionarios-y-glosarios","status":"publish","type":"page","link":"https:\/\/blogs.sld.cu\/inorbib\/oncoenlaces-diccionarios-y-glosarios\/","title":{"rendered":"OncoEnlaces- Diccionarios y Glosarios"},"content":{"rendered":"<p style=\"text-align: left\"><strong>En Espa\u00f1ol:<\/strong><\/p>\n<p style=\"text-align: left\"><a href=\"http:\/\/www.cancer.gov\/diccionario\/\" target=\"_blank\">National Cancer Institute- Diccionario de c\u00e1ncer<\/a><br \/>\n<a href=\"http:\/\/www.seom.org\/es\/informacion-sobre-el-cancer\/diccionario-onco\" target=\"_blank\">Sociedad Espa\u00f1ola de Oncolog\u00eda M\u00e9dica- Diccionario Oncol\u00f3gico<\/a><\/p>\n<p style=\"text-align: left\"><strong>En Ingl\u00e9s: <\/strong><\/p>\n<p style=\"text-align: left\"><a href=\"http:\/\/www.cancerindex.org\/glossary.htm\" target=\"_blank\">CancerIndex.org- Cancer Glossary<\/a><br \/>\n<a href=\"http:\/\/www.cancer.gov\/dictionary\/\" target=\"_blank\">National Cancer Institute- Dictionary of Cancer Terms<\/a><\/p>\n","protected":false},"excerpt":{"rendered":"<p>En Espa\u00f1ol: National Cancer Institute- Diccionario de c\u00e1ncer Sociedad Espa\u00f1ola de Oncolog\u00eda M\u00e9dica- Diccionario Oncol\u00f3gico En Ingl\u00e9s: CancerIndex.org- Cancer Glossary National Cancer Institute- Dictionary of Cancer Terms<\/p>\n","protected":false},"author":176,"featured_media":0,"parent":0,"menu_order":0,"comment_status":"open","ping_status":"open","template":"","meta":[],"_links":{"self":[{"href":"https:\/\/blogs.sld.cu\/inorbib\/wp-json\/wp\/v2\/pages\/93"}],"collection":[{"href":"https:\/\/blogs.sld.cu\/inorbib\/wp-json\/wp\/v2\/pages"}],"about":[{"href":"https:\/\/blogs.sld.cu\/inorbib\/wp-json\/wp\/v2\/types\/page"}],"author":[{"embeddable":true,"href":"https:\/\/blogs.sld.cu\/inorbib\/wp-json\/wp\/v2\/users\/176"}],"replies":[{"embeddable":true,"href":"https:\/\/blogs.sld.cu\/inorbib\/wp-json\/wp\/v2\/comments?post=93"}],"version-history":[{"count":2,"href":"https:\/\/blogs.sld.cu\/inorbib\/wp-json\/wp\/v2\/pages\/93\/revisions"}],"predecessor-version":[{"id":2557,"href":"https:\/\/blogs.sld.cu\/inorbib\/wp-json\/wp\/v2\/pages\/93\/revisions\/2557"}],"wp:attachment":[{"href":"https:\/\/blogs.sld.cu\/inorbib\/wp-json\/wp\/v2\/media?parent=93"}],"curies":[{"name":"wp","href":"https:\/\/api.w.org\/{rel}","templated":true}]}}