{"id":95,"date":"2009-05-18T11:18:46","date_gmt":"2009-05-18T16:18:46","guid":{"rendered":"http:\/\/blogviejo.sld.cu\/inorbib\/?page_id=95"},"modified":"2015-04-10T14:15:25","modified_gmt":"2015-04-10T14:15:25","slug":"oncoenlaces-medicamentos","status":"publish","type":"page","link":"https:\/\/blogs.sld.cu\/inorbib\/oncoenlaces-medicamentos\/","title":{"rendered":"OncoEnlaces- Medicamentos"},"content":{"rendered":"<p style=\"text-align: left\"><a href=\"http:\/\/www.cancerhelp.org.uk\/help\/default.asp?page=177\" target=\"_blank\">Cancer Research UK: Cancer drugs<\/a><br \/>\n<a href=\"http:\/\/search.ebscohost.com\/login.aspx?authtype=ip,uid&amp;profile=dynamed\" target=\"_blank\">Dynamed (Ver la categor\u00eda &#8220;Oncology&#8221;)<\/a><br \/>\n<a href=\"http:\/\/www.cancer.gov\/drugdictionary\/\" target=\"_blank\">National Cancer Institute- Drug Dictionary<\/a><br \/>\n<a href=\"http:\/\/www.seom.org\/es\/servicios-al-socio\/formacion-y-recursos\/vademecum-onco\" target=\"_blank\">Sociedad Espa\u00f1ola de Oncolog\u00eda M\u00e9dica: Vademecum Oncol\u00f3gico<\/a><\/p>\n","protected":false},"excerpt":{"rendered":"<p>Cancer Research UK: Cancer drugs Dynamed (Ver la categor\u00eda &#8220;Oncology&#8221;) National Cancer Institute- Drug Dictionary Sociedad Espa\u00f1ola de Oncolog\u00eda M\u00e9dica: Vademecum Oncol\u00f3gico<\/p>\n","protected":false},"author":176,"featured_media":0,"parent":0,"menu_order":0,"comment_status":"open","ping_status":"open","template":"","meta":[],"_links":{"self":[{"href":"https:\/\/blogs.sld.cu\/inorbib\/wp-json\/wp\/v2\/pages\/95"}],"collection":[{"href":"https:\/\/blogs.sld.cu\/inorbib\/wp-json\/wp\/v2\/pages"}],"about":[{"href":"https:\/\/blogs.sld.cu\/inorbib\/wp-json\/wp\/v2\/types\/page"}],"author":[{"embeddable":true,"href":"https:\/\/blogs.sld.cu\/inorbib\/wp-json\/wp\/v2\/users\/176"}],"replies":[{"embeddable":true,"href":"https:\/\/blogs.sld.cu\/inorbib\/wp-json\/wp\/v2\/comments?post=95"}],"version-history":[{"count":2,"href":"https:\/\/blogs.sld.cu\/inorbib\/wp-json\/wp\/v2\/pages\/95\/revisions"}],"predecessor-version":[{"id":2559,"href":"https:\/\/blogs.sld.cu\/inorbib\/wp-json\/wp\/v2\/pages\/95\/revisions\/2559"}],"wp:attachment":[{"href":"https:\/\/blogs.sld.cu\/inorbib\/wp-json\/wp\/v2\/media?parent=95"}],"curies":[{"name":"wp","href":"https:\/\/api.w.org\/{rel}","templated":true}]}}