{"id":10,"date":"2020-02-07T03:26:23","date_gmt":"2020-02-07T03:26:23","guid":{"rendered":"http:\/\/blogs.sld.cu\/insuficienciacardiaca\/?page_id=10"},"modified":"2021-05-17T18:37:58","modified_gmt":"2021-05-17T18:37:58","slug":"acerca-de","status":"publish","type":"page","link":"https:\/\/blogs.sld.cu\/insuficienciacardiaca\/acerca-de\/","title":{"rendered":"Acerca de"},"content":{"rendered":"<p><img loading=\"lazy\" class=\"alignnone  wp-image-330 alignleft\" style=\"margin: 5px\" src=\"http:\/\/blogs.sld.cu\/insuficienciacardiaca\/files\/2020\/02\/Manuel-Bazan-300x300.png\" alt=\"Manuel Bazan\" width=\"193\" height=\"193\" \/><\/p>\n<p>Este sitio forma parte del\u00a0Portal de Enfermedades de Infomed,\u00a0red de personas e instituciones que trabajan para que la\u00a0informaci\u00f3n y el conocimiento lleguen a todos.<\/p>\n<p>En este espacio usted podr\u00e1 encontrar informaci\u00f3n acerca de la Insuficiencia card\u00edaca (IC), una enfermedad del coraz\u00f3n frecuente en nuestro pa\u00eds, sobre todo en personas de edad avanzada.<\/p>\n<p>\u00bfQu\u00e9 es la IC? \u00bfQu\u00e9 la causa? \u00bfCu\u00e1les son los s\u00edntomas? \u00bfQu\u00e9 puede hacer para cuidarse? \u00bfSe puede tratar a la IC con medicamentos?<\/p>\n<p>Su editor es el Dr. Manuel Baz\u00e1n Mili\u00e1n, especialista de 2<sup>do<\/sup> grado en Cardiolog\u00eda y Presidente de la Sociedad cubana de CardiOncolog\u00eda, quien de forma educativa e interactiva responder\u00e1\u00a0a las preguntas de los lectores, les explicar\u00e1 lo que pueden hacer para contribuir a mantener su padecimiento bajo control y les ayudar\u00e1 a encontrar informaci\u00f3n sobre el tema.<\/p>\n","protected":false},"excerpt":{"rendered":"<p>Este sitio forma parte del\u00a0Portal de Enfermedades de Infomed,\u00a0red de personas e instituciones que trabajan para que la\u00a0informaci\u00f3n y el conocimiento lleguen a todos. En este espacio usted podr\u00e1 encontrar informaci\u00f3n acerca de la Insuficiencia card\u00edaca (IC), una enfermedad del coraz\u00f3n frecuente en nuestro pa\u00eds, sobre todo en personas de edad avanzada. \u00bfQu\u00e9 es la [&hellip;]<\/p>\n","protected":false},"author":205,"featured_media":0,"parent":0,"menu_order":0,"comment_status":"closed","ping_status":"closed","template":"","meta":[],"_links":{"self":[{"href":"https:\/\/blogs.sld.cu\/insuficienciacardiaca\/wp-json\/wp\/v2\/pages\/10"}],"collection":[{"href":"https:\/\/blogs.sld.cu\/insuficienciacardiaca\/wp-json\/wp\/v2\/pages"}],"about":[{"href":"https:\/\/blogs.sld.cu\/insuficienciacardiaca\/wp-json\/wp\/v2\/types\/page"}],"author":[{"embeddable":true,"href":"https:\/\/blogs.sld.cu\/insuficienciacardiaca\/wp-json\/wp\/v2\/users\/205"}],"replies":[{"embeddable":true,"href":"https:\/\/blogs.sld.cu\/insuficienciacardiaca\/wp-json\/wp\/v2\/comments?post=10"}],"version-history":[{"count":26,"href":"https:\/\/blogs.sld.cu\/insuficienciacardiaca\/wp-json\/wp\/v2\/pages\/10\/revisions"}],"predecessor-version":[{"id":502,"href":"https:\/\/blogs.sld.cu\/insuficienciacardiaca\/wp-json\/wp\/v2\/pages\/10\/revisions\/502"}],"wp:attachment":[{"href":"https:\/\/blogs.sld.cu\/insuficienciacardiaca\/wp-json\/wp\/v2\/media?parent=10"}],"curies":[{"name":"wp","href":"https:\/\/api.w.org\/{rel}","templated":true}]}}