{"id":12,"date":"2020-02-07T03:32:08","date_gmt":"2020-02-07T03:32:08","guid":{"rendered":"http:\/\/blogs.sld.cu\/insuficienciacardiaca\/?page_id=12"},"modified":"2021-05-11T20:12:27","modified_gmt":"2021-05-11T20:12:27","slug":"insuficiencia-cardiaca","status":"publish","type":"page","link":"https:\/\/blogs.sld.cu\/insuficienciacardiaca\/insuficiencia-cardiaca\/","title":{"rendered":"Insuficiencia card\u00edaca"},"content":{"rendered":"<p style=\"text-align: left\"><span style=\"font-size: 12pt;font-family: verdana, geneva\"><strong><img loading=\"lazy\" class=\"alignnone size-thumbnail wp-image-58 alignleft\" src=\"http:\/\/blogs.sld.cu\/insuficienciacardiaca\/files\/2020\/02\/corazonanat-150x150.jpg\" alt=\"corazonanat\" width=\"150\" height=\"150\" \/><\/strong><\/span><\/p>\n<p><span style=\"color: #0061ad\"><strong>\u00bfQu\u00e9 debemos saber sobre la insuficiencia cardiaca?<\/strong><\/span><\/p>\n<p>La insuficiencia card\u00edaca (IC) en uno de los trastornos del coraz\u00f3n m\u00e1s comunes en Cuba y su prevalencia se incrementa en las personas de edad avanzada.<\/p>\n<p>Ocurre cuando el m\u00fasculo card\u00edaco no puede bombear suficiente sangre para cubrir las necesidades del resto de su cuerpo.<\/p>\n<p><span style=\"color: #0061ad\">Si usted tiene IC:<\/span><\/p>\n<ul>\n<li>Sangre y fluidos adicionales se pueden acumular en los pulmones, dificultando su respiraci\u00f3n;<\/li>\n<li>Es posible que haya inflamaci\u00f3n de sus tobillos y piernas (llamado edema);<\/li>\n<li>Puede sentir fatiga excesiva con el ejercicio.<\/li>\n<\/ul>\n<p>Su coraz\u00f3n tiene menos capacidad de la que deber\u00eda para bombear sangre. Como consecuencia de esto puede aparecer dificultad para realizar alguna actividad f\u00edsica como caminar o subir escaleras y probablemente sentir\u00e1 que le falta el aliento (disnea).<\/p>\n<p>La insuficiencia card\u00edaca es un problema frecuente que puede afectar a personas de todas las edades, aunque aparece m\u00e1s en personas mayores. Es una enfermedad cr\u00f3nica para la cual no hay cura, pero realizando cambios en su forma de vida y trat\u00e1ndola adecuadamente puede conseguir una mejor\u00eda importante en su calidad de vida, as\u00ed como prolongar la misma.<\/p>\n<p>Su coraz\u00f3n tiene menos capacidad de lo que deber\u00eda para distribuir sangre por todo su cuerpo, por eso no va a poder hacer todas las actividades que antes realizaba.<\/p>\n<p>Cumpliendo bien el tratamiento y realizando peque\u00f1os cambios en su forma de vida va a vivir m\u00e1s y mejor.<\/p>\n<p><a title=\"Signos y s\u00edntomas\" href=\"http:\/\/blogs.sld.cu\/insuficienciacardiaca\/signos-y-sintomas\/\">Signos y s\u00edntomas<\/a><\/p>\n<p style=\"text-align: left\"><span style=\"font-size: 12pt;font-family: verdana, geneva\">\u00a0<\/span><\/p>\n","protected":false},"excerpt":{"rendered":"<p>\u00bfQu\u00e9 debemos saber sobre la insuficiencia cardiaca? La insuficiencia card\u00edaca (IC) en uno de los trastornos del coraz\u00f3n m\u00e1s comunes en Cuba y su prevalencia se incrementa en las personas de edad avanzada. Ocurre cuando el m\u00fasculo card\u00edaco no puede bombear suficiente sangre para cubrir las necesidades del resto de su cuerpo. Si usted tiene [&hellip;]<\/p>\n","protected":false},"author":205,"featured_media":0,"parent":0,"menu_order":0,"comment_status":"closed","ping_status":"closed","template":"","meta":[],"_links":{"self":[{"href":"https:\/\/blogs.sld.cu\/insuficienciacardiaca\/wp-json\/wp\/v2\/pages\/12"}],"collection":[{"href":"https:\/\/blogs.sld.cu\/insuficienciacardiaca\/wp-json\/wp\/v2\/pages"}],"about":[{"href":"https:\/\/blogs.sld.cu\/insuficienciacardiaca\/wp-json\/wp\/v2\/types\/page"}],"author":[{"embeddable":true,"href":"https:\/\/blogs.sld.cu\/insuficienciacardiaca\/wp-json\/wp\/v2\/users\/205"}],"replies":[{"embeddable":true,"href":"https:\/\/blogs.sld.cu\/insuficienciacardiaca\/wp-json\/wp\/v2\/comments?post=12"}],"version-history":[{"count":43,"href":"https:\/\/blogs.sld.cu\/insuficienciacardiaca\/wp-json\/wp\/v2\/pages\/12\/revisions"}],"predecessor-version":[{"id":474,"href":"https:\/\/blogs.sld.cu\/insuficienciacardiaca\/wp-json\/wp\/v2\/pages\/12\/revisions\/474"}],"wp:attachment":[{"href":"https:\/\/blogs.sld.cu\/insuficienciacardiaca\/wp-json\/wp\/v2\/media?parent=12"}],"curies":[{"name":"wp","href":"https:\/\/api.w.org\/{rel}","templated":true}]}}