{"id":149,"date":"2020-03-08T16:47:25","date_gmt":"2020-03-08T16:47:25","guid":{"rendered":"http:\/\/blogs.sld.cu\/insuficienciacardiaca\/?page_id=149"},"modified":"2021-05-17T19:20:47","modified_gmt":"2021-05-17T19:20:47","slug":"ejercicios","status":"publish","type":"page","link":"https:\/\/blogs.sld.cu\/insuficienciacardiaca\/ejercicios\/","title":{"rendered":"Ejercicios"},"content":{"rendered":"<p>Para las personas que padecen insuficiencia card\u00edaca es importante la realizaci\u00f3n sistem\u00e1tica de ejercicio f\u00edsico, lo que les mantendr\u00e1 activos. Esto\u00a0no es contradictorio con su condici\u00f3n de enfermedad ya que\u00a0realmente el ejercicio realizado de forma moderada puede ayudar al coraz\u00f3n a ponerse m\u00e1s fuerte.<\/p>\n<p><a href=\"http:\/\/blogs.sld.cu\/insuficienciacardiaca\/files\/2020\/03\/actividad-aire-libre-adultos-mayores.jpg\"><img loading=\"lazy\" class=\"alignnone  wp-image-503\" src=\"http:\/\/blogs.sld.cu\/insuficienciacardiaca\/files\/2020\/03\/actividad-aire-libre-adultos-mayores.jpg\" alt=\"actividad-aire-libre-adultos-mayores\" width=\"508\" height=\"238\" srcset=\"https:\/\/blogs.sld.cu\/insuficienciacardiaca\/files\/2020\/03\/actividad-aire-libre-adultos-mayores.jpg 779w, https:\/\/blogs.sld.cu\/insuficienciacardiaca\/files\/2020\/03\/actividad-aire-libre-adultos-mayores-300x141.jpg 300w, https:\/\/blogs.sld.cu\/insuficienciacardiaca\/files\/2020\/03\/actividad-aire-libre-adultos-mayores-250x117.jpg 250w\" sizes=\"(max-width: 508px) 100vw, 508px\" \/><\/a><\/p>\n<table id=\"AutoNumber47\" class=\" alignleft\" border=\"0\" width=\"100%\" cellspacing=\"1\" cellpadding=\"2\">\n<tbody>\n<tr>\n<td>\n<p align=\"left\">Realice ejercicio f\u00edsico de acuerdo a las recomendaciones y limitaciones que le indique su m\u00e9dico. Los ejercicios f\u00edsicos incluyen fundamentalmente caminar, montar en bicicleta y nadar.<\/p>\n<p align=\"left\">Para comenzar a ejercitarse, lo primero es ponerse ropa c\u00f3moda, al igual que zapatos deportivos. Si lo prefiere h\u00e1galo acompa\u00f1ado por un familiar o por alg\u00fan amigo y le ser\u00e1 m\u00e1s agradable.<\/p>\n<p align=\"left\">Caminar por 20 minutos, comenzando por 3 veces a la semana hasta hacerlo diariamente.<\/p>\n<p align=\"left\">Montar en bicicleta por 15 minutos por terreno llano.<\/p>\n<p align=\"left\">Regularice el ejercicio, haci\u00e9ndolo siempre a la misma hora, evit\u00e1ndo las horas de sol intenso, preferentemente antes de las 10:00 am o en horarios de la tarde 6:00 pm.<\/p>\n<p align=\"left\">Anote en un diario el tiempo que camina, la distancia y c\u00f3mo se ha sentido durante el ejercicio. El cambio de actividad (un d\u00eda caminar, otro montar en bicicleta, otro nadar, etc.) es\u00a0beneficioso, pues adaptas tu organismo a diferentes actividades y trabajan diferentes m\u00fasculos.<\/p>\n<p align=\"left\">Evite los ejercicios bruscos y violentos, as\u00ed como los deportes de competici\u00f3n que le pueden generar estr\u00e9s o mucho esfuerzo. Si corre, h\u00e1galo a su ritmo y a un paso adecuado.<\/p>\n<p align=\"left\">El ejercicio, le va a mejorar su forma f\u00edsica y le har\u00e1 sentir mejor ya que le ayuda a perder peso, mejora sus s\u00edntomas, le ayuda a reducir el nivel de colesterol y triglic\u00e9ridos, mejora la circulaci\u00f3n en las extremidades, reduce el estr\u00e9s y la tensi\u00f3n arterial.<\/p>\n<\/td>\n<\/tr>\n<tr style=\"text-align: justify\">\n<td><span style=\"font-size: 10pt;font-family: verdana, geneva\">\u00a0<\/span><\/td>\n<\/tr>\n<tr>\n<td valign=\"top\">\n<table id=\"AutoNumber56\" border=\"0\" width=\"100%\" cellspacing=\"0\" cellpadding=\"0\">\n<tbody>\n<tr>\n<td width=\"100%\">\n<div align=\"center\">\n<h3><span style=\"color: #0061ad\">La combinaci\u00f3n del ejercicio f\u00edsico con una dieta saludable, ser\u00e1 fundamental para los cambios necesarios en su estilo de vida.<\/span><\/h3>\n<h2><span style=\"color: #800000\">MENTE SANA EN CUERPO SANO<\/span><\/h2>\n<\/div>\n<\/td>\n<\/tr>\n<\/tbody>\n<\/table>\n<\/td>\n<\/tr>\n<tr style=\"text-align: justify\">\n<td><span style=\"font-size: 10pt;font-family: verdana, geneva\">\u00a0<\/span><\/td>\n<\/tr>\n<\/tbody>\n<\/table>\n<p><span style=\"font-size: 10pt;font-family: verdana, geneva\">\u00a0<\/span><\/p>\n","protected":false},"excerpt":{"rendered":"<p>Para las personas que padecen insuficiencia card\u00edaca es importante la realizaci\u00f3n sistem\u00e1tica de ejercicio f\u00edsico, lo que les mantendr\u00e1 activos. Esto\u00a0no es contradictorio con su condici\u00f3n de enfermedad ya que\u00a0realmente el ejercicio realizado de forma moderada puede ayudar al coraz\u00f3n a ponerse m\u00e1s fuerte. Realice ejercicio f\u00edsico de acuerdo a las recomendaciones y limitaciones que [&hellip;]<\/p>\n","protected":false},"author":208,"featured_media":0,"parent":0,"menu_order":0,"comment_status":"closed","ping_status":"closed","template":"","meta":[],"_links":{"self":[{"href":"https:\/\/blogs.sld.cu\/insuficienciacardiaca\/wp-json\/wp\/v2\/pages\/149"}],"collection":[{"href":"https:\/\/blogs.sld.cu\/insuficienciacardiaca\/wp-json\/wp\/v2\/pages"}],"about":[{"href":"https:\/\/blogs.sld.cu\/insuficienciacardiaca\/wp-json\/wp\/v2\/types\/page"}],"author":[{"embeddable":true,"href":"https:\/\/blogs.sld.cu\/insuficienciacardiaca\/wp-json\/wp\/v2\/users\/208"}],"replies":[{"embeddable":true,"href":"https:\/\/blogs.sld.cu\/insuficienciacardiaca\/wp-json\/wp\/v2\/comments?post=149"}],"version-history":[{"count":26,"href":"https:\/\/blogs.sld.cu\/insuficienciacardiaca\/wp-json\/wp\/v2\/pages\/149\/revisions"}],"predecessor-version":[{"id":505,"href":"https:\/\/blogs.sld.cu\/insuficienciacardiaca\/wp-json\/wp\/v2\/pages\/149\/revisions\/505"}],"wp:attachment":[{"href":"https:\/\/blogs.sld.cu\/insuficienciacardiaca\/wp-json\/wp\/v2\/media?parent=149"}],"curies":[{"name":"wp","href":"https:\/\/api.w.org\/{rel}","templated":true}]}}