{"id":248,"date":"2020-03-21T05:34:38","date_gmt":"2020-03-21T05:34:38","guid":{"rendered":"http:\/\/blogs.sld.cu\/insuficienciacardiaca\/?page_id=248"},"modified":"2021-05-11T20:24:01","modified_gmt":"2021-05-11T20:24:01","slug":"248-2","status":"publish","type":"page","link":"https:\/\/blogs.sld.cu\/insuficienciacardiaca\/248-2\/","title":{"rendered":""},"content":{"rendered":"<p>El colesterol es una grasa que est\u00e1 presente en la sangre, la mayor parte se forma en nuestro h\u00edgado a partir de las grasas que comemos y cumple diversas funciones en la formaci\u00f3n de c\u00e9lulas y tejidos. Si comemos muchas grasas saturadas se eleva el contenido de colesterol en la sangre y \u00e9ste, junto a otras grasas, se deposita en el interior de los vasos sangu\u00edneos y con el tiempo obstruyen el paso de la sangre, de este modo una zona de nuestro cuerpo no va a recibir la sangre necesaria (se produce la angina, el infarto \u00f3 la trombosis).<\/p>\n<p>En la siguiente tabla vemos los alimentos que debe evitar. Su alto contenido en grasas saturadas y colesterol hacen que no sean saludables.<\/p>\n<p><span style=\"font-size: 10pt;font-family: verdana, geneva\"><a href=\"http:\/\/blogs.sld.cu\/insuficienciacardiaca\/files\/2020\/02\/alimentosgrasos.png\"><img loading=\"lazy\" class=\"alignnone  wp-image-101 alignleft\" src=\"http:\/\/blogs.sld.cu\/insuficienciacardiaca\/files\/2020\/02\/alimentosgrasos-1024x557.png\" alt=\"alimentosgrasos\" width=\"504\" height=\"274\" srcset=\"https:\/\/blogs.sld.cu\/insuficienciacardiaca\/files\/2020\/02\/alimentosgrasos-1024x557.png 1024w, https:\/\/blogs.sld.cu\/insuficienciacardiaca\/files\/2020\/02\/alimentosgrasos-300x163.png 300w, https:\/\/blogs.sld.cu\/insuficienciacardiaca\/files\/2020\/02\/alimentosgrasos-250x136.png 250w, https:\/\/blogs.sld.cu\/insuficienciacardiaca\/files\/2020\/02\/alimentosgrasos.png 1165w\" sizes=\"(max-width: 504px) 100vw, 504px\" \/><\/a><\/span><\/p>\n","protected":false},"excerpt":{"rendered":"<p>El colesterol es una grasa que est\u00e1 presente en la sangre, la mayor parte se forma en nuestro h\u00edgado a partir de las grasas que comemos y cumple diversas funciones en la formaci\u00f3n de c\u00e9lulas y tejidos. Si comemos muchas grasas saturadas se eleva el contenido de colesterol en la sangre y \u00e9ste, junto a [&hellip;]<\/p>\n","protected":false},"author":208,"featured_media":0,"parent":0,"menu_order":0,"comment_status":"closed","ping_status":"closed","template":"","meta":[],"_links":{"self":[{"href":"https:\/\/blogs.sld.cu\/insuficienciacardiaca\/wp-json\/wp\/v2\/pages\/248"}],"collection":[{"href":"https:\/\/blogs.sld.cu\/insuficienciacardiaca\/wp-json\/wp\/v2\/pages"}],"about":[{"href":"https:\/\/blogs.sld.cu\/insuficienciacardiaca\/wp-json\/wp\/v2\/types\/page"}],"author":[{"embeddable":true,"href":"https:\/\/blogs.sld.cu\/insuficienciacardiaca\/wp-json\/wp\/v2\/users\/208"}],"replies":[{"embeddable":true,"href":"https:\/\/blogs.sld.cu\/insuficienciacardiaca\/wp-json\/wp\/v2\/comments?post=248"}],"version-history":[{"count":8,"href":"https:\/\/blogs.sld.cu\/insuficienciacardiaca\/wp-json\/wp\/v2\/pages\/248\/revisions"}],"predecessor-version":[{"id":479,"href":"https:\/\/blogs.sld.cu\/insuficienciacardiaca\/wp-json\/wp\/v2\/pages\/248\/revisions\/479"}],"wp:attachment":[{"href":"https:\/\/blogs.sld.cu\/insuficienciacardiaca\/wp-json\/wp\/v2\/media?parent=248"}],"curies":[{"name":"wp","href":"https:\/\/api.w.org\/{rel}","templated":true}]}}