{"id":18,"date":"2021-02-11T04:04:37","date_gmt":"2021-02-11T04:04:37","guid":{"rendered":"http:\/\/blogs.sld.cu\/vihsida\/?page_id=18"},"modified":"2021-11-27T00:49:35","modified_gmt":"2021-11-27T00:49:35","slug":"preguntas-frecuentes","status":"publish","type":"page","link":"https:\/\/blogs.sld.cu\/its\/preguntas-frecuentes\/","title":{"rendered":"Preguntas frecuentes"},"content":{"rendered":"<p>&nbsp;<\/p>\n<p>&nbsp;<\/p>\n<p><strong>Es lo mismo decir\u00a0 VIH que SIDA?<\/strong><\/p>\n<p>Aunque son t\u00e9rminos que se usan juntos para definir la enfermedad, el VIH es el virus que trasmite la enfermedad que es el SIDA.<\/p>\n<p><strong>\u00bfPorqu\u00e9 se les dice Infecciones?<\/strong><\/p>\n<p>Se les dice infecciones porque se transmiten de persona a persona.<\/p>\n<p>. <strong>\u00bfSi una persona tiene otra ITS, aumenta su riesgo de infecci\u00f3n si se expone al VIH?<\/strong><\/p>\n<p>&nbsp;<\/p>\n<p>S\u00ed. En particular, las infecciones que producen \u00falceras en los genitales, tales como el chancroide y la s\u00edfilis, aumentan el riesgo de contraer la infecci\u00f3n por el VIH en caso de exposici\u00f3n al virus. Adem\u00e1s, otras ITS tambi\u00e9n pueden aumentar el riesgo de infecci\u00f3n por el VIH.<\/p>\n<p>&nbsp;<\/p>\n<p>. <strong>Si se usa el preservativo solo algunas veces, \u00bfofrece alguna protecci\u00f3n contra las ITS, incluida la infecci\u00f3n por el VIH?<\/strong><\/p>\n<p>&nbsp;<\/p>\n<p>Para obtener la m\u00e1xima protecci\u00f3n, los preservativos se deben utilizar en cada acto sexual. Sin embargo, en algunos casos, el uso ocasional puede resultar protector. Por ejemplo, si una persona con una pareja regular y fiel tiene un acto sexual fuera de la relaci\u00f3n, el uso del preservativo para esa relaci\u00f3n sexual puede ser muy protector. Sin embargo, en lo que respecta a las personas que est\u00e1n expuestas con frecuencia a las ITS, incluida la infecci\u00f3n por el VIH, usar el preservativo \u00fanicamente en algunas ocasiones ofrece escasa protecci\u00f3n.<\/p>\n<p><strong>\u00a0<\/strong><\/p>\n<p><strong>. \u00bfQui\u00e9n tiene mayor riesgo de contraer una ITS, los hombres o las mujeres?<\/strong><\/p>\n<p>&nbsp;<\/p>\n<p>En caso de exposici\u00f3n a las ITS, las mujeres son m\u00e1s proclives a contraer la infecci\u00f3n que los hombres debido a factores biol\u00f3gicos. Las mujeres tienen una zona de exposici\u00f3n (el cuello uterino y la vagina) mayor que los hombres, y durante las relaciones sexuales se pueden producir peque\u00f1os desgarros del tejido vaginal, que constituyen una v\u00eda f\u00e1cil para contraer infecciones.<\/p>\n<p>&nbsp;<\/p>\n<ol start=\"4\">\n<li>\u00bfLas ITS pueden transmitirse a trav\u00e9s del sexo oral (boca en el pene o la vagina)?<\/li>\n<\/ol>\n<p>&nbsp;<\/p>\n<p>S\u00ed. <strong>El herpes, la s\u00edfilis, la hepatitis B, la clamidiasis y la gonorrea pueden transmitirse a trav\u00e9s de las relaciones sexuales orales.<\/strong><\/p>\n<p>&nbsp;<\/p>\n<ol start=\"5\">\n<li><strong>\u00bfPueden transmitirse las ITS a trav\u00e9s del coito anal (pene en el ano)?<\/strong><\/li>\n<\/ol>\n<p>&nbsp;<\/p>\n<p>S\u00ed. Las ITS, incluida la infecci\u00f3n por el VIH, se transmiten com\u00fanmente a trav\u00e9s del coito anal. Las relaciones sexuales anales sin protecci\u00f3n se asocian al mayor riesgo de transmisi\u00f3n sexual del VIH.<\/p>\n<p><strong>. \u00bfSe puede contagiar el VIH a trav\u00e9s de los abrazos? \u00bfAl estrechar las manos? \u00bfPor picaduras de mosquitos?<\/strong><\/p>\n<p>El VIH no puede transmitirse a trav\u00e9s de contactos casuales como besarse con la boca cerrada, abrazarse, darse la mano y compartir comida, ropa o asientos de inodoro. El virus no puede sobrevivir mucho tiempo fuera del cuerpo humano. Los mosquitos tampoco pueden transmitir el VIH.<\/p>\n<p>&nbsp;<\/p>\n<p>materiales se usan para la lubricaci\u00f3n, para hacer que las relaciones sexuales sean m\u00e1s suaves.<\/p>\n<p>&nbsp;<\/p>\n<ol start=\"8\">\n<li><\/li>\n<\/ol>\n<p>&nbsp;<\/p>\n<p>&nbsp;<\/p>\n<p>&nbsp;<\/p>\n","protected":false},"excerpt":{"rendered":"<p>&nbsp; &nbsp; Es lo mismo decir\u00a0 VIH que SIDA? Aunque son t\u00e9rminos que se usan juntos para definir la enfermedad, el VIH es el virus que trasmite la enfermedad que es el SIDA. \u00bfPorqu\u00e9 se les dice Infecciones? Se les dice infecciones porque se transmiten de persona a persona. . \u00bfSi una persona tiene otra [&hellip;]<\/p>\n","protected":false},"author":208,"featured_media":0,"parent":0,"menu_order":0,"comment_status":"closed","ping_status":"closed","template":"","meta":[],"_links":{"self":[{"href":"https:\/\/blogs.sld.cu\/its\/wp-json\/wp\/v2\/pages\/18"}],"collection":[{"href":"https:\/\/blogs.sld.cu\/its\/wp-json\/wp\/v2\/pages"}],"about":[{"href":"https:\/\/blogs.sld.cu\/its\/wp-json\/wp\/v2\/types\/page"}],"author":[{"embeddable":true,"href":"https:\/\/blogs.sld.cu\/its\/wp-json\/wp\/v2\/users\/208"}],"replies":[{"embeddable":true,"href":"https:\/\/blogs.sld.cu\/its\/wp-json\/wp\/v2\/comments?post=18"}],"version-history":[{"count":8,"href":"https:\/\/blogs.sld.cu\/its\/wp-json\/wp\/v2\/pages\/18\/revisions"}],"predecessor-version":[{"id":136,"href":"https:\/\/blogs.sld.cu\/its\/wp-json\/wp\/v2\/pages\/18\/revisions\/136"}],"wp:attachment":[{"href":"https:\/\/blogs.sld.cu\/its\/wp-json\/wp\/v2\/media?parent=18"}],"curies":[{"name":"wp","href":"https:\/\/api.w.org\/{rel}","templated":true}]}}