{"id":24,"date":"2021-02-11T04:21:53","date_gmt":"2021-02-11T04:21:53","guid":{"rendered":"http:\/\/blogs.sld.cu\/vihsida\/?page_id=24"},"modified":"2021-11-27T17:57:04","modified_gmt":"2021-11-27T17:57:04","slug":"vihsida","status":"publish","type":"page","link":"https:\/\/blogs.sld.cu\/its\/vihsida\/","title":{"rendered":"Virus de la Inmunodeficiencia humana (VIH\/SIDA)"},"content":{"rendered":"<p><a href=\"http:\/\/blogs.sld.cu\/its\/files\/2021\/11\/SN-y-dano-vascular.jpg\"><img loading=\"lazy\" class=\"size-full wp-image-118 alignleft\" src=\"http:\/\/blogs.sld.cu\/its\/files\/2021\/11\/SN-y-dano-vascular.jpg\" alt=\"VIH Virus de la Inmunodeficiencia humana\" width=\"230\" height=\"230\" srcset=\"https:\/\/blogs.sld.cu\/its\/files\/2021\/11\/SN-y-dano-vascular.jpg 230w, https:\/\/blogs.sld.cu\/its\/files\/2021\/11\/SN-y-dano-vascular-150x150.jpg 150w\" sizes=\"(max-width: 230px) 100vw, 230px\" \/><\/a><\/p>\n<p><strong>VIH<\/strong> significa <em>virus de la inmunodeficiencia humana<\/em>. Este es el virus que causa el <strong>SIDA<\/strong>( S\u00ecndrome de la Inmunodeficiencia adquirida) que es la enfermedad. El VIH es diferente a la mayor\u00eda de los virus porque ataca el sistema inmunitario. El sistema inmunitario le permite al cuerpo combatir las infecciones. El VIH encuentra y destruye un tipo particular de gl\u00f3bulos blancos (las c\u00e9lulas T o CD4) utilizados para combatir las enfermedades (<a href=\"http:\/\/files.sld.cu\/sida\/files\/2011\/08\/ciclodevidadelvih-infosida-2005.pdf\" target=\"_blank\" rel=\"noopener\">Ver ciclo de vida del virus<\/a>). Existen dos tipos de VIH, el VIH-1 y el VIH-2. Ambos tipos de VIH causan da\u00f1os en el cuerpo humano al destruir c\u00e9lulas sangu\u00edneas espec\u00edficas, llamadas c\u00e9lulas T CD4+, que son vitales para defenderse de las enfermedades.<\/p>\n<p><strong>Sida<\/strong> significa <em>s\u00edndrome de inmunodeficiencia adquirida<\/em>. El sida representa la etapa final de la infecci\u00f3n por el VIH. Es posible que una persona infectada con el VIH tarde varios a\u00f1os en alcanzar esta etapa aun sin recibir tratamiento; este intervalo es muy variable de una persona a otra. Sin tratamiento, la mayor\u00eda de los infectados acaban presentando signos de enfermedades relacionadas con el VIH en un plazo de 5 a 10 a\u00f1os. Sin embargo, el intervalo entre la infecci\u00f3n y el diagn\u00f3stico de sida puede ser de 10 a 15 a\u00f1os, o incluso m\u00e1s. El tratamiento antirretrov\u00edrico puede frenar la progresi\u00f3n de la enfermedad al reducir la carga viral del paciente.<\/p>\n<p>En las personas que tienen el sida, el virus ha debilitado su sistema inmunitario a tal grado que al cuerpo se le dificulta combatir las infecciones. Se considera que alguien tiene sida cuando presenta una o m\u00e1s infecciones\u00a0 de tipo oportunistas y un n\u00famero bajo de c\u00e9lulas T.<\/p>\n<p>La tuberculosis es la infecci\u00f3n oportunista m\u00e1s com\u00fan y mata cada a\u00f1o a cerca de un cuarto de mill\u00f3n de pacientes infectados por el VIH. En estos pacientes es la primera causa de muerte en \u00c1frica, y una de las primeras en todo el mundo.<\/p>\n<p><strong>Or\u00edgenes del VIH<\/strong><\/p>\n<p>Los cient\u00edficos identificaron un tipo de chimpanc\u00e9 en \u00c1frica occidental como la fuente de la infecci\u00f3n del VIH en los humanos. El virus muy probablemente pas\u00f3 de los chimpanc\u00e9s a los humanos que cazaban a estos animales para comer su carne, y al entrar en contacto con la sangre infectada. En el transcurso<\/p>\n<p>&nbsp;<\/p>\n<p>.<\/p>\n","protected":false},"excerpt":{"rendered":"<p>VIH significa virus de la inmunodeficiencia humana. Este es el virus que causa el SIDA( S\u00ecndrome de la Inmunodeficiencia adquirida) que es la enfermedad. El VIH es diferente a la mayor\u00eda de los virus porque ataca el sistema inmunitario. El sistema inmunitario le permite al cuerpo combatir las infecciones. El VIH encuentra y destruye un [&hellip;]<\/p>\n","protected":false},"author":208,"featured_media":0,"parent":0,"menu_order":0,"comment_status":"closed","ping_status":"closed","template":"","meta":[],"_links":{"self":[{"href":"https:\/\/blogs.sld.cu\/its\/wp-json\/wp\/v2\/pages\/24"}],"collection":[{"href":"https:\/\/blogs.sld.cu\/its\/wp-json\/wp\/v2\/pages"}],"about":[{"href":"https:\/\/blogs.sld.cu\/its\/wp-json\/wp\/v2\/types\/page"}],"author":[{"embeddable":true,"href":"https:\/\/blogs.sld.cu\/its\/wp-json\/wp\/v2\/users\/208"}],"replies":[{"embeddable":true,"href":"https:\/\/blogs.sld.cu\/its\/wp-json\/wp\/v2\/comments?post=24"}],"version-history":[{"count":8,"href":"https:\/\/blogs.sld.cu\/its\/wp-json\/wp\/v2\/pages\/24\/revisions"}],"predecessor-version":[{"id":145,"href":"https:\/\/blogs.sld.cu\/its\/wp-json\/wp\/v2\/pages\/24\/revisions\/145"}],"wp:attachment":[{"href":"https:\/\/blogs.sld.cu\/its\/wp-json\/wp\/v2\/media?parent=24"}],"curies":[{"name":"wp","href":"https:\/\/api.w.org\/{rel}","templated":true}]}}