{"id":26,"date":"2021-09-25T04:24:45","date_gmt":"2021-09-25T04:24:45","guid":{"rendered":"http:\/\/blogs.sld.cu\/vihsida\/?page_id=26"},"modified":"2021-09-25T23:08:01","modified_gmt":"2021-09-25T23:08:01","slug":"gonorrea","status":"publish","type":"page","link":"https:\/\/blogs.sld.cu\/its\/gonorrea\/","title":{"rendered":"Gonorrea"},"content":{"rendered":"<p><strong>\u00bfQu\u00e9 es?<\/strong><br \/>\nLa gonorrea o blenorragia es una ITS provocada por la <em>Neisseria gonorrhoeae<\/em>, una bacteria que puede crecer y multiplicarse f\u00e1cilmente en \u00e1reas h\u00famedas y tibias del tracto reproductivo, incluidos el cuello uterino (la abertura de la matriz), el \u00fatero y las trompas de Falopio (tambi\u00e9n llamadas oviductos) en la mujer, y en la uretra (conducto urinario) en la mujer y en el hombre. Esta bacteria tambi\u00e9n puede crecer en la boca, la garganta, los ojos y el ano.<\/p>\n<p><strong>\u00bfC\u00f3mo se trasmite?<\/strong><br \/>\nLa gonorrea se transmite por contacto con el pene, la vagina, la boca o el ano. No es necesario que se d\u00e9 la eyaculaci\u00f3n para transmitir o contraer la gonorrea. Tambi\u00e9n puede transmitirse de madre a hijo durante el parto. Las personas que han tenido gonorrea y han sido tratadas pueden infectarse nuevamente si tienen relaciones sexuales con una persona que tiene la enfermedad. Toda persona sexualmente activa puede infectarse.<\/p>\n<p><strong>\u00bfCu\u00e1les son los s\u00edntomas?<\/strong><br \/>\nA\u00fan cuando es probable que muchos hombres con gonorrea no tengan ning\u00fan s\u00edntoma, en algunos aparecer\u00e1n algunos signos y s\u00edntomas de dos a cinco d\u00edas despu\u00e9s de contraer la infecci\u00f3n. Algunos s\u00edntomas pueden tardar hasta 30 d\u00edas en aparecer.<\/p>\n<ul>\n<li>Dolor y ardor al orinar<\/li>\n<li>Aumento de la frecuencia o urgencia urinaria<\/li>\n<li>Secreci\u00f3n del pene (de color blanco, amarillo o verde)<\/li>\n<li>Abertura del pene (uretra) roja o inflamada<\/li>\n<li>Test\u00edculos sensibles o inflamados<\/li>\n<li>Irritaci\u00f3n de la garganta<\/li>\n<\/ul>\n<p>La mayor\u00eda de las mujeres con gonorrea no tienen s\u00edntomas, y si los tienen, \u00e9stos son leves. Incluso cuando tienen s\u00edntomas, pueden ser tan poco espec\u00edficos que se confunden con los s\u00edntomas de una infecci\u00f3n vaginal o de cistitis.<\/p>\n<ul>\n<li>Secreci\u00f3n vaginal<\/li>\n<li>Dolor y ardor al orinar<\/li>\n<li>Aumento de la micci\u00f3n<\/li>\n<li>Irritaci\u00f3n de la garganta<\/li>\n<li>Relaciones sexuales dolorosas<\/li>\n<li>Dolor intenso en la parte baja del abdomen (si la infecci\u00f3n se disemina a las trompas de Falopio y al \u00e1rea del est\u00f3mago)<\/li>\n<li>Fiebre (si la infecci\u00f3n se disemina a las trompas de Falopio y al \u00e1rea del est\u00f3mago)<\/li>\n<\/ul>\n<p>Las mujeres con gonorrea est\u00e1n expuestas al riesgo de tener graves complicaciones de la infecci\u00f3n, independientemente de la presencia o gravedad de los s\u00edntomas.<\/p>\n<p>Entre los s\u00edntomas de infecci\u00f3n rectal tanto en hombres como en mujeres, puede haber secreci\u00f3n, picaz\u00f3n, dolor y sangrado en el ano y dolor al defecar. Tambi\u00e9n es probable que la infecci\u00f3n rectal no est\u00e9 acompa\u00f1ada de s\u00edntomas. Las infecciones de la garganta puede que provoquen dolor de garganta, pero por lo general no se presenta ning\u00fan s\u00edntoma.<\/p>\n<p>Cuando la gonorrea no es tratada, puede provocar problemas graves y permanentes de salud tanto en hombres como en mujeres.<\/p>\n<p>En las mujeres, la gonorrea es una causa frecuente de enfermedad inflamatoria p\u00e9lvica (EIP). Las mujeres con EIP no tienen necesariamente s\u00edntomas. Pero cuando s\u00ed se presentan, pueden ser muy graves e incluir dolor abdominal y fiebre. La EIP puede provocar abscesos internos (p\u00fastulas llenas de pus dif\u00edciles de curar) y dolor p\u00e9lvico cr\u00f3nico prolongado. Tambi\u00e9n puede causar da\u00f1os a las trompas de Falopio y producir infertilidad o aumentar el riesgo de un embarazo ect\u00f3pico. El embarazo ect\u00f3pico es una afecci\u00f3n potencialmente mortal en la cual un \u00f3vulo fecundado crece fuera del \u00fatero, usualmente en una trompa de Falopio.<\/p>\n<p>En los hombres, la gonorrea puede provocar epididimitis, una afecci\u00f3n dolorosa de los test\u00edculos que puede provocar infertilidad si no es tratada.<\/p>\n<p>La gonorrea puede propagarse a la sangre y a las articulaciones. Esta afecci\u00f3n puede ser potencialmente mortal. Adem\u00e1s, las personas con gonorrea pueden f\u00e1cilmente infectarse con el VIH, el virus que causa el sida. Las personas infectadas con VIH que tienen gonorrea tienen m\u00e1s probabilidad de transmitir el VIH a otra persona.<\/p>\n<p>Las complicaciones en las mujeres pueden abarcar:<\/p>\n<ul>\n<li>Salpingitis (cicatrizaci\u00f3n de las trompas de Falopio) que puede llevar a tener problemas para quedar en embarazo<\/li>\n<li>Enfermedad inflamatoria p\u00e9lvica<\/li>\n<li>Vulvovaginitis<\/li>\n<li>Esterilidad (incapacidad para quedar en embarazo)<\/li>\n<li>Relaciones sexuales dolorosas (dispareunia)<\/li>\n<\/ul>\n<p>Las complicaciones en los hombres pueden abarcar:<\/p>\n<ul>\n<li>Absceso periuretral (acumulaci\u00f3n de pus alrededor de la uretra)<\/li>\n<li>Estrechamiento de la uretra causado por la cicatrizaci\u00f3n (estenosis uretral)<\/li>\n<li>Problemas con la micci\u00f3n<\/li>\n<li>Infecci\u00f3n urinaria<\/li>\n<li>Insuficiencia renal<\/li>\n<\/ul>\n<p>Las complicaciones tanto en hombres como en mujeres pueden abarcar:<\/p>\n<ul>\n<li>Infecci\u00f3n diseminada que puede ser muy grave<\/li>\n<li>Infecci\u00f3n o inflamaci\u00f3n del sistema reproductivo<\/li>\n<li>Peritonitis<\/li>\n<li>Bacteriemia (gonococemia)<\/li>\n<li>Artritis gonoc\u00f3cica (infecci\u00f3n articular)<\/li>\n<li>Faringitis gonoc\u00f3cica (infecci\u00f3n de la garganta)<\/li>\n<li>Oftalm\u00eda neonatal (conjuntivitis gonoc\u00f3cica)<\/li>\n<\/ul>\n<p><strong>\u00bfCu\u00e1les son las pruebas para diagnosticar la gonorrea?<\/strong><br \/>\nExisten varias pruebas de laboratorio para diagnosticar la gonorrea. Un m\u00e9dico o una enfermera puede tomar una muestra de las partes del cuerpo que pudieran estar infectadas (cuello uterino, uretra, recto o garganta) y enviarla a un laboratorio para que sea analizada. La gonorrea presente en el cuello uterino o en la uretra puede ser diagnosticada en el laboratorio con un sencillo an\u00e1lisis de una muestra de orina. Una prueba r\u00e1pida de laboratorio que puede realizarse en algunas cl\u00ednicas y consultorios m\u00e9dicos es la prueba de tinci\u00f3n de Gram. La tinci\u00f3n de Gram de una muestra de la uretra o del cuello del \u00fatero permite al m\u00e9dico visualizar la bacteria en el microscopio. Este examen funciona mejor en los hombres que en las mujeres.<\/p>\n<p>El\u00a0examen de Papanicolau \u00a0<strong>no se utiliza<\/strong> para detectar gonorrea.<\/p>\n<p><strong>\u00bfC\u00f3mo se trata la gonorrea?<\/strong><br \/>\nExisten varios antibi\u00f3ticos con los cuales se puede tratar exitosamente la gonorrea en adolescentes y adultos. Sin embargo, ha estado aumentando el n\u00famero de cepas de gonorrea resistentes a las medicinas en muchas partes del mundo, por lo que el tratamiento de la gonorrea se hace cada vez m\u00e1s dif\u00edcil. Dado que muchas personas con gonorrea tambi\u00e9n tienen clamidia, otra enfermedad de transmisi\u00f3n sexual, se suelen recetar antibi\u00f3ticos para tratar ambas infecciones al mismo tiempo. Se recomienda que las personas con gonorrea tambi\u00e9n se hagan pruebas para detectar otras ITS.<\/p>\n<p>La penicilina sol\u00eda administr\u00e1rsele a pacientes con gonorrea, pero ya no se usa con tanta frecuencia, dado que algunos tipos de las bacterias de la gonorrea ya no responden a este f\u00e1rmaco. Lo mismo sucede con las fluoroquinolonas, que incluyen ciprofloxacina, ofloxacina o levofloxacina. Los antibi\u00f3ticos llamados cefalosporinas, incluyendo Ceftriaxona (Rocephin), se recomiendan para personas con gonorrea. Igualmente, un medicamento llamado Azitromicina (Zithromax) se puede administrar a personas con infecciones no complicadas.<\/p>\n<p>Para curar la gonorrea, es necesario tomar toda la medicina recetada. Si bien la medicina detendr\u00e1 la infecci\u00f3n, no remediar\u00e1 ninguna lesi\u00f3n permanente provocada por la enfermedad. Las personas que han tenido gonorrea y se han curado, pueden contraer nuevamente la enfermedad si tienen relaciones sexuales con personas infectadas. Si los s\u00edntomas en una persona persisten despu\u00e9s del tratamiento, debe regresar al m\u00e9dico para que sea evaluada nuevamente.<\/p>\n<p><strong>\u00bfC\u00f3mo puedo protegerme?<\/strong><br \/>\nLa manera m\u00e1s segura de evitar el contagio de infecciones de transmisi\u00f3n sexual es absteni\u00e9ndose del contacto sexual o tener una relaci\u00f3n duradera, mutuamente mon\u00f3gama, con una pareja a quien se le han hecho pruebas y se sabe que no est\u00e1 infectada.<\/p>\n<p>Los condones de l\u00e1tex, cuando se usan de manera habitual y correcta, pueden reducir el riesgo de transmisi\u00f3n de la gonorrea.<\/p>\n<p>Todo s\u00edntoma genital, como por ejemplo secreci\u00f3n o ardor al orinar, una \u00falcera poco usual o una irritaci\u00f3n, debe ser raz\u00f3n para dejar de tener relaciones sexuales y consultar a un proveedor de atenci\u00f3n m\u00e9dica de inmediato. Si a una persona se le ha diagnosticado gonorrea y ha recibido tratamiento contra esta enfermedad, debe informarle de esto a todas sus parejas sexuales recientes para que \u00e9stas vean a un proveedor de atenci\u00f3n m\u00e9dica y reciban tratamiento. Esto reducir\u00e1 el riesgo de que las parejas sexuales presenten complicaciones graves por la gonorrea y reducir\u00e1 el riesgo de reinfecci\u00f3n en una persona. La persona con gonorrea y todas sus parejas sexuales deben evitar tener relaciones sexuales hasta que hayan terminado su tratamiento contra la enfermedad.<\/p>\n","protected":false},"excerpt":{"rendered":"<p>\u00bfQu\u00e9 es? La gonorrea o blenorragia es una ITS provocada por la Neisseria gonorrhoeae, una bacteria que puede crecer y multiplicarse f\u00e1cilmente en \u00e1reas h\u00famedas y tibias del tracto reproductivo, incluidos el cuello uterino (la abertura de la matriz), el \u00fatero y las trompas de Falopio (tambi\u00e9n llamadas oviductos) en la mujer, y en la [&hellip;]<\/p>\n","protected":false},"author":123,"featured_media":0,"parent":0,"menu_order":0,"comment_status":"closed","ping_status":"closed","template":"","meta":[],"_links":{"self":[{"href":"https:\/\/blogs.sld.cu\/its\/wp-json\/wp\/v2\/pages\/26"}],"collection":[{"href":"https:\/\/blogs.sld.cu\/its\/wp-json\/wp\/v2\/pages"}],"about":[{"href":"https:\/\/blogs.sld.cu\/its\/wp-json\/wp\/v2\/types\/page"}],"author":[{"embeddable":true,"href":"https:\/\/blogs.sld.cu\/its\/wp-json\/wp\/v2\/users\/123"}],"replies":[{"embeddable":true,"href":"https:\/\/blogs.sld.cu\/its\/wp-json\/wp\/v2\/comments?post=26"}],"version-history":[{"count":2,"href":"https:\/\/blogs.sld.cu\/its\/wp-json\/wp\/v2\/pages\/26\/revisions"}],"predecessor-version":[{"id":105,"href":"https:\/\/blogs.sld.cu\/its\/wp-json\/wp\/v2\/pages\/26\/revisions\/105"}],"wp:attachment":[{"href":"https:\/\/blogs.sld.cu\/its\/wp-json\/wp\/v2\/media?parent=26"}],"curies":[{"name":"wp","href":"https:\/\/api.w.org\/{rel}","templated":true}]}}