{"id":28,"date":"2021-09-25T16:25:31","date_gmt":"2021-09-25T16:25:31","guid":{"rendered":"http:\/\/blogs.sld.cu\/vihsida\/?page_id=28"},"modified":"2021-09-25T23:07:19","modified_gmt":"2021-09-25T23:07:19","slug":"sifilis","status":"publish","type":"page","link":"https:\/\/blogs.sld.cu\/its\/sifilis\/","title":{"rendered":"S\u00edfilis"},"content":{"rendered":"<p><strong>\u00bfQu\u00e9 es?<\/strong><br \/>\nLa s\u00edfilis es provocada por la bacteria Treponema pallidium, que es una bacteria Gram negativa. A menudo se le ha llamado la gran imitadora porque muchos de sus signos y s\u00edntomas no pueden ser diferenciados de los de otras enfermedades.<\/p>\n<p><strong>\u00bfC\u00f3mo se trasmite?<\/strong><br \/>\nLa s\u00edfilis se trasmite por:<\/p>\n<ul>\n<li>Relaciones sexuales desprotegidas vaginales, anales u orales o por contacto de piel no intacta con el chancro<\/li>\n<li>A trav\u00e9s de donaciones de sangre cuando el donante se encuentra en una fase temprana de la enfermedad<\/li>\n<li>Trasmisi\u00f3n vertical (de la madre al feto)<\/li>\n<\/ul>\n<p>Tiene un per\u00edodo de incubaci\u00f3n de 10 a 90 d\u00edas.\u00a0Las lesiones (chancros) aparecen principalmente en los genitales externos, la vagina, el ano o el recto. Tambi\u00e9n pueden aparecer en los labios y en la boca.\u00a0Las \u00falceras genitales producidas por la s\u00edfilis pueden sangrar f\u00e1cilmente y cuando entran en contacto con la mucosa oral o rectal durante la relaci\u00f3n sexual.<\/p>\n<p>La presencia de\u00a0los chancros en los genitales\u00a0facilitan la trasmisi\u00f3n\u00a0sexual de la infecci\u00f3n por VIH ya que estas lesiones ulcerosas rompen la primera barrera de defenza\u00a0contra los\u00a0agentes pat\u00f3genos.\u00a0Se calcula que el riesgo de contraer la infecci\u00f3n por VIH es de 2 a 5 veces m\u00e1s alto cuando est\u00e1 presente la s\u00edfilis.<\/p>\n<p>La s\u00edfilis no se\u00a0trasmite por el contacto con inodoros, manillas de puertas, piscinas, ba\u00f1eras y jacuzzis ni por compartir ropa ni cubiertos.<\/p>\n<p><strong>\u00bfCu\u00e1les son los s\u00edntomas?<\/strong><br \/>\nMuchas personas que tienen s\u00edfilis est\u00e1n libres de s\u00edntomas por a\u00f1os, pero enfrentan el riesgo de complicaciones si no se tratan la enfermedad. Aunque parece que la transmisi\u00f3n ocurre a partir de personas con chancros, quienes est\u00e1n en la fase primaria o secundaria de la enfermedad, muchos de estos chancros pasan desapercibidos. Por lo tanto, la transmisi\u00f3n se da principalmente a partir de personas que no saben que est\u00e1n infectadas.<\/p>\n<p>Por otra parte, dependiendo de cu\u00e1nto tiempo una mujer embarazada ha estado infectada, puede enfrentar un alto riesgo de\u00a0mortalidad fetal\u00a0 o dar a luz un beb\u00e9 que muere poco despu\u00e9s de haber nacido. Un beb\u00e9 infectado puede que nazca sin los signos y s\u00edntomas de la enfermedad. Sin embargo, si no es sometido a tratamiento de inmediato, el beb\u00e9 puede presentar serios problemas al cabo de unas cuantas semanas. Si estos beb\u00e9s no reciben tratamiento, pueden sufrir de retardo del desarrollo, convulsiones o morir.<\/p>\n<p><strong>La s\u00edfilis tiene varias etapas:<\/strong><\/p>\n<p><strong>Fase primaria<\/strong><br \/>\nLa fase primaria de la s\u00edfilis suele estar marcada por la aparici\u00f3n de una sola \u00falcera (llamada chancro), pero puede que aparezcan m\u00faltiples \u00falceras. El tiempo que transcurre entre la infecci\u00f3n por s\u00edfilis y la aparici\u00f3n del primer s\u00edntoma puede variar de 10 a 90 d\u00edas (con un promedio de 21 d\u00edas). Por lo general, el chancro es firme, redondo, peque\u00f1o e indoloro. Aparece en el sitio por donde la s\u00edfilis entr\u00f3 al organismo. El chancro dura de 3 a 6 semanas y se cura sin tratamiento. Sin embargo, si no se administra el tratamiento adecuado, la infecci\u00f3n progresa hasta pasar a la fase secundaria.<\/p>\n<p><strong>Fase secundaria<\/strong><br \/>\nLa fase secundaria se caracteriza por irritaciones en la piel y lesiones en las membranas mucosas y se presenta de 2 a 8 semanas despu\u00e9s de la aparici\u00f3n de las primeras \u00falceras. Esta fase suele comenzar con la aparici\u00f3n de una irritaci\u00f3n en una o m\u00e1s \u00e1reas del cuerpo. Por lo general, la irritaci\u00f3n no produce picaz\u00f3n. Las irritaciones asociadas a la s\u00edfilis secundaria pueden aparecer mientras se cura el chancro o varias semanas despu\u00e9s de que el chancro se haya curado. La irritaci\u00f3n caracter\u00edstica de la s\u00edfilis secundaria puede tomar el aspecto de puntos rugosos, de color rojo o marr\u00f3n rojizo, tanto en la palma de las manos como en la planta de los pies. Sin embargo, tambi\u00e9n pueden aparecer irritaciones de apariencia diferente en otras partes del cuerpo, que algunas veces se parecen a irritaciones provocadas por otras enfermedades.<\/p>\n<p>Algunas veces, las irritaciones asociadas a la s\u00edfilis secundaria son tan leves que pasan desapercibidas. Adem\u00e1s de las irritaciones, puede que se presenten otros s\u00edntomas durante la fase secundaria, que incluyen fiebre, inflamaci\u00f3n de los ganglios, dolor de garganta, p\u00e9rdida irregular del cabello, dolor de cabeza, p\u00e9rdida de peso, dolores musculares y fatiga. Los signos y s\u00edntomas de la s\u00edfilis secundaria desaparecer\u00e1n con tratamiento o sin tratamiento, pero la infecci\u00f3n progresar\u00e1 hasta las fases latente y terciaria de la enfermedad, si no se administra ning\u00fan tratamiento.<\/p>\n<p><strong>Fase terciaria<\/strong><br \/>\nLa fase latente (escondida) de la s\u00edfilis comienza con la desaparici\u00f3n de los s\u00edntomas de la fase secundaria. Sin tratamiento, la persona infectada seguir\u00e1 teniendo s\u00edfilis aun cuando no tenga ni signos ni s\u00edntomas; la infecci\u00f3n permanece en el organismo. En la fase terciaria, la s\u00edfilis puede lesionar los \u00f3rganos internos, entre ellos el cerebro, los nervios, los ojos, el coraz\u00f3n, los vasos sangu\u00edneos, el h\u00edgado, los huesos y las articulaciones. Las lesiones internas pueden aparecer muchos a\u00f1os m\u00e1s tarde. Entre los signos y s\u00edntomas de la fase terciaria de la s\u00edfilis se encuentran la dificultad para coordinar los movimientos musculares, par\u00e1lisis, entumecimiento, ceguera gradual y demencia. Estas lesiones pueden ser lo suficientemente graves como para producir la muerte.<\/p>\n<p><strong>\u00bfCu\u00e1les son las pruebas para diagnosticar la s\u00edfilis?<\/strong><br \/>\nAlgunos proveedores de atenci\u00f3n m\u00e9dica pueden diagnosticar la s\u00edfilis mediante el examen del material de un chancro (\u00falcera infecciosa) en un microscopio especial llamado microscopio de campo oscuro. Si las bacterias de la s\u00edfilis est\u00e1n presentes en el chancro, se notar\u00e1n al microscopio.<\/p>\n<p>El examen de sangre es otra manera de determinar si una persona tiene s\u00edfilis. Poco tiempo despu\u00e9s de que una persona se infecta, el organismo produce anticuerpos que pueden ser detectados mediante un examen de sangre seguro, preciso y econ\u00f3mico. El nivel de anticuerpos en la sangre ser\u00e1 bajo durante meses o incluso a\u00f1os despu\u00e9s de que la enfermedad se ha curado. Dado que una s\u00edfilis no tratada en una mujer embarazada puede infectar y posiblemente provocar la muerte de su beb\u00e9, toda mujer embarazada deber\u00eda hacerse un examen de sangre para la detecci\u00f3n de la s\u00edfilis.<\/p>\n<p><strong>\u00bfC\u00f3mo se trata la s\u00edfilis?<\/strong><br \/>\nLa s\u00edfilis es f\u00e1cil de curar en las primeras fases. Si una persona ha tenido s\u00edfilis durante menos de un a\u00f1o, la enfermedad se curar\u00e1 con una sola inyecci\u00f3n intramuscular de penicilina, que es un antibi\u00f3tico. Si una persona ha tenido s\u00edfilis por m\u00e1s de un a\u00f1o, necesitar\u00e1 de dosis adicionales. Para las personas que son al\u00e9rgicas a la penicilina, hay otros antibi\u00f3ticos disponibles para tratar la s\u00edfilis. La s\u00edfilis no puede curarse con remedios caseros ni con medicinas que se venden sin receta m\u00e9dica. El tratamiento matar\u00e1 la bacteria de la s\u00edfilis y evitar\u00e1 futuras lesiones, pero no remediar\u00e1 las lesiones ya ocasionadas.<\/p>\n<p>Dado que se dispone de un tratamiento eficaz, es importante que las personas se hagan pruebas de detecci\u00f3n de la s\u00edfilis de manera constante si practican conductas sexuales que las enfrentan al riesgo de contraer ITS.<\/p>\n<p>Las personas que reciben tratamiento contra la s\u00edfilis deben abstenerse de tener contacto sexual con parejas nuevas hasta que los chancros sifil\u00edticos hayan desaparecido por completo. Las personas que tienen s\u00edfilis deben comunic\u00e1rselo inmediatamente a sus parejas de manera que \u00e9stas tambi\u00e9n se sometan a las pruebas y reciban tratamiento si es necesario. El hecho de que una persona haya tenido s\u00edfilis una vez no la protege de tenerla de nuevo. Una persona puede seguir siendo susceptible a la reinfecci\u00f3n aun cuando se haya curado con el tratamiento. Solamente las pruebas de laboratorio pueden confirmar si una persona tiene s\u00edfilis. Dado que los chancros sifil\u00edticos pueden estar escondidos en la vagina, el recto o la boca, es probable que una persona no se entere de que su pareja sexual tiene s\u00edfilis. El proveedor de atenci\u00f3n m\u00e9dica ayudar\u00e1 a determinar si es necesario hacer nuevamente las pruebas de detecci\u00f3n de la s\u00edfilis despu\u00e9s de que haya concluido el tratamiento.<\/p>\n<p>La s\u00edfilis no tratada puede convertirse en\u00a0una neuros\u00edfilis,\u00a0puede ocasionar\u00a0problemas cardiovasculares incluyendo aneurismas e inflamaci\u00f3n de la aorta,\u00a0destrucci\u00f3n de la piel y\u00a0los huesos, y neuritis \u00f3ptica.<\/p>\n<p><strong>\u00bfC\u00f3mo puedo protegerme?<\/strong><br \/>\nLa manera m\u00e1s segura de evitar contraer\u00a0infecciones de transmisi\u00f3n sexual, incluida la s\u00edfilis, es absteni\u00e9ndose del contacto sexual o tener con una relaci\u00f3n duradera, mutuamente mon\u00f3gama, con una pareja a quien le han hecho las pruebas y se sabe que no est\u00e1 infectada.<\/p>\n<p>Abstenerse de consumir alcohol y drogas puede tambi\u00e9n ayudar a evitar la transmisi\u00f3n de la s\u00edfilis ya que estas actividades pueden conllevar a adoptar una conducta sexual peligrosa. Es importante que las parejas sexuales hablen entre ellas si tienen el VIH y si en el pasado han tenido otras ITS, de manera que puedan tomar acciones preventivas.<\/p>\n<p>Las \u00falceras genitales que provocan ciertas enfermedades, como la s\u00edfilis, pueden aparecer tanto en las \u00e1reas genitales masculinas como las femeninas, est\u00e9n o no cubiertas o protegidas con un cond\u00f3n de l\u00e1tex. El uso correcto y habitual de los condones de l\u00e1tex puede reducir el riesgo de contraer la s\u00edfilis, as\u00ed como los herpes genitales y los chancros, solamente si el \u00e1rea infectada o el \u00e1rea de posible contacto est\u00e1 protegida.<\/p>\n<p>Los condones lubricados con espermicidas (especialmente el Nonoxynol-9 \u00f3 N-9) no son m\u00e1s eficaces que cualquier otro cond\u00f3n lubricado a la hora de evitar la transmisi\u00f3n de las ITS. Seg\u00fan resultados de varios estudios, el N-9 mismo puede producir lesiones genitales que permiten la entrada del VIH y de otras infecciones. En junio de 2001, los CDC recomendaron que no se usara el N-9 como microbicida o lubricante durante las relaciones sexuales anales. La transmisi\u00f3n de una ITS, incluida la s\u00edfilis, no puede prevenirse con lavarse los genitales, orinar o hacerse una ducha vaginal despu\u00e9s de la relaci\u00f3n sexual. Cualquier secreci\u00f3n, \u00falcera o irritaci\u00f3n, en particular en el \u00e1rea de la ingle, debe ser se\u00f1al para dejar de tener relaciones sexuales y ver a un m\u00e9dico de inmediato.<\/p>\n","protected":false},"excerpt":{"rendered":"<p>\u00bfQu\u00e9 es? La s\u00edfilis es provocada por la bacteria Treponema pallidium, que es una bacteria Gram negativa. A menudo se le ha llamado la gran imitadora porque muchos de sus signos y s\u00edntomas no pueden ser diferenciados de los de otras enfermedades. \u00bfC\u00f3mo se trasmite? La s\u00edfilis se trasmite por: Relaciones sexuales desprotegidas vaginales, anales [&hellip;]<\/p>\n","protected":false},"author":123,"featured_media":0,"parent":0,"menu_order":0,"comment_status":"closed","ping_status":"closed","template":"","meta":[],"_links":{"self":[{"href":"https:\/\/blogs.sld.cu\/its\/wp-json\/wp\/v2\/pages\/28"}],"collection":[{"href":"https:\/\/blogs.sld.cu\/its\/wp-json\/wp\/v2\/pages"}],"about":[{"href":"https:\/\/blogs.sld.cu\/its\/wp-json\/wp\/v2\/types\/page"}],"author":[{"embeddable":true,"href":"https:\/\/blogs.sld.cu\/its\/wp-json\/wp\/v2\/users\/123"}],"replies":[{"embeddable":true,"href":"https:\/\/blogs.sld.cu\/its\/wp-json\/wp\/v2\/comments?post=28"}],"version-history":[{"count":2,"href":"https:\/\/blogs.sld.cu\/its\/wp-json\/wp\/v2\/pages\/28\/revisions"}],"predecessor-version":[{"id":104,"href":"https:\/\/blogs.sld.cu\/its\/wp-json\/wp\/v2\/pages\/28\/revisions\/104"}],"wp:attachment":[{"href":"https:\/\/blogs.sld.cu\/its\/wp-json\/wp\/v2\/media?parent=28"}],"curies":[{"name":"wp","href":"https:\/\/api.w.org\/{rel}","templated":true}]}}