{"id":36,"date":"2021-09-25T15:42:49","date_gmt":"2021-09-25T15:42:49","guid":{"rendered":"http:\/\/blogs.sld.cu\/vihsida\/?page_id=36"},"modified":"2021-09-25T23:06:22","modified_gmt":"2021-09-25T23:06:22","slug":"herpes","status":"publish","type":"page","link":"https:\/\/blogs.sld.cu\/its\/herpes\/","title":{"rendered":"Herpes genital"},"content":{"rendered":"<p><strong>\u00bfQu\u00e9 es?<\/strong><br \/>\nEl herpes genital es una ITS causada por dos tipos de virus. Estos virus se llaman herpes simple del tipo 1 y herpes simple del tipo 2.<\/p>\n<p><strong>\u00bfC\u00f3mo se transmiste?<\/strong><strong><br \/>\n<\/strong>Se puede contraer herpes al tener relaciones sexuales orales, vaginales o anales con una persona que tenga la infecci\u00f3n. El l\u00edquido que se encuentra en la llaga del herpes contiene el virus y el contacto con ese l\u00edquido puede causar la infecci\u00f3n. La infecci\u00f3n puede ser contraida a trav\u00e9s de una pareja sexual infectada que no tenga llagas visibles o que no sepa que est\u00e1 infectada, ya que el virus puede liberarse mediante la piel y propagar la infecci\u00f3n a su pareja sexual o parejas sexuales.<\/p>\n<p><strong>\u00bfCu\u00e1les son los s\u00edntomas?<\/strong><strong><br \/>\n<\/strong>La mayor\u00eda de las personas que tiene herpes no presenta s\u00edntomas o si los presenta son muy leves. Es posible que no se d\u00e9 cuenta de los s\u00edntomas leves o que los confunda con otra afecci\u00f3n de la piel como un grano o pelo encarnado. Es por esto que la mayor\u00eda de las personas que tienen herpes no lo saben.<\/p>\n<p>Las llagas del herpes genital, por lo general, se ven como una o m\u00e1s ampollas en los genitales, el recto o la boca. Las ampollas se abren y dejan llagas dolorosas que pueden tardar semanas en curarse. A estos s\u00edntomas a veces se los llaman \u201cbrotes\u201d. La primera vez que una persona tiene un brote es probable que tambi\u00e9n presente s\u00edntomas similares a los de la influenza (gripe) como fiebre, dolores corporales e inflamaci\u00f3n de gl\u00e1ndulas.<\/p>\n<p>Es com\u00fan que los brotes de herpes genital se repitan, en especial durante el primer a\u00f1o despu\u00e9s de la infecci\u00f3n. Los siguientes brotes generalmente duran menos tiempo y son menos graves que el primer brote. Aunque la infecci\u00f3n puede permanecer en el cuerpo por el resto de su vida, la cantidad de brotes tiende a disminuir con los a\u00f1os.<br \/>\nDebe hacerse revisar por un m\u00e9dico, si nota cualquiera de estos s\u00edntomas o si su pareja tiene una ETS o s\u00edntomas de una ETS, como una llaga inusual, secreci\u00f3n con olor, ardor al orinar o espec\u00edficamente en las mujeres, sangrado entre periodos.<\/p>\n<p><strong>\u00bfSe puede trasmitir el herpes de madre al hijo?<\/strong><br \/>\nSi est\u00e1 embarazada y tiene herpes genital, es a\u00fan m\u00e1s importante que usted vaya a sus citas de atenci\u00f3n m\u00e9dica prenatales. Debe informarle a su m\u00e9dico si alguna vez ha tenido s\u00edntomas, ha estado expuesta o ha recibido un diagn\u00f3stico de herpes genital. Algunas veces la infecci\u00f3n por herpes genital puede provocar abortos espont\u00e1neos. Tambi\u00e9n puede hacer que tenga mayor probabilidad de que su beb\u00e9 nazca mucho antes. Usted puede pasarle la infecci\u00f3n por herpes a su beb\u00e9 en gestaci\u00f3n y puede causarle una infecci\u00f3n potencialmente mortal (herpes en el neonato). Es importante que usted evite contraer el herpes durante el embarazo.<\/p>\n<p>Si est\u00e1 embarazada y tiene herpes genital, es posible que le ofrezcan medicamentos para el herpes hacia el final de su embarazo para reducir su riesgo de tener s\u00edntomas y de pasarle la enfermedad a su beb\u00e9. En el momento del parto, su m\u00e9dico debe examinarla atentamente para determinar si hay s\u00edntomas presentes. Si tiene s\u00edntomas del herpes durante el parto, por lo general se realiza una ces\u00e1rea.<\/p>\n<p><strong>\u00bfC\u00f3mo puedo protegerme?<br \/>\n<\/strong>Usted puede protegerse contra el contagio del herpes si:<br \/>\nno tiene relaciones sexuales;<br \/>\ntiene una relaci\u00f3n mutuamente mon\u00f3gama a largo plazo con una pareja a quien se le hayan realizado pruebas y haya tenido resultados negativos para las ETS;<br \/>\nusa condones de l\u00e1tex y diques dentales en forma correcta cada vez que tiene relaciones sexuales.<br \/>\nLos s\u00edntomas del herpes pueden presentarse en las \u00e1reas genitales del hombre y de la mujer que se hayan cubierto con un cond\u00f3n de l\u00e1tex. Sin embargo, los brotes tambi\u00e9n pueden ocurrir en \u00e1reas que no se hayan cubierto por un cond\u00f3n, por lo tanto, es posible que los condones no lo protejan completamente del herpes.<\/p>\n<p><strong>\u00bfC\u00faal es la relaci\u00f3n entre herpes labial y genital?<\/strong><br \/>\nEl herpes oral (como el herpes labial o herpes bucal en la boca o su alrededor) es, por lo general, causado por el virus del herpes simple del tipo 1 (VHS-1). La mayor\u00eda de las personas se infectan por el VHS-1 durante la infancia a trav\u00e9s de un contacto no sexual. Por ejemplo, las personas se pueden infectar con el beso de un pariente o amigo que tenga herpes oral. M\u00e1s de la mitad de la poblaci\u00f3n de los EE. UU. tiene el VHS-1, aunque no muestren signos ni s\u00edntomas. El VHS-1 tambi\u00e9n puede propagarse de la boca a los genitales a trav\u00e9s de las relaciones sexuales orales. Esta es la raz\u00f3n por la cual algunos casos de herpes genital son causados por el VHS-1.<\/p>\n<p><strong>\u00bfCu\u00e1l es su relaci\u00f3n con el VIH?<\/strong><br \/>\nEl herpes genital puede causar llagas o cortes en la piel o en el recubrimiento interno de la boca, la vagina y el recto. Las llagas genitales causadas por el herpes pueden sangrar f\u00e1cilmente. Cuando las llagas entran en contacto con la boca, la vagina o el recto durante las relaciones sexuales aumentan el riesgo de transmitir o contraer el VIH si su pareja sexual o parejas sexuales tienen el VIH.<\/p>\n","protected":false},"excerpt":{"rendered":"<p>\u00bfQu\u00e9 es? El herpes genital es una ITS causada por dos tipos de virus. Estos virus se llaman herpes simple del tipo 1 y herpes simple del tipo 2. \u00bfC\u00f3mo se transmiste? Se puede contraer herpes al tener relaciones sexuales orales, vaginales o anales con una persona que tenga la infecci\u00f3n. El l\u00edquido que se [&hellip;]<\/p>\n","protected":false},"author":123,"featured_media":0,"parent":0,"menu_order":0,"comment_status":"closed","ping_status":"closed","template":"","meta":[],"_links":{"self":[{"href":"https:\/\/blogs.sld.cu\/its\/wp-json\/wp\/v2\/pages\/36"}],"collection":[{"href":"https:\/\/blogs.sld.cu\/its\/wp-json\/wp\/v2\/pages"}],"about":[{"href":"https:\/\/blogs.sld.cu\/its\/wp-json\/wp\/v2\/types\/page"}],"author":[{"embeddable":true,"href":"https:\/\/blogs.sld.cu\/its\/wp-json\/wp\/v2\/users\/123"}],"replies":[{"embeddable":true,"href":"https:\/\/blogs.sld.cu\/its\/wp-json\/wp\/v2\/comments?post=36"}],"version-history":[{"count":5,"href":"https:\/\/blogs.sld.cu\/its\/wp-json\/wp\/v2\/pages\/36\/revisions"}],"predecessor-version":[{"id":102,"href":"https:\/\/blogs.sld.cu\/its\/wp-json\/wp\/v2\/pages\/36\/revisions\/102"}],"wp:attachment":[{"href":"https:\/\/blogs.sld.cu\/its\/wp-json\/wp\/v2\/media?parent=36"}],"curies":[{"name":"wp","href":"https:\/\/api.w.org\/{rel}","templated":true}]}}