{"id":40,"date":"2021-02-11T04:47:58","date_gmt":"2021-02-11T04:47:58","guid":{"rendered":"http:\/\/blogs.sld.cu\/vihsida\/?page_id=40"},"modified":"2021-11-26T20:29:51","modified_gmt":"2021-11-26T20:29:51","slug":"trichomonas","status":"publish","type":"page","link":"https:\/\/blogs.sld.cu\/its\/trichomonas\/","title":{"rendered":"Trichomonas"},"content":{"rendered":"<p><a href=\"http:\/\/blogs.sld.cu\/its\/files\/2021\/11\/trichomonass.jpg\"><img loading=\"lazy\" class=\"alignnone wp-image-114 size-full\" src=\"http:\/\/blogs.sld.cu\/its\/files\/2021\/11\/trichomonass.jpg\" alt=\"\" width=\"286\" height=\"176\" srcset=\"https:\/\/blogs.sld.cu\/its\/files\/2021\/11\/trichomonass.jpg 286w, https:\/\/blogs.sld.cu\/its\/files\/2021\/11\/trichomonass-250x154.jpg 250w\" sizes=\"(max-width: 286px) 100vw, 286px\" \/><\/a><\/p>\n<p>La tricomoniasis es una enfermedad de transmisi\u00f3n sexual causada por un par\u00e1sito, una bacteria.. Afecta tanto a los hombres, como a las mujeres, pero los s\u00edntomas son m\u00e1s comunes entre las mujeres. Los s\u00edntomas entre las mujeres incluyen una secreci\u00f3n vaginal verdosa o amarillenta, picaz\u00f3n en la vagina o cerca de \u00e9sta y molestias para orinar. La mayor\u00eda de los hombres con tricomoniasis no presenta s\u00edntomas, pero pueden tener irritaci\u00f3n dentro del pene. La infecci\u00f3n por tricomonas puede curarse con antibi\u00f3ticos. Entre los hombres, la infecci\u00f3n suele desaparecer espont\u00e1neamente sin provocar s\u00edntomas. Pero un hombre infectado puede continuar infectando o reinfectando a una mujer hasta que reciba tratamiento. Por lo tanto, es importante que ambos integrantes de la pareja reciban tratamiento al mismo tiempo. El uso correcto de preservativos de l\u00e1tex reduce enormemente, aunque no elimina, el riesgo de contraer y contagiar la tricomoniasis.<\/p>\n<p>&nbsp;<\/p>\n<p>&nbsp;<\/p>\n","protected":false},"excerpt":{"rendered":"<p>La tricomoniasis es una enfermedad de transmisi\u00f3n sexual causada por un par\u00e1sito, una bacteria.. Afecta tanto a los hombres, como a las mujeres, pero los s\u00edntomas son m\u00e1s comunes entre las mujeres. Los s\u00edntomas entre las mujeres incluyen una secreci\u00f3n vaginal verdosa o amarillenta, picaz\u00f3n en la vagina o cerca de \u00e9sta y molestias para [&hellip;]<\/p>\n","protected":false},"author":208,"featured_media":0,"parent":0,"menu_order":0,"comment_status":"closed","ping_status":"closed","template":"","meta":[],"_links":{"self":[{"href":"https:\/\/blogs.sld.cu\/its\/wp-json\/wp\/v2\/pages\/40"}],"collection":[{"href":"https:\/\/blogs.sld.cu\/its\/wp-json\/wp\/v2\/pages"}],"about":[{"href":"https:\/\/blogs.sld.cu\/its\/wp-json\/wp\/v2\/types\/page"}],"author":[{"embeddable":true,"href":"https:\/\/blogs.sld.cu\/its\/wp-json\/wp\/v2\/users\/208"}],"replies":[{"embeddable":true,"href":"https:\/\/blogs.sld.cu\/its\/wp-json\/wp\/v2\/comments?post=40"}],"version-history":[{"count":5,"href":"https:\/\/blogs.sld.cu\/its\/wp-json\/wp\/v2\/pages\/40\/revisions"}],"predecessor-version":[{"id":117,"href":"https:\/\/blogs.sld.cu\/its\/wp-json\/wp\/v2\/pages\/40\/revisions\/117"}],"wp:attachment":[{"href":"https:\/\/blogs.sld.cu\/its\/wp-json\/wp\/v2\/media?parent=40"}],"curies":[{"name":"wp","href":"https:\/\/api.w.org\/{rel}","templated":true}]}}