{"id":71,"date":"2021-09-25T06:20:22","date_gmt":"2021-09-25T06:20:22","guid":{"rendered":"http:\/\/blogs.sld.cu\/vihsida\/?page_id=71"},"modified":"2021-09-25T23:10:24","modified_gmt":"2021-09-25T23:10:24","slug":"granuloma-inguinal","status":"publish","type":"page","link":"https:\/\/blogs.sld.cu\/its\/granuloma-inguinal\/","title":{"rendered":"Granuloma inguinal"},"content":{"rendered":"<p><strong>\u00bfQu\u00e9 es?<\/strong><br \/>\nTambi\u00e9n conocida como donovanosis. El granuloma inguinal es una infecci\u00f3n de transmisi\u00f3n sexual causada por la bacteria Calymmatobacterium granulomatis. La enfermedad es com\u00fan en las \u00e1reas tropicales y subtropicales del mundo.<\/p>\n<p><strong>\u00bfC\u00f3mo se trasmite?<\/strong><br \/>\nLa enfermedad se disemina sobre todo a trav\u00e9s de la relaci\u00f3n sexual vaginal o anal y, rara vez, se propaga durante el sexo oral. El per\u00edodo de incubaci\u00f3n puede ser de 8 a 80 d\u00edas despu\u00e9s de la infecci\u00f3n. Los hombres resultan afectados con frecuencia m\u00e1s del doble que las mujeres y la mayor\u00eda de las infecciones se presentan en personas entre los 20 y 40 a\u00f1os de edad. La enfermedad rara vez se observa en ni\u00f1os y en ancianos.<\/p>\n<p><strong>\u00bfCu\u00e1les son los s\u00edntomas?<\/strong><br \/>\nAproximadamente el 50% de los hombres y mujeres infectados tienen lesiones en el \u00e1rea anal. Se presentan protuberancias carnosas, rojas y peque\u00f1as en los genitales o en el \u00e1rea perianal. La piel gradualmente se desgasta y las protuberancias se tornan en n\u00f3dulos levantados, aterciopelados, carnosos y rojos, llamados tejido de granulaci\u00f3n, que generalmente son indoloros, pero que sangran con facilidad si se lesionan.<\/p>\n<p>La enfermedad se disemina lentamente y destruye el tejido genital. El da\u00f1o tisular se puede extender a los pliegues inguinales, el \u00e1rea donde las piernas se unen al torso. Los genitales y la piel circundante presentan una decoloraci\u00f3n.<\/p>\n<p>En sus etapas iniciales, puede ser dif\u00edcil diferenciar el granuloma inguinal del chancroide. En las etapas m\u00e1s avanzadas, el granuloma inguinal puede parecerse a los c\u00e1nceres genitales avanzados, al linfogranuloma ven\u00e9reo y a la amebiasis cut\u00e1nea anogenital.<\/p>\n<p><strong>\u00bfCu\u00e1les son las pruebas para diagnosticar el granuloma inguinal?<\/strong><br \/>\nSe debe considerar el diagn\u00f3stico del granuloma inguinal si las lesiones genitales han estado presentes por un largo per\u00edodo de tiempo y si se han estado diseminando. Los ex\u00e1menes que se pueden realizar abarcan:<\/p>\n<ul>\n<li>Biopsia en sacabocado o raspados de la lesi\u00f3n<\/li>\n<li>Cultivo de muestra de tejido (dif\u00edcil de hacer y no est\u00e1 disponible de manera rutinaria)<\/li>\n<\/ul>\n<p>Hay disponibilidad de ex\u00e1menes de laboratorio, como los que se usan para detectar s\u00edfilis, solamente con fines investigativos para diagnosticar el granuloma inguinal.<\/p>\n<p><strong>\u00bfC\u00f3mo se trata el granuloma inguinal?<\/strong><br \/>\nLos antibi\u00f3ticos se utilizan para tratar el granuloma inguinal y la curaci\u00f3n completa requiere de un tratamiento bastante largo. La mayor\u00eda de los esquemas de tratamiento duran tres semanas o hasta que las lesiones hayan sanado por completo. El tratamiento oportuno de la enfermedad disminuye las posibilidades de destrucci\u00f3n o cicatrizaci\u00f3n del tejido pero, sin tratamiento, la enfermedad derivar en complicaciones tales como:<\/p>\n<ul>\n<li>Destrucci\u00f3n y cicatrizaci\u00f3n genital<\/li>\n<li>P\u00e9rdida del color de la piel en el \u00e1rea genital<\/li>\n<li>Hinchaz\u00f3n genital permanente debido a la a cicatrizaci\u00f3n<\/li>\n<\/ul>\n<p>Es esencial una evaluaci\u00f3n de seguimiento debido a que la enfermedad puede reaparecer despu\u00e9s de una curaci\u00f3n aparentemente exitosa.<\/p>\n<p><strong>\u00bfC\u00f3mo puedo protegerme?<\/strong><br \/>\nLas pr\u00e1cticas sexuales seguras previenen la diseminaci\u00f3n del granuloma inguinal, as\u00ed como de otras enfermedades de transmisi\u00f3n sexual.<\/p>\n<p>&nbsp;<\/p>\n","protected":false},"excerpt":{"rendered":"<p>\u00bfQu\u00e9 es? Tambi\u00e9n conocida como donovanosis. El granuloma inguinal es una infecci\u00f3n de transmisi\u00f3n sexual causada por la bacteria Calymmatobacterium granulomatis. La enfermedad es com\u00fan en las \u00e1reas tropicales y subtropicales del mundo. \u00bfC\u00f3mo se trasmite? La enfermedad se disemina sobre todo a trav\u00e9s de la relaci\u00f3n sexual vaginal o anal y, rara vez, se [&hellip;]<\/p>\n","protected":false},"author":123,"featured_media":0,"parent":0,"menu_order":0,"comment_status":"closed","ping_status":"closed","template":"","meta":[],"_links":{"self":[{"href":"https:\/\/blogs.sld.cu\/its\/wp-json\/wp\/v2\/pages\/71"}],"collection":[{"href":"https:\/\/blogs.sld.cu\/its\/wp-json\/wp\/v2\/pages"}],"about":[{"href":"https:\/\/blogs.sld.cu\/its\/wp-json\/wp\/v2\/types\/page"}],"author":[{"embeddable":true,"href":"https:\/\/blogs.sld.cu\/its\/wp-json\/wp\/v2\/users\/123"}],"replies":[{"embeddable":true,"href":"https:\/\/blogs.sld.cu\/its\/wp-json\/wp\/v2\/comments?post=71"}],"version-history":[{"count":2,"href":"https:\/\/blogs.sld.cu\/its\/wp-json\/wp\/v2\/pages\/71\/revisions"}],"predecessor-version":[{"id":110,"href":"https:\/\/blogs.sld.cu\/its\/wp-json\/wp\/v2\/pages\/71\/revisions\/110"}],"wp:attachment":[{"href":"https:\/\/blogs.sld.cu\/its\/wp-json\/wp\/v2\/media?parent=71"}],"curies":[{"name":"wp","href":"https:\/\/api.w.org\/{rel}","templated":true}]}}