{"id":73,"date":"2021-09-25T15:23:47","date_gmt":"2021-09-25T15:23:47","guid":{"rendered":"http:\/\/blogs.sld.cu\/vihsida\/?page_id=73"},"modified":"2021-09-25T23:06:42","modified_gmt":"2021-09-25T23:06:42","slug":"verrugas-genitales","status":"publish","type":"page","link":"https:\/\/blogs.sld.cu\/its\/verrugas-genitales\/","title":{"rendered":"Verrugas genitales"},"content":{"rendered":"<p><strong>\u00bfQu\u00e9 es?<\/strong><br \/>\nLas verrugas genitales, tambi\u00e9n conocidas como condiloma acuminado, est\u00e1n entre las infecciones de transmisi\u00f3n sexual m\u00e1s frecuentes. Son masas suaves en la piel y las membranas mucosas de los genitales. Pueden verse como protuberancias peque\u00f1as, planas, del color de la piel, o protuberancias diminutas en un inicio, similares a la coliflor. Las verrugas genitales son provocadas por el virus del papiloma humano (VPH). Hay muchos tipos de VPH y no todos provocan verrugas genitales. Otros tipos de VPH causan verrugas en otras partes de la piel, como las manos. El VPH est\u00e1 asociado con el c\u00e1ncer del cuello uterino, de ano y de pene. Sin embargo, es importante tener en cuenta que la infecci\u00f3n por el VPH no siempre produce c\u00e1ncer.<\/p>\n<p>En los hombres, las verrugas genitales pueden crecer en el pene, cerca del ano o entre el pene y el escroto. En las mujeres, las verrugas genitales pueden crecer en el \u00e1rea de la vulva y el perineo, en la vagina y en el cuello uterino (la abertura del \u00fatero o matriz). Las verrugas genitales var\u00edan de tama\u00f1o e, incluso, podr\u00edan ser tan peque\u00f1as que no pudieran verse.<\/p>\n<p><strong>\u00bfC\u00f3mo se trasmite?<\/strong><br \/>\nLa forma m\u00e1s com\u00fan de contraer el VPH es teniendo sexo oral, vaginal o anal con una persona que tiene la infecci\u00f3n por el VPH. Solo porque usted no pueda observar verrugas en su pareja no significa que no tenga el VPH. La infecci\u00f3n puede tener un per\u00edodo de incubaci\u00f3n prolongado. Esto significa que pueden transcurrir meses entre el momento en que una persona contrae la infecci\u00f3n con el virus y el momento en que la persona advierte las verrugas genitales. A veces, las verrugas pueden tardar a\u00f1os en desarrollarse. En las mujeres, las verrugas pueden encontrarse en lugares donde no pueden verse: en el interior de la vagina, en la superficie del cuello uterino, etc.<\/p>\n<p>No todas las personas que han estado en contacto con el virus del VPH y las verrugas genitales van a desarrollarlas. Usted es m\u00e1s propenso a contraer verrugas genitales y diseminarlas m\u00e1s r\u00e1pidamente si:<\/p>\n<ul>\n<li>Tiene m\u00faltiples compa\u00f1eros sexuales<\/li>\n<li>Desconoce si alguien con quien ha tenido una relaci\u00f3n sexual ten\u00eda una infecci\u00f3n de transmisi\u00f3n sexual (ITS)<\/li>\n<li>Es sexualmente activo a temprana edad<\/li>\n<li>Consume alcohol y tabaco<\/li>\n<li>Tiene una infecci\u00f3n viral, como herpes, y est\u00e1 estresado al mismo tiempo<\/li>\n<li>Est\u00e1 embarazada<\/li>\n<li>Tiene un sistema inmunitario debilitado debido a una enfermedad o medicamento<\/li>\n<\/ul>\n<p>Si un ni\u00f1o presenta verrugas genitales, se debe sospechar abuso sexual como la posible causa.<\/p>\n<p><strong>\u00bfCu\u00e1les son los s\u00edntomas?<\/strong><br \/>\nSi se encuentran en \u00e1reas visibles, se ven como protuberancias de color carne, elevadas o planas, o como tumores con la apariencia de una coliflor. Tambi\u00e9n puede percibirse un aumento de la humedad en el \u00e1rea genital cercana a las verrugas, aumento del flujo vaginal, prurito genital y (o) sangrado vaginal durante o despu\u00e9s de tener relaciones sexuales.<\/p>\n<p><strong>\u00bfCu\u00e1les son las pruebas para diagnosticar la infecci\u00f3n?<\/strong><br \/>\nSi usted advierte la presencia de verrugas en el \u00e1rea genital, consulte a su m\u00e9dico. Es posible que su m\u00e9dico pueda diagnosticar las verrugas realiz\u00e1ndole simplemente un examen visual. Para las mujeres, una prueba de Papanicolaou puede ayudar a detectar los cambios en el cuello uterino que son provocados por las verrugas genitales.<\/p>\n<p>Se puede utilizar una ampliaci\u00f3n (colposcopia) para ver las verrugas vaginales que no se pueden ver a simple vista. El m\u00e9dico puede colocar vinagre (\u00e1cido ac\u00e9tico) diluido en agua en el \u00e1rea, lo cual ayuda a visualizar mejor cualquier verruga.<\/p>\n<p>El virus que causa las verrugas genitales puede provocar resultados anormales en una citolog\u00eda vaginal. Si usted tiene este tipo de cambios, probablemente necesitar\u00e1 citolog\u00edas vaginales m\u00e1s frecuentes por un tiempo. Existen pruebas que pueden determinar si usted tiene un tipo de VPH de alto riesgo que se sabe causa el c\u00e1ncer de cuello uterino.<\/p>\n<p><strong>\u00bfC\u00f3mo se trata la infecci\u00f3n por VPH?<\/strong><br \/>\nLas verrugas genitales deben ser tratadas por su m\u00e9dico. No intente tratar las verrugas usted mismo. No use remedios de venta libre propuestos para otros tipos de verrugas.<\/p>\n<p>Es posible eliminar las verrugas, pero la infecci\u00f3n viral en s\u00ed no puede curarse. El virus contin\u00faa viviendo en el interior de la piel. Por este motivo, las verrugas a menudo reaparecen despu\u00e9s de que se las ha extirpado. Es posible que deban ser extirpadas m\u00e1s de una vez. Una forma de extirpar las verrugas es congelarlas. Esto se llama crioterapia o criocirug\u00eda. Las verrugas tambi\u00e9n pueden extraerse con l\u00e1ser y con electrocauterizaci\u00f3n.<\/p>\n<p>Puede realizarse una escisi\u00f3n electroquir\u00fargica con asa para extirpar las verrugas. Con este m\u00e9todo de extirpaci\u00f3n, se pasa un instrumento afilado en forma de asa por debajo de la verruga, para recortarla de la piel.<\/p>\n<p>Pueden usarse sustancias qu\u00edmicas especiales para extirpar las verrugas. Estas sustancias qu\u00edmicas disuelven las verrugas en el \u00e1rea genital. Es posible que deban aplicarse al \u00e1rea varias veces durante un per\u00edodo de varias semanas antes de completarse el tratamiento.<\/p>\n<p>Las sustancias qu\u00edmicas para eliminar verrugas que usted puede comprar en la tienda no deben usarse para las verrugas genitales. Pueden irritar mucho la piel de esta \u00e1rea espec\u00edfica.<\/p>\n<p>Las verrugas genitales pueden crecer si no las trata. Si usted es sexualmente activo, tambi\u00e9n se arriesga a transmitir la infecci\u00f3n a su pareja.<\/p>\n<p>Existen medicamentos que el m\u00e9dico puede recetarle:<br \/>\nImiquimod (Aldara)<br \/>\nPodofilina y podofilox (Condylox)<br \/>\n\u00c1cido tricloroac\u00e9tico (ATC)<\/p>\n<p>Si usted presenta verrugas genitales, todos sus compa\u00f1eros sexuales deben ser examinados por un m\u00e9dico y recibir tratamiento en caso de encontr\u00e1rseles dichas verrugas. Incluso si usted no tiene s\u00edntomas, debe recibir tratamiento para prevenir complicaciones y transmitir la afecci\u00f3n a otros. Ser\u00e1 necesario que usted regrese al m\u00e9dico despu\u00e9s del tratamiento para verificar que todas las verrugas hayan desaparecido.<\/p>\n<p>Se recomiendan citolog\u00edas vaginales si usted es una mujer que ha tenido verrugas genitales o si su compa\u00f1ero las tuvo. Si padeci\u00f3 de verrugas en el cuello uterino, puede necesitar citolog\u00edas vaginales cada 3 a 6 meses despu\u00e9s del primer tratamiento. Las mujeres con cambios precancerosos causados por infecci\u00f3n con el VPH pueden necesitar tratamiento adicional. La mayor\u00eda de las mujeres j\u00f3venes sexualmente activas resultan infectadas con el VPH, pero en muchos casos, el virus desaparece por s\u00ed solo.<\/p>\n<p>La mayor\u00eda de los hombres que resultan infectados con el VPH nunca tienen ning\u00fan s\u00edntoma ni problemas a ra\u00edz de la infecci\u00f3n. Sin embargo, se la pueden transmitir a las compa\u00f1eras sexuales actuales y algunas veces a las futuras parejas.\u00a0 Incluso despu\u00e9s de haber recibido el tratamiento para las verrugas genitales, usted a\u00fan puede infectar a otros.<\/p>\n<p><strong>\u00bfC\u00f3mo puedo protegerme?<\/strong><br \/>\nLa \u00fanica forma segura de prevenir las verrugas genitales es no tener relaciones sexuales. Si usted es sexualmente activo, tener relaciones sexuales solo con una pareja que no tiene la infecci\u00f3n por el VPH y que solo tiene relaciones sexuales con usted reduce su riesgo de tener verrugas genitales.<\/p>\n<p>El uso de condones puede prevenir el contagio del VPH. Sin embargo, los condones no siempre pueden cubrir toda la piel afectada.<\/p>\n","protected":false},"excerpt":{"rendered":"<p>\u00bfQu\u00e9 es? Las verrugas genitales, tambi\u00e9n conocidas como condiloma acuminado, est\u00e1n entre las infecciones de transmisi\u00f3n sexual m\u00e1s frecuentes. Son masas suaves en la piel y las membranas mucosas de los genitales. Pueden verse como protuberancias peque\u00f1as, planas, del color de la piel, o protuberancias diminutas en un inicio, similares a la coliflor. Las verrugas [&hellip;]<\/p>\n","protected":false},"author":123,"featured_media":0,"parent":0,"menu_order":0,"comment_status":"closed","ping_status":"closed","template":"","meta":[],"_links":{"self":[{"href":"https:\/\/blogs.sld.cu\/its\/wp-json\/wp\/v2\/pages\/73"}],"collection":[{"href":"https:\/\/blogs.sld.cu\/its\/wp-json\/wp\/v2\/pages"}],"about":[{"href":"https:\/\/blogs.sld.cu\/its\/wp-json\/wp\/v2\/types\/page"}],"author":[{"embeddable":true,"href":"https:\/\/blogs.sld.cu\/its\/wp-json\/wp\/v2\/users\/123"}],"replies":[{"embeddable":true,"href":"https:\/\/blogs.sld.cu\/its\/wp-json\/wp\/v2\/comments?post=73"}],"version-history":[{"count":2,"href":"https:\/\/blogs.sld.cu\/its\/wp-json\/wp\/v2\/pages\/73\/revisions"}],"predecessor-version":[{"id":103,"href":"https:\/\/blogs.sld.cu\/its\/wp-json\/wp\/v2\/pages\/73\/revisions\/103"}],"wp:attachment":[{"href":"https:\/\/blogs.sld.cu\/its\/wp-json\/wp\/v2\/media?parent=73"}],"curies":[{"name":"wp","href":"https:\/\/api.w.org\/{rel}","templated":true}]}}