{"id":78,"date":"2021-09-25T06:35:25","date_gmt":"2021-09-25T06:35:25","guid":{"rendered":"http:\/\/blogs.sld.cu\/vihsida\/?page_id=78"},"modified":"2021-09-25T23:09:22","modified_gmt":"2021-09-25T23:09:22","slug":"micoplasma-genital","status":"publish","type":"page","link":"https:\/\/blogs.sld.cu\/its\/micoplasma-genital\/","title":{"rendered":"Micoplasma genital"},"content":{"rendered":"<p><strong>\u00bfQu\u00e9 es?<\/strong><br \/>\nLa infecci\u00f3n por la bacteria <em>Mycoplasma genitalium<\/em> se encuentra de forma predominante en la uretra y en los genitales del hombre y la mujer, pero se puede alojar en la garganta y en el ano.<\/p>\n<p>El micoplasma genital en el hombre, es la primera causa de la uretritis transmitida sexualmente (no es causada por la gonorrea).<\/p>\n<p>En las mujeres, el\u00a0micoplasma genital tambi\u00e9n infecta la uretra y est\u00e1 asociado a la vaginosis bacteriana, inflamaci\u00f3n del cuello del \u00fatero, inflamaci\u00f3n de las trompas y enfermedad p\u00e9lvica inflamatoria.<\/p>\n<p><strong>\u00bfC\u00f3mo se trasmite?<\/strong><br \/>\nSe puede contagiar por medio de:<\/p>\n<ul>\n<li>Relaciones sexuales anales, orales y vaginales sin el uso de algun m\u00e9todo anticonceptivo como pueda ser el cond\u00f3n o el cond\u00f3n femenino<\/li>\n<li>Con las manos y dedos que han estado tocando los genitales y el ano de la persona infectada<\/li>\n<li>Por medio de juguetes sexuales<\/li>\n<li>Aunque la persona infectada no tenga s\u00edntomas, contagian a sus parejas<\/li>\n<\/ul>\n<p>Existe mayor riesgo de centrar la infecci\u00f3n si:<\/p>\n<ul>\n<li>Si se tienen m\u00faltiples parejas sexuales<\/li>\n<li>Si se est\u00e1 infectado por el sida<\/li>\n<li>Si se mantienen relaciones sexuales sin protecci\u00f3n, etc<\/li>\n<\/ul>\n<p><strong>\u00bfCu\u00e1les son los s\u00edntomas?<\/strong><br \/>\nLos s\u00edntomas del mycoplasma genitalium pueden empezar a ser evidentes a las tres semanas de haber tenido relaciones sexuales con la persona infectada.<\/p>\n<p>Los s\u00edntomas principales del\u00a0micoplasma genital en el hombre pueden ser:<\/p>\n<ul>\n<li>Inflamaci\u00f3n de la uretra que ocasiona ardor y dolor al orinar<\/li>\n<li>Inflamaci\u00f3n de la pr\u00f3stata<\/li>\n<li>Salida de secreciones por la uretra<\/li>\n<li>Dolor e inflamaci\u00f3n en las articulaciones, etc<\/li>\n<\/ul>\n<p>Los s\u00edntomas principales del\u00a0micoplasma genital en las mujeres pueden ser:<\/p>\n<ul>\n<li>Dolor al orinar<\/li>\n<li>Inflamaci\u00f3n de la vejiga<\/li>\n<li>Dolor en la zona p\u00e9lvica<\/li>\n<li>Dolor durante las relaciones sexuales<\/li>\n<li>Secreciones vaginales anormales en olor y color<\/li>\n<li>Enrojecimiento de la uretra<\/li>\n<li>Dolor al caminar, etc<\/li>\n<\/ul>\n<p>Muchas personas de ambos sexos infectadas por este pat\u00f3geno, pueden no presentar ning\u00fan tipo de s\u00edntoma.<\/p>\n<p><strong>\u00bfC\u00f3mo se trata?<br \/>\n<\/strong>El tratamiento del\u00a0micoplasma genital es por medio de antibi\u00f3ticos. Es importante que sea tu m\u00e9dico \u00fanicamente, quien te indique el tratamiento a seguir y lo debes cumplir al pie de la letra o la infecci\u00f3n continuar\u00e1, pues no todos los antibi\u00f3ticos son efectivos para el tratamiento de esta infecci\u00f3n.<\/p>\n","protected":false},"excerpt":{"rendered":"<p>\u00bfQu\u00e9 es? La infecci\u00f3n por la bacteria Mycoplasma genitalium se encuentra de forma predominante en la uretra y en los genitales del hombre y la mujer, pero se puede alojar en la garganta y en el ano. El micoplasma genital en el hombre, es la primera causa de la uretritis transmitida sexualmente (no es causada [&hellip;]<\/p>\n","protected":false},"author":208,"featured_media":0,"parent":0,"menu_order":0,"comment_status":"closed","ping_status":"closed","template":"","meta":[],"_links":{"self":[{"href":"https:\/\/blogs.sld.cu\/its\/wp-json\/wp\/v2\/pages\/78"}],"collection":[{"href":"https:\/\/blogs.sld.cu\/its\/wp-json\/wp\/v2\/pages"}],"about":[{"href":"https:\/\/blogs.sld.cu\/its\/wp-json\/wp\/v2\/types\/page"}],"author":[{"embeddable":true,"href":"https:\/\/blogs.sld.cu\/its\/wp-json\/wp\/v2\/users\/208"}],"replies":[{"embeddable":true,"href":"https:\/\/blogs.sld.cu\/its\/wp-json\/wp\/v2\/comments?post=78"}],"version-history":[{"count":2,"href":"https:\/\/blogs.sld.cu\/its\/wp-json\/wp\/v2\/pages\/78\/revisions"}],"predecessor-version":[{"id":108,"href":"https:\/\/blogs.sld.cu\/its\/wp-json\/wp\/v2\/pages\/78\/revisions\/108"}],"wp:attachment":[{"href":"https:\/\/blogs.sld.cu\/its\/wp-json\/wp\/v2\/media?parent=78"}],"curies":[{"name":"wp","href":"https:\/\/api.w.org\/{rel}","templated":true}]}}