{"id":8,"date":"2021-02-11T03:46:46","date_gmt":"2021-02-11T03:46:46","guid":{"rendered":"http:\/\/blogs.sld.cu\/vihsida\/?page_id=8"},"modified":"2021-11-26T22:25:15","modified_gmt":"2021-11-26T22:25:15","slug":"acerca-de","status":"publish","type":"page","link":"https:\/\/blogs.sld.cu\/its\/acerca-de\/","title":{"rendered":"Acerca de"},"content":{"rendered":"<p>Este sitio forma parte del Portal de Enfermedades de Infomed, Centro Nacional de Informaci\u00f3n de Ciencias M\u00e9dicas, que est\u00e1 constitu\u00eddo por un grupo de personas e instituciones que trabajan para que la informaci\u00f3n y el conocimiento de salud, lleguen a todos.<\/p>\n<p>Su objetivo es informar a la poblaci\u00f3n en general para que conozca todo lo relativo a estas enfermedades,que se denominan infecciones por su alta transmisi\u00f3n entre las personas y que tienen diferentesagentes causales, que pueden ser virus, bacterias, y hongos. Este conocimiento es necesario para mejorar la salud de los cubanos y de los que nos visiten.Su editora es la Dra. lidice Mederos que los conducir\u00e1 a trav\u00e8s de las p\u00e0ginas de forma interactiva y educativa.<\/p>\n","protected":false},"excerpt":{"rendered":"<p>Este sitio forma parte del Portal de Enfermedades de Infomed, Centro Nacional de Informaci\u00f3n de Ciencias M\u00e9dicas, que est\u00e1 constitu\u00eddo por un grupo de personas e instituciones que trabajan para que la informaci\u00f3n y el conocimiento de salud, lleguen a todos. Su objetivo es informar a la poblaci\u00f3n en general para que conozca todo lo [&hellip;]<\/p>\n","protected":false},"author":208,"featured_media":0,"parent":0,"menu_order":0,"comment_status":"closed","ping_status":"closed","template":"","meta":[],"_links":{"self":[{"href":"https:\/\/blogs.sld.cu\/its\/wp-json\/wp\/v2\/pages\/8"}],"collection":[{"href":"https:\/\/blogs.sld.cu\/its\/wp-json\/wp\/v2\/pages"}],"about":[{"href":"https:\/\/blogs.sld.cu\/its\/wp-json\/wp\/v2\/types\/page"}],"author":[{"embeddable":true,"href":"https:\/\/blogs.sld.cu\/its\/wp-json\/wp\/v2\/users\/208"}],"replies":[{"embeddable":true,"href":"https:\/\/blogs.sld.cu\/its\/wp-json\/wp\/v2\/comments?post=8"}],"version-history":[{"count":4,"href":"https:\/\/blogs.sld.cu\/its\/wp-json\/wp\/v2\/pages\/8\/revisions"}],"predecessor-version":[{"id":130,"href":"https:\/\/blogs.sld.cu\/its\/wp-json\/wp\/v2\/pages\/8\/revisions\/130"}],"wp:attachment":[{"href":"https:\/\/blogs.sld.cu\/its\/wp-json\/wp\/v2\/media?parent=8"}],"curies":[{"name":"wp","href":"https:\/\/api.w.org\/{rel}","templated":true}]}}