{"id":828,"date":"2012-10-28T22:49:55","date_gmt":"2012-10-28T21:49:55","guid":{"rendered":"http:\/\/blogviejo.sld.cu\/jorgedelgado\/?page_id=828"},"modified":"2012-10-28T22:49:55","modified_gmt":"2012-10-28T21:49:55","slug":"filiales","status":"publish","type":"page","link":"https:\/\/blogs.sld.cu\/jorgedelgado\/filiales\/","title":{"rendered":"Filiales"},"content":{"rendered":"<p>La Sociedad Cubana de Obstetricia y Ginecolog\u00eda cuenta con filiales e casi todas las provincias del pa\u00eds. Las mismas agrupan a los especialistas de la atenci\u00f3n primaria y secundaria en los territorios.<\/p>\n<p>Hasta el momento, posee representaciones en las provincias de:<\/p>\n<ul>\n<li>Pinar del R\u00edo<\/li>\n<li>Matanzas<\/li>\n<li>Villa Clara<\/li>\n<li>Sancti spiritus<\/li>\n<li>Cienfuegos<\/li>\n<li>Camag\u00fcey<\/li>\n<li>Ciego de \u00c1vila<\/li>\n<li>Las Tunas<\/li>\n<li>Holgu\u00edn<\/li>\n<li>Granma<\/li>\n<li>Santiago de Cuba y<\/li>\n<li>Guant\u00e1namo<\/li>\n<\/ul>\n<p>Cada una de estas filiales posee un Ejecutivo. Los cargos del mismo est\u00e1n designados seg\u00fan las funciones que realiza dicha filial en inter\u00e9s de la Salud sexual y reproductiva de la mujer de todas las edades en su territorio y las propias de la secci\u00f3n con el objetivo de llevar a cabo el trabajo de investigaci\u00f3n y diseminaci\u00f3n cient\u00edficas en el mismo.<\/p>\n","protected":false},"excerpt":{"rendered":"<p>La Sociedad Cubana de Obstetricia y Ginecolog\u00eda cuenta con filiales e casi todas las provincias del pa\u00eds. Las mismas agrupan a los especialistas de la atenci\u00f3n primaria y secundaria en los territorios. Hasta el momento, posee representaciones en las provincias de: Pinar del R\u00edo Matanzas Villa Clara Sancti spiritus Cienfuegos Camag\u00fcey Ciego de \u00c1vila Las [&hellip;]<\/p>\n","protected":false},"author":151,"featured_media":0,"parent":0,"menu_order":3,"comment_status":"closed","ping_status":"closed","template":"archives.php","meta":[],"_links":{"self":[{"href":"https:\/\/blogs.sld.cu\/jorgedelgado\/wp-json\/wp\/v2\/pages\/828"}],"collection":[{"href":"https:\/\/blogs.sld.cu\/jorgedelgado\/wp-json\/wp\/v2\/pages"}],"about":[{"href":"https:\/\/blogs.sld.cu\/jorgedelgado\/wp-json\/wp\/v2\/types\/page"}],"author":[{"embeddable":true,"href":"https:\/\/blogs.sld.cu\/jorgedelgado\/wp-json\/wp\/v2\/users\/151"}],"replies":[{"embeddable":true,"href":"https:\/\/blogs.sld.cu\/jorgedelgado\/wp-json\/wp\/v2\/comments?post=828"}],"version-history":[{"count":0,"href":"https:\/\/blogs.sld.cu\/jorgedelgado\/wp-json\/wp\/v2\/pages\/828\/revisions"}],"wp:attachment":[{"href":"https:\/\/blogs.sld.cu\/jorgedelgado\/wp-json\/wp\/v2\/media?parent=828"}],"curies":[{"name":"wp","href":"https:\/\/api.w.org\/{rel}","templated":true}]}}