{"id":835,"date":"2012-10-28T23:07:09","date_gmt":"2012-10-28T22:07:09","guid":{"rendered":"http:\/\/blogviejo.sld.cu\/jorgedelgado\/?page_id=835"},"modified":"2012-10-28T23:07:09","modified_gmt":"2012-10-28T22:07:09","slug":"secciones","status":"publish","type":"page","link":"https:\/\/blogs.sld.cu\/jorgedelgado\/secciones\/","title":{"rendered":"Secciones"},"content":{"rendered":"<p>La Sociedad Cubana de Obstetricia y Ginecolog\u00eda cuenta con las siguientes Secciones:<\/p>\n<ul>\n<li>Medicina materno fetal y perinatal<\/li>\n<li>Ginecolog\u00eda infanto juvenil<\/li>\n<li>Patolog\u00eda del tracto genital inferior y colposcopia<\/li>\n<li>Ultrasonograf\u00eda<\/li>\n<\/ul>\n<p>Adem\u00e1s, posee grupos de trabajo en las siguientes \u00e1reas:<\/p>\n<ul>\n<li>Oncolog\u00eda ginecol\u00f3gica<\/li>\n<li>Derechos sexuales y reproductivos<\/li>\n<li>Planificaci\u00f3n familiar y aborto<\/li>\n<li>Nutrici\u00f3n de la mujer<\/li>\n<\/ul>\n","protected":false},"excerpt":{"rendered":"<p>La Sociedad Cubana de Obstetricia y Ginecolog\u00eda cuenta con las siguientes Secciones: Medicina materno fetal y perinatal Ginecolog\u00eda infanto juvenil Patolog\u00eda del tracto genital inferior y colposcopia Ultrasonograf\u00eda Adem\u00e1s, posee grupos de trabajo en las siguientes \u00e1reas: Oncolog\u00eda ginecol\u00f3gica Derechos sexuales y reproductivos Planificaci\u00f3n familiar y aborto Nutrici\u00f3n de la mujer<\/p>\n","protected":false},"author":151,"featured_media":0,"parent":0,"menu_order":2,"comment_status":"closed","ping_status":"closed","template":"","meta":[],"_links":{"self":[{"href":"https:\/\/blogs.sld.cu\/jorgedelgado\/wp-json\/wp\/v2\/pages\/835"}],"collection":[{"href":"https:\/\/blogs.sld.cu\/jorgedelgado\/wp-json\/wp\/v2\/pages"}],"about":[{"href":"https:\/\/blogs.sld.cu\/jorgedelgado\/wp-json\/wp\/v2\/types\/page"}],"author":[{"embeddable":true,"href":"https:\/\/blogs.sld.cu\/jorgedelgado\/wp-json\/wp\/v2\/users\/151"}],"replies":[{"embeddable":true,"href":"https:\/\/blogs.sld.cu\/jorgedelgado\/wp-json\/wp\/v2\/comments?post=835"}],"version-history":[{"count":0,"href":"https:\/\/blogs.sld.cu\/jorgedelgado\/wp-json\/wp\/v2\/pages\/835\/revisions"}],"wp:attachment":[{"href":"https:\/\/blogs.sld.cu\/jorgedelgado\/wp-json\/wp\/v2\/media?parent=835"}],"curies":[{"name":"wp","href":"https:\/\/api.w.org\/{rel}","templated":true}]}}