{"id":838,"date":"2012-10-28T23:11:24","date_gmt":"2012-10-28T22:11:24","guid":{"rendered":"http:\/\/blogviejo.sld.cu\/jorgedelgado\/?page_id=838"},"modified":"2012-10-28T23:11:24","modified_gmt":"2012-10-28T22:11:24","slug":"acerca-de-2","status":"publish","type":"page","link":"https:\/\/blogs.sld.cu\/jorgedelgado\/acerca-de-2\/","title":{"rendered":"Acerca de&#8230;"},"content":{"rendered":"<p>La Sociedad Cubana de Obstetricia y Ginecolog\u00eda es una organizaci\u00f3n no gubernamental que agrupa a los especialistas de esta rama de las ciencias m\u00e9dicas en nuestro pa\u00eds con la finalidad de promover el intercambio y desarrollo cient\u00edficos en inter\u00e9s de incrementar la calidad de la docencia y la asistencia m\u00e9dicas que prestan los mismos a la salud sexual y reproductiva de la mujer cubana y en los pa\u00edses en que Cuba mantiene colaboraci\u00f3n en esta \u00e1rea.<\/p>\n","protected":false},"excerpt":{"rendered":"<p>La Sociedad Cubana de Obstetricia y Ginecolog\u00eda es una organizaci\u00f3n no gubernamental que agrupa a los especialistas de esta rama de las ciencias m\u00e9dicas en nuestro pa\u00eds con la finalidad de promover el intercambio y desarrollo cient\u00edficos en inter\u00e9s de incrementar la calidad de la docencia y la asistencia m\u00e9dicas que prestan los mismos a [&hellip;]<\/p>\n","protected":false},"author":151,"featured_media":0,"parent":0,"menu_order":1,"comment_status":"closed","ping_status":"closed","template":"archives.php","meta":[],"_links":{"self":[{"href":"https:\/\/blogs.sld.cu\/jorgedelgado\/wp-json\/wp\/v2\/pages\/838"}],"collection":[{"href":"https:\/\/blogs.sld.cu\/jorgedelgado\/wp-json\/wp\/v2\/pages"}],"about":[{"href":"https:\/\/blogs.sld.cu\/jorgedelgado\/wp-json\/wp\/v2\/types\/page"}],"author":[{"embeddable":true,"href":"https:\/\/blogs.sld.cu\/jorgedelgado\/wp-json\/wp\/v2\/users\/151"}],"replies":[{"embeddable":true,"href":"https:\/\/blogs.sld.cu\/jorgedelgado\/wp-json\/wp\/v2\/comments?post=838"}],"version-history":[{"count":0,"href":"https:\/\/blogs.sld.cu\/jorgedelgado\/wp-json\/wp\/v2\/pages\/838\/revisions"}],"wp:attachment":[{"href":"https:\/\/blogs.sld.cu\/jorgedelgado\/wp-json\/wp\/v2\/media?parent=838"}],"curies":[{"name":"wp","href":"https:\/\/api.w.org\/{rel}","templated":true}]}}